{"id":10146,"date":"2026-02-23T17:02:35","date_gmt":"2026-02-23T16:02:35","guid":{"rendered":"https:\/\/prix.formesdeluxe.com\/?page_id=10146"},"modified":"2026-04-09T15:47:08","modified_gmt":"2026-04-09T13:47:08","slug":"la-competition-de-2026","status":"publish","type":"page","link":"https:\/\/prix.formesdeluxe.com\/fr\/la-competition-de-2026\/","title":{"rendered":"La comp\u00e9tition de 2026"},"content":{"rendered":"<div  class=\"strate alignfull has-background-color-opacity-100\" style=\" background-position: 50% 50%;\"><div class=\"centrage\">\n<div data-anchor-libelle=\"Informations sur la Comp\u00e9tition\" class=\"block-anchor\" id=\"informations-sur-la-competition\"><\/div>\n\n\n<h2 class=\"has-text-align-center\">Informations concernant les modalit\u00e9s de la comp\u00e9tition<\/h2>\n\n\n\n<h3 class=\"has-text-align-center\">28\u00e8me \u00e9dition<\/h3>\n\n\n<hr class=\"separator separator--center separator--line  separator--thickness-1 separator--md\"\/>\n\n\n<p class=\"has-text-align-center has-medium-font-size\">Formes de Luxe Awards, le concours de r\u00e9f\u00e9rence du packaging de luxe cr\u00e9atif, r\u00e9compense chaque ann\u00e9e les meilleures innovations de l\u2019industrie du packaging de luxe.<\/p>\n\n\n\n<p class=\"has-text-align-center has-medium-font-size\">L&#8217;\u00e9v\u00e8nement incontournable de l&#8217;industrie du packaging de luxe au c\u0153ur du Salon Luxe Pack Monaco.<\/p>\n\n\n<div  class=\"strate alignfull has-background-color-opacity-100\" style=\" background-position: 50% 50%;\"><div class=\"centrage\">\n\n<h2 class=\"has-text-align-center\">Les Dates cl\u00e9s<\/h2>\n\n\n\n<figure class=\"wp-block-table is-style-stripes\"><table class=\"has-fixed-layout\"><tbody><tr><td class=\"has-text-align-center\" data-align=\"center\">Tarif Early Bird<\/td><td class=\"has-text-align-center\" data-align=\"center\">Du 3 Mars au 17 Avril<\/td><\/tr><tr><td class=\"has-text-align-center\" data-align=\"center\">Tarif standard<\/td><td class=\"has-text-align-center\" data-align=\"center\">Du 18 Avril au 15 Juin<\/td><\/tr><tr><td class=\"has-text-align-center\" data-align=\"center\">Annonce des nomin\u00e9s<\/td><td class=\"has-text-align-center\" data-align=\"center\">Le 24 Ao\u00fbt<\/td><\/tr><tr><td class=\"has-text-align-center\" data-align=\"center\">D\u00e9lib\u00e9ration du Jury<\/td><td class=\"has-text-align-center\" data-align=\"center\">Le 4 Septembre<\/td><\/tr><tr><td class=\"has-text-align-center\" data-align=\"center\">C\u00e9r\u00e9monie des Prix Formes de Luxe<\/td><td class=\"has-text-align-center\" data-align=\"center\">Le 28 Septembre<\/td><\/tr><tr><td class=\"has-text-align-center\" data-align=\"center\"><\/td><td class=\"has-text-align-center\" data-align=\"center\"><\/td><\/tr><\/tbody><\/table><\/figure>\n\n<\/div><\/div>\n\n<div  class=\"strate alignfull has-background-color-opacity-100\" style=\" background-position: 50% 50%;\"><div class=\"centrage\">\n\n<h2 class=\"has-text-align-center\">Prix &amp; Offre<\/h2>\n\n\n\n<div class=\"has-2-columns wp-block-columns\">\n<div class=\" wp-block-column\"><section class=\"card-simple has-box-shadow has-text-align-center\" style=\"box-shadow:0px 5px 15px  rgba(0,0,0,0.1);\"><div><div class=\"card-simple__cont-infos\"><h3 class=\"card-simple__titre \">Tarif Early Bird <\/h3><div class=\"card-simple__content\"><p>1 210\u20ac Hors TVA jusqu&#8217;au 17 avril<\/p><\/div><\/div><\/div><\/section><\/div>\n\n\n\n<div class=\" wp-block-column\"><section class=\"card-simple has-box-shadow has-text-align-center\" style=\"box-shadow:0px 5px 15px  rgba(0,0,0,0.1);\"><div><div class=\"card-simple__cont-infos\"><h3 class=\"card-simple__titre \">Standard Rate<\/h3><div class=\"card-simple__content\"><p>1 565\u20ac hors TVA jusqu&#8217;au 15 juin<\/p><\/div><\/div><\/div><\/section><\/div>\n<\/div>\n\n\n\n<div class=\"has-1-columns wp-block-columns\">\n<div class=\" wp-block-column\"><section class=\"card-simple has-box-shadow has-text-align-center\" style=\"box-shadow:0px 5px 15px  rgba(0,0,0,0.1);\"><div><div class=\"card-simple__cont-infos\"><h3 class=\"card-simple__titre \">Offre group\u00e9e \u00e0 partir de 3 produits<\/h3><div class=\"card-simple__content\"><p>\u20135 % sur chaque dossier de candidature d\u00e8s le 3\u1d49 produit enregistr\u00e9<\/p><\/div><\/div><\/div><\/section>\n\n<div  class=\"strate alignfull has-background-color-opacity-100\" style=\" background-position: 50% 50%;\"><div class=\"centrage\">\n<div data-anchor-libelle=\"Pourquoi Participer ?\" class=\"block-anchor\" id=\"pourquoi-participer\"><\/div>\n\n\n<h2 class=\"has-text-align-center\">Pourquoi candidater<\/h2>\n\n\n<hr class=\"separator separator--center separator--line  separator--thickness-1 separator--md\"\/>\n\n<section style=\"\" class=\"media-text       media-text--img-50  media-text--content-align-vertical-middle media-text--media-align-vertical-middle   media-text--img-cover\" ><div class=\"centrage media-text__layout\"><figure class=\"media-text__media\" style=\"background-image: url(https:\/\/prix.formesdeluxe.com\/app\/uploads\/2026\/01\/FDL-2025_0007-2-1200x800.jpg); background-position: 50% 50%; \"><img src=\"https:\/\/prix.formesdeluxe.com\/app\/uploads\/2026\/01\/FDL-2025_0007-2-1200x800.jpg\" width=\"1200\" height=\"800\" alt=\"\" style=\"\" \/><\/figure><div class=\"media-text__content\">\n\n<h6 class=\"has-black-color has-text-color\">Present your product and receive exceptional visibility<\/h6>\n\n\n\n<ul><li>Dans le magazine Formes de Luxe , et sur formesdeluxe.com<\/li><li>Les produits seront pr\u00e9sent\u00e9s dans le num\u00e9ro d\u2019automne du magazine Formes de Luxe, et les laur\u00e9ats dans le num\u00e9ro d\u2019hiver, ainsi que sur formesdeluxe.com.<\/li><li>Via les newsletters et les r\u00e9seaux sociaux de Formes de Luxe pendant plus de 6 mois<\/li><li>Tous les produits des candidats seront expos\u00e9s au c\u0153ur du salon Luxe Pack Monaco<\/li><\/ul>\n\n\n\n<h6 class=\"has-black-color has-text-color\">Mettez en lumi\u00e8re vos innovations<\/h6>\n\n\n\n<ul><li>Devant un membre de jury d&#8217;expert<\/li><\/ul>\n\n\n\n<h6 class=\"has-black-color has-text-color\">Faites des rencontres et d\u00e9veloppez votre r\u00e9seau<\/h6>\n\n\n\n<ul><li>Avec les d\u00e9cideurs de l\u2019industrie du luxe, lors d\u2019une c\u00e9r\u00e9monie et d\u2019un cocktail de networking, dans un cadre unique r\u00e9serv\u00e9 aux candidats, sponsors et aux marques.<\/li><\/ul>\n\n\n\n<h6 class=\"has-black-color has-text-color\">Mettez en avant votre savoir-faire<\/h6>\n\n\n\n<ul><li>Aupr\u00e8s d&#8217;acteurs cl\u00e9s de l&#8217;industrie du packaging de luxe<\/li><\/ul>\n\n<\/div><\/div><\/section>\n<\/div><\/div>\n\n<div  class=\"strate alignfull has-background-color-opacity-100\" style=\" background-position: 50% 50%;\"><div class=\"centrage\">\n<div data-anchor-libelle=\"Crit\u00e8res d'\u00e9valuation\" class=\"block-anchor\" id=\"criteres-devaluation\"><\/div>\n\n\n<h2 class=\"has-text-align-center\"> CRIT\u00c8RES D&#8217;<strong>\u00c9<\/strong>VALUATION<\/h2>\n\n\n<hr class=\"separator separator--center separator--line  separator--thickness-1 separator--md\"\/>\n\n\n<h6 class=\"has-black-color has-text-color\">L&#8217;\u00e9ligibilit\u00e9 du produit<\/h6>\n\n\n\n<ul><li><strong>Votre entreprise a d\u00e9velopp\u00e9 un packaging produit innovant, lanc\u00e9 sur le march\u00e9 apr\u00e8s le 1er juin 2025.<\/strong><\/li><li><strong>Accord de la marque pour l\u2019inscription du produit au concours.<\/strong><\/li><\/ul>\n\n\n\n<h6 class=\"has-black-color has-text-color\"><strong>Crit\u00e8res de remise d&#8217;un prix<\/strong><\/h6>\n\n\n\n<p><strong>Tous les produits sont jug\u00e9s par un panel de professionnels du packaging de luxe qui se base sur les crit\u00e8res suivants :<\/strong><\/p>\n\n\n\n<ul><li><strong>L&#8217;innovation<\/strong><\/li><li><strong>Les d\u00e9fis li\u00e9 \u00e0 la fabrication<\/strong><\/li><li><strong>La qualit\u00e9 des finitions du produit &amp; son esth\u00e9tisme<\/strong><\/li><li><strong>La durabilit\u00e9 du produit<\/strong><\/li><\/ul>\n\n\n<div  class=\"strate alignfull has-background-color-opacity-100\" style=\" background-position: 50% 50%;\"><div class=\"centrage\">\n<div data-anchor-libelle=\"Cat\u00e9gories\" class=\"block-anchor\" id=\"categories\"><\/div>\n\n\n<h2 class=\"has-text-align-center\">Cat\u00e9gories*<\/h2>\n\n\n\n<p>*Susceptible d&#8217;\u00e9voluer<\/p>\n\n\n<hr class=\"separator separator--center separator--line  separator--thickness-1 separator--md\"\/>\n\n\n<div class=\"has-3-columns wp-block-columns\">\n<div class=\" wp-block-column\">\n<p class=\"has-text-align-center has-white-color has-color-2-background-color has-text-color has-background has-medium-font-size\">\u2022 <strong>Ornements<\/strong><\/p>\n\n\n\n<p class=\"has-text-align-center has-white-color has-color-2-background-color has-text-color has-background has-medium-font-size\"><strong>\u2022 Applicateurs<\/strong><\/p>\n\n\n\n<p class=\"has-text-align-center has-white-color has-color-2-background-color has-text-color has-background has-medium-font-size\"><strong>\u2022 Beauty Tech <\/strong><\/p>\n\n\n\n<p class=\"has-text-align-center has-white-color has-color-2-background-color has-text-color has-background has-medium-font-size\"><strong>\u2022 Bouteille : Vins, spiritueux et boissons<\/strong><\/p>\n\n\n\n<p class=\"has-text-align-center has-white-color has-color-2-background-color has-text-color has-background has-medium-font-size\"><strong>\u2022 Flaconnage : Parfums &amp; Beaut\u00e9<\/strong><\/p>\n\n\n\n<p class=\"has-text-align-center has-white-color has-color-2-background-color has-text-color has-background has-medium-font-size\">\u2022 <strong>Bougies &amp; Diffuseurs de parfum<\/strong><\/p>\n\n\n\n<p class=\"has-text-align-center has-white-color has-color-2-background-color has-text-color has-background has-medium-font-size\"><strong>\u2022 Bouchage : Beaut\u00e9 &amp; parfums<\/strong><\/p>\n<\/div>\n\n\n\n<div class=\" wp-block-column\">\n<p class=\"has-text-align-center has-white-color has-color-2-background-color has-text-color has-background has-medium-font-size\"><strong>\u2022Bouchage : Vins &amp; spiritueux&nbsp;<\/strong><\/p>\n\n\n\n<p class=\"has-text-align-center has-white-color has-color-2-background-color has-text-color has-background has-medium-font-size\"><strong>\u2022 Coffret : Champagne, vins &amp; spiritueux <\/strong><\/p>\n\n\n\n<p class=\"has-text-align-center has-white-color has-color-2-background-color has-text-color has-background has-medium-font-size\">\u2022 <strong>Coffret: Spiritueux<\/strong><\/p>\n\n\n\n<p class=\"has-text-align-center has-white-color has-color-2-background-color has-text-color has-background has-medium-font-size\">\u2022 <strong>Coffret:\u202fParfums &amp; Beaut\u00e9<\/strong><\/p>\n\n\n\n<p class=\"has-text-align-center has-white-color has-color-2-background-color has-text-color has-background has-medium-font-size\">\u2022 <strong>Coffret:\u202fLifestyle <\/strong><\/p>\n\n\n\n<p class=\"has-text-align-center has-white-color has-color-2-background-color has-text-color has-background has-medium-font-size\">\u2022 <strong>Partenariats : Beaut\u00e9<\/strong><\/p>\n\n\n\n<p class=\"has-text-align-center has-white-color has-color-2-background-color has-text-color has-background has-medium-font-size\">\u2022 <strong>Partenariats : Cosm\u00e9tiques<\/strong> <\/p>\n\n\n\n<p class=\"has-text-align-center has-white-color has-color-2-background-color has-text-color has-background has-medium-font-size\">\u2022 <strong>Maquillage<\/strong><\/p>\n<\/div>\n\n\n\n<div class=\" wp-block-column\">\n<p class=\"has-text-align-center has-white-color has-color-2-background-color has-text-color has-background has-medium-font-size\">\u2022 <strong>Dispensing <\/strong><\/p>\n\n\n\n<p class=\"has-text-align-center has-white-color has-color-2-background-color has-text-color has-background has-medium-font-size\"><strong>\u2022 Artisanat d\u2019art <\/strong><\/p>\n\n\n\n<p class=\"has-text-align-center has-white-color has-color-2-background-color has-text-color has-background has-medium-font-size\"><strong>\u2022 Finitions &amp; D\u00e9corations<\/strong><\/p>\n\n\n\n<p class=\"has-text-align-center has-white-color has-color-2-background-color has-text-color has-background has-medium-font-size\"><strong>\u2022 \u00c9tuis pliants <\/strong><\/p>\n\n\n\n<p class=\"has-text-align-center has-white-color has-color-2-background-color has-text-color has-background has-medium-font-size\">\u2022 <strong>Marques Indie<\/strong> &#8211; <em>Marques uniquement (cat\u00e9gorie r\u00e9serv\u00e9e exclusivement \u00e0 la marque elle-m\u00eame pour mettre en valeur l&#8217;ensemble de son packaging)<\/em><\/p>\n\n\n\n<p class=\"has-text-align-center has-white-color has-color-2-background-color has-text-color has-background has-medium-font-size\">\u2022 <strong>Calage<\/strong><\/p>\n\n\n\n<p class=\"has-text-align-center has-white-color has-color-2-background-color has-text-color has-background has-medium-font-size\"><strong>\u2022 \u00c9tiquettes<\/strong><\/p>\n\n\n\n<p class=\"has-text-align-center has-white-color has-color-2-background-color has-text-color has-background has-medium-font-size\"><strong>\u2022 Nouveaux Mat\u00e9riaux<\/strong> \u2013\u00a0<em>fournisseurs uniquement<\/em><\/p>\n<\/div>\n<\/div>\n\n\n\n<h2 class=\"has-text-align-center\">PARTENAIRES 2026<\/h2>\n\n\n\n<div class=\"has-3-columns wp-block-columns alignwide are-vertically-aligned-center is-style-jc-space-between\">\n<div class=\" wp-block-column is-vertically-aligned-center\" style=\"flex-basis:25%\"><figure  class=\"block-img is-style-default alignwide width-100 only-all\"><a href=\"https:\/\/prix.formesdeluxe.com\/2026-partners\/devpack-2026\/\" target=\"_blank\"><img class=\"\" style=\"\" src=\"https:\/\/prix.formesdeluxe.com\/app\/uploads\/2026\/02\/3.png\" alt=\"\" width=\"2000\" height=\"1000\"><\/a><\/figure><\/div>\n\n\n\n<div class=\" wp-block-column\" style=\"flex-basis:25%\"><figure  class=\"block-img is-style-default alignwide width-100 only-all\"><a href=\"https:\/\/prix.formesdeluxe.com\/2026-partners\/nuon-2026\/\" target=\"_blank\"><img class=\"\" style=\"\" src=\"https:\/\/prix.formesdeluxe.com\/app\/uploads\/2026\/02\/2.jpg\" alt=\"\" width=\"2000\" height=\"1000\"><\/a><\/figure><\/div>\n\n\n\n<div class=\" wp-block-column\" style=\"flex-basis:25%\"><figure  class=\"block-img is-style-default alignwide width-100 only-all\"><a href=\"https:\/\/prix.formesdeluxe.com\/2026-partners\/visit-monaco-2026\/\" target=\"_blank\"><img class=\"\" style=\"\" src=\"https:\/\/prix.formesdeluxe.com\/app\/uploads\/2026\/02\/1.png\" alt=\"\" width=\"2000\" height=\"1000\"><\/a><\/figure><\/div>\n<\/div>\n\n<\/div><\/div>\n<\/div><\/div><\/div>\n<\/div>\n\n<\/div><\/div>\n<\/div><\/div>","protected":false},"excerpt":{"rendered":"","protected":false},"author":18,"featured_media":0,"parent":0,"menu_order":0,"comment_status":"closed","ping_status":"closed","template":"","meta":[],"yoast_head":"<!-- This site is optimized with the Yoast SEO plugin v15.9.2 - https:\/\/yoast.com\/wordpress\/plugins\/seo\/ -->\n<meta name=\"robots\" content=\"index, follow, max-snippet:-1, max-image-preview:large, max-video-preview:-1\" \/>\n<link rel=\"canonical\" href=\"https:\/\/prix.formesdeluxe.com\/fr\/la-competition-de-2026\/\" \/>\n<meta property=\"og:locale\" content=\"fr_FR\" \/>\n<meta property=\"og:type\" content=\"article\" \/>\n<meta property=\"og:title\" content=\"La comp\u00e9tition de 2026 - Prix Formes de Luxe\" \/>\n<meta property=\"og:url\" content=\"https:\/\/prix.formesdeluxe.com\/fr\/la-competition-de-2026\/\" \/>\n<meta property=\"og:site_name\" content=\"Prix Formes de Luxe\" \/>\n<meta property=\"article:modified_time\" content=\"2026-04-09T13:47:08+00:00\" \/>\n<meta name=\"twitter:card\" content=\"summary_large_image\" \/>\n<meta name=\"twitter:label1\" content=\"Est. reading time\">\n\t<meta name=\"twitter:data1\" content=\"2 minutes\">\n<script type=\"application\/ld+json\" class=\"yoast-schema-graph\">{\"@context\":\"https:\/\/schema.org\",\"@graph\":[{\"@type\":\"WebSite\",\"@id\":\"https:\/\/prix.formesdeluxe.com\/#website\",\"url\":\"https:\/\/prix.formesdeluxe.com\/\",\"name\":\"Prix Formes de Luxe\",\"description\":\"Un site utilisant WordPress\",\"potentialAction\":[{\"@type\":\"SearchAction\",\"target\":\"https:\/\/prix.formesdeluxe.com\/?s={search_term_string}\",\"query-input\":\"required name=search_term_string\"}],\"inLanguage\":\"fr-FR\"},{\"@type\":\"WebPage\",\"@id\":\"https:\/\/prix.formesdeluxe.com\/fr\/la-competition-de-2026\/#webpage\",\"url\":\"https:\/\/prix.formesdeluxe.com\/fr\/la-competition-de-2026\/\",\"name\":\"La comp\\u00e9tition de 2026 - Prix Formes de Luxe\",\"isPartOf\":{\"@id\":\"https:\/\/prix.formesdeluxe.com\/#website\"},\"datePublished\":\"2026-02-23T16:02:35+00:00\",\"dateModified\":\"2026-04-09T13:47:08+00:00\",\"breadcrumb\":{\"@id\":\"https:\/\/prix.formesdeluxe.com\/fr\/la-competition-de-2026\/#breadcrumb\"},\"inLanguage\":\"fr-FR\",\"potentialAction\":[{\"@type\":\"ReadAction\",\"target\":[\"https:\/\/prix.formesdeluxe.com\/fr\/la-competition-de-2026\/\"]}]},{\"@type\":\"BreadcrumbList\",\"@id\":\"https:\/\/prix.formesdeluxe.com\/fr\/la-competition-de-2026\/#breadcrumb\",\"itemListElement\":[{\"@type\":\"ListItem\",\"position\":1,\"item\":{\"@type\":\"WebPage\",\"@id\":\"https:\/\/prix.formesdeluxe.com\/fr\/\",\"url\":\"https:\/\/prix.formesdeluxe.com\/fr\/\",\"name\":\"Home\"}},{\"@type\":\"ListItem\",\"position\":2,\"item\":{\"@type\":\"WebPage\",\"@id\":\"https:\/\/prix.formesdeluxe.com\/fr\/la-competition-de-2026\/\",\"url\":\"https:\/\/prix.formesdeluxe.com\/fr\/la-competition-de-2026\/\",\"name\":\"La comp\\u00e9tition de 2026\"}}]}]}<\/script>\n<!-- \/ Yoast SEO plugin. -->","_links":{"self":[{"href":"https:\/\/prix.formesdeluxe.com\/fr\/wp-json\/wp\/v2\/pages\/10146"}],"collection":[{"href":"https:\/\/prix.formesdeluxe.com\/fr\/wp-json\/wp\/v2\/pages"}],"about":[{"href":"https:\/\/prix.formesdeluxe.com\/fr\/wp-json\/wp\/v2\/types\/page"}],"author":[{"embeddable":true,"href":"https:\/\/prix.formesdeluxe.com\/fr\/wp-json\/wp\/v2\/users\/18"}],"replies":[{"embeddable":true,"href":"https:\/\/prix.formesdeluxe.com\/fr\/wp-json\/wp\/v2\/comments?post=10146"}],"version-history":[{"count":7,"href":"https:\/\/prix.formesdeluxe.com\/fr\/wp-json\/wp\/v2\/pages\/10146\/revisions"}],"predecessor-version":[{"id":10261,"href":"https:\/\/prix.formesdeluxe.com\/fr\/wp-json\/wp\/v2\/pages\/10146\/revisions\/10261"}],"wp:attachment":[{"href":"https:\/\/prix.formesdeluxe.com\/fr\/wp-json\/wp\/v2\/media?parent=10146"}],"curies":[{"name":"wp","href":"https:\/\/api.w.org\/{rel}","templated":true}]}}