{"id":10152,"date":"2026-02-24T13:55:10","date_gmt":"2026-02-24T12:55:10","guid":{"rendered":"https:\/\/prix.formesdeluxe.com\/?page_id=10152"},"modified":"2026-04-09T15:48:27","modified_gmt":"2026-04-09T13:48:27","slug":"regle-de-la-competition-2026","status":"publish","type":"page","link":"https:\/\/prix.formesdeluxe.com\/fr\/regle-de-la-competition-2026\/","title":{"rendered":"R\u00e8gle de la comp\u00e9tition 2026"},"content":{"rendered":"<div  class=\"strate alignfull has-background-color-opacity-100\" style=\" background-position: 50% 50%;\"><div class=\"centrage\">\n\n<h6><strong>ARTICLE 1 \u2013ORGANISATEUR ET REMISE DES PRIX FORMES DE LUXE<\/strong><\/h6>\n\n\n\n<p><strong>Les prix Formes de Luxe auront lieu du 3  Mars au 14 Juin 2026 et sont organis\u00e9s par :<\/strong><\/p>\n\n\n\n<p><strong><strong>ETAI (ci-apr\u00e8s l\u2019Organisateur) soci\u00e9t\u00e9 appartenant au groupe INFOPRO DIGITAL<\/strong><\/strong><\/p>\n\n\n\n<p>Capital 57&nbsp;029 328 euros &#8211; RCS Cr\u00e9teil : <a>806 420 360<\/a><\/p>\n\n\n\n<p>Bureaux enregistr\u00e9s au : 20, rue des Aqueducs &#8211; 94250 Gentilly &#8211; FRANCE<\/p>\n\n\n\n<p>Les Formes de Luxe Awards r\u00e9compensent les fabricants d&#8217;emballages et leurs marques partenaires pour l&#8217;innovation de leurs packagings de produits de luxe.<\/p>\n\n\n\n<h6><strong>ARTICLE 2 &#8211; PRIX\u2013 CAT<strong>\u00c9<\/strong><\/strong>GORIES<\/h6>\n\n\n\n<p>L\u2019Organisateur a retenu un maximum de 23 prix (sous r\u00e9serve d\u2019un nombre suffisant de dossiers par cat\u00e9gorie)<\/p>\n\n\n\n<ol><li>Ornements<\/li><li>Applicateurs <\/li><li>Beauty tech <\/li><li>Bouteille: Vins, spiritueux &amp; boissons<\/li><li>Flaconnage<\/li><li>Bougies &amp; Diffuseurs de parfum<\/li><li>Bouchage : Beaut\u00e9 &amp; parfums<\/li><li>Bouchage : Vins &amp; spiritueux<\/li><li>Coffret:\u202fChampagne &amp;\u202fvins<\/li><li>Coffret: Spiritueux<\/li><li>Coffret: Parfums &amp; cosm\u00e9tique<\/li><li>Coffret:\u202fLifestyle <\/li><li>Collabs: Beaut\u00e9<\/li><li>Partenariats: Vins &amp; spiritueux <\/li><li>Maquillage<\/li><li>Dispensing <\/li><li>Artisanat d&#8217;Art<\/li><li>D\u00e9cor &amp; parach\u00e8vement<\/li><li>Marques Indie<\/li><li><strong>\u00c9<\/strong>tuis pliants<\/li><li>Calages<\/li><li><strong>\u00c9<\/strong>tiquettes<\/li><li>Nouveaux mat\u00e9riaux<\/li><\/ol>\n\n\n\n<h6><strong>ARTICLE 3 &#8211; LES CANDIDATURES<\/strong><\/h6>\n\n\n\n<ol><li><strong><strong>POUR PARTICIPER AU CONCOURS DES PRIX FORMES DE LUXE, LES CANDIDATS DOIVENT IMPERATIVEMENT :<\/strong><\/strong><\/li><\/ol>\n\n\n\n<p><strong>a)<\/strong> Etre fabricant fran\u00e7ais ou \u00e9tranger d\u2019emballages de produits finis de luxe (parfumerie, cosm\u00e9tiques, vins et spiritueux, \u00e9picerie fine, joaillerie, etc.) dans l\u2019une des cat\u00e9gories ci-dessus&nbsp;;<\/p>\n\n\n\n<p><strong>b)<\/strong> \u00eatre titulaire et\/ou disposer des autorisations des titulaires de propri\u00e9t\u00e9 intellectuelle permettant de pr\u00e9senter le produit ou une partie du produit (exclusivit\u00e9 et\/ou ma\u00eetrise d\u2019\u0153uvre) commercialis\u00e9 sur le march\u00e9 depuis juin 2025, notamment autorisation du propri\u00e9taire de la marque associ\u00e9e ;<strong><\/strong><\/p>\n\n\n\n<p><strong>c)<\/strong> Certifier que les produits inscrits sont conformes \u00e0 toute loi et r\u00e9glementation en vigueur (fran\u00e7aise et\/ou \u00e9trang\u00e8re) qui les r\u00e9gissent (s\u00e9curit\u00e9, l\u00e9gislation de l\u2019environnement, propri\u00e9t\u00e9 intellectuelle\u2026) et garantit l\u2019Organisateur de tout recours \u00e0 cet \u00e9gard. L&#8217;entreprise s&#8217;engage \u00e0 fournir, \u00e0 la demande, les preuves de conformit\u00e9 \u00e0 la r\u00e9glementation en vigueur et de commercialisation au cours de la p\u00e9riode susmentionn\u00e9e.<\/p>\n\n\n\n<p><strong>d)<\/strong> s\u2019inscrire en ligne en t\u00e9l\u00e9chargeant et compl\u00e9tant le bulletin d\u2019inscription et la fiche de candidature sur&nbsp;<a href=\"http:\/\/prix.formesdeluxe.com\/\">http:\/\/prix.formesdeluxe.com\/<\/a>. Le dossier doit \u00eatre envoy\u00e9 compl\u00e9t\u00e9 au plus tard le 14 juin 2026 \u00e0 ETAI comme indiqu\u00e9 ci-dessous<\/p>\n\n\n\n<p><strong>e) <u>Acquitter le droit d&#8217;inscription de 1565 \u20ac HT par produit candidat<\/u><\/strong><\/p>\n\n\n\n<p>La date limite des inscriptions et d&#8217;envoi des \u00e9l\u00e9ments est fix\u00e9e au <strong><u>dimanche 14 juin 2026.<\/u><\/strong><\/p>\n\n\n\n<p><strong>Il est fortement conseill\u00e9 de r\u00e9diger le dossier en fran\u00e7ais <\/strong>pour la bonne clart\u00e9 des d\u00e9bats du Jury.<\/p>\n\n\n\n<ol start=\"2\"><li><strong>\u00c9L\u00c9MENTS  \u00c0 FOURNIR OBLIGATOIREMENT <\/strong><\/li><\/ol>\n\n\n\n<p><strong>a) Le Bulletin d\u2019Inscription et la fiche de candidature d\u00fbment compl\u00e9t\u00e9s&nbsp;:<\/strong><\/p>\n\n\n\n<p>par email \u00e0 l\u2019adresse&nbsp; <a href=\"bWFpbHRvOnByaXhmb3JtZXNkZWx1eGVAaW5mb3Byby1kaWdpdGFsLmNvbQ==\" data-protectedlink=\"1\">prixformesdeluxe@infopro-digital.com<\/a><\/p>\n\n\n\n<p>ou par courrier<\/p>\n\n\n\n<p><em>ETAI (INFOPRODIGITAL) &#8211; PRIX FORMES DE LUXE 2026<\/em><\/p>\n\n\n\n<p><em>A l\u2019attention de Gr\u00e9gory DORME&nbsp;&nbsp;&nbsp;&nbsp;&nbsp;&nbsp;&nbsp;&nbsp;&nbsp;&nbsp;&nbsp;&nbsp;&nbsp;&nbsp;&nbsp;&nbsp;&nbsp;&nbsp;&nbsp;&nbsp;&nbsp;&nbsp;&nbsp;&nbsp;&nbsp;<\/em><\/p>\n\n\n\n<p><em>20 rue des Aqueducs \u2013 94250 Gentilly &#8211; FRANCE<\/em><\/p>\n\n\n\n<p class=\"has-white-color has-color-2-background-color has-text-color has-background\"><strong>b) Joindre 2 photos num\u00e9riques<\/strong> (300dpi en format .png \u2013 visuels sur fond blanc du produit en situation et de la partie que vous avez r\u00e9alis\u00e9e) <strong>accompagn\u00e9es d\u2019un texte de pr\u00e9sentation<\/strong> (max 600 signes) et <strong>du logo de votre entreprise<\/strong>. Ces \u00e9l\u00e9ments par email \u00e0 l\u2019adresse suivante&nbsp;: prixformesdeluxe@infopro-digital.com imp\u00e9rativement <strong>au plus tard le 14 juin 2026.<\/strong><\/p>\n\n\n\n<p><\/p>\n\n\n\n<p><strong>c) Adresser 2 \u00e9chantillons du produit pr\u00e9sent\u00e9<\/strong> <strong>avant le 14 juin 2026<\/strong><\/p>\n\n\n\n<p><em>ETAI (INFOPRODIGITAL) &#8211; PRIX FORMES DE LUXE 2026 <\/em><\/p>\n\n\n\n<p><em>20 rue des Aqueducs \u2013 94250 Gentilly &#8211; FRANCE<\/em><strong><em><\/em><\/strong><\/p>\n\n\n\n<p><strong>Pour les r\u00e9alisations de dimensions importantes (au-del\u00e0 de la demi-palette), il est n\u00e9cessaire de pr\u00e9voir une maquette et de nous contacter<\/strong>.<\/p>\n\n\n\n<p>Ces \u00e9l\u00e9ments sont indispensables pour la r\u00e9alisation du catalogue des candidats qui para\u00eetra dans le num\u00e9ro du mois de septembre 2026 de Formes de Luxe et le cas \u00e9ch\u00e9ant, dans le dossier sp\u00e9cial Laur\u00e9ats du num\u00e9ro d\u2019Octobre de Formes de Luxe.<\/p>\n\n\n\n<p><strong>d) Joindre le r\u00e8glement des droits de participation par ch\u00e8que \u00e0 l\u2019ordre d\u2019ETAI, soit 1.565 (mille cinq cent soixante cinq) \u20ac HT par produit pr\u00e9sent\u00e9. <\/strong>(TVA applicable aux soci\u00e9t\u00e9s de l\u2019Union Europ\u00e9enne n\u2019ayant pas de n\u00b0 de TVA intracommunautaire)<\/p>\n\n\n\n<p><strong>Ou par virement bancaire libell\u00e9 \u00ab&nbsp;Prix Formes de Luxe&nbsp;2026 \u00bb<\/strong><\/p>\n\n\n\n<p>Domiciliation : BNP PARIBAS IDF OUEST ENT<\/p>\n\n\n\n<p>Code Banque : 30004 \u2014 Code Agence : 00350 \u2014 Compte N\u00b0 00027083538 \u2014 Cl\u00e9 RIB : 23<\/p>\n\n\n\n<p>IBAN : FR76 3000 4003 5000 0270 8353 823 \u2014 BIC : BNPAFRPPXXX<\/p>\n\n\n\n<p><strong>Toute inscription est d\u00e9finitive, les droits d\u2019inscription ne seront pas rembours\u00e9s en cas de d\u00e9sistement du candidat.<\/strong><\/p>\n\n\n\n<p><strong>IMPORTANT<\/strong>&nbsp;: les \u00e9chantillons transmis par les candidats ne leur seront pas renvoy\u00e9s sauf demande expresse de leur part. Si le candidat souhaite les r\u00e9cup\u00e9rer \u00e0 l\u2019issue de la c\u00e9r\u00e9monie, il est indispensable de l\u2019indiquer sur le dossier de candidature \u00e0 l\u2019endroit pr\u00e9vu \u00e0 cet effet. Merci de noter que ETAI ne prend pas en charge les retours et que le candidat est tenu de les r\u00e9cup\u00e9rer \u00e0 ses frais. Par ailleurs, il est recommand\u00e9 de pr\u00e9voir des \u00e9chantillons qui pourront, le cas \u00e9ch\u00e9ant, \u00eatre expos\u00e9s \u00e0 la c\u00e9r\u00e9monie de remise des prix. L\u2019Organisateur ne pourra \u00eatre tenu responsable en cas de vol ou de dommages caus\u00e9s \u00e0 ces derniers.<\/p>\n\n\n\n<h6><strong>ARTICLE 4 &#8211; <strong>ENGAGEMENT DES CANDIDATS<\/strong><\/strong><\/h6>\n\n\n\n<p>Les candidats sont tenus d\u2019obtenir, pr\u00e9alablement \u00e0 l\u2019envoi de leur dossier de candidature, toutes les autorisations n\u00e9cessaires \u00e0 la reproduction et \u00e0 la repr\u00e9sentation des \u00e9l\u00e9ments constitutifs de leur dossier (notamment et sans que cette liste soit exhaustive : maquettes, dessins, photos, vid\u00e9os, brevets, marques \u2026. droits d\u2019auteurs, notamment des prestataires \u00e9ventuellement intervenus dans la r\u00e9alisation concern\u00e9e etc.) dans tous m\u00e9dias, quel qu\u2019en soit le support, susceptible de traiter des Prix Formes de Luxe dans un but promotionnel ou d\u2019information, ainsi que pour une reproduction, par l\u2019Organisateur sur les documents promotionnels des \u00e9ditions suivantes de ce concours. Ces utilisations devront pouvoir intervenir sans obligation d\u2019aucune sorte \u00e0 la charge de la soci\u00e9t\u00e9 organisatrice. Les candidats garantissent cette derni\u00e8re de tout recours de tiers \u00e0 cet \u00e9gard.<\/p>\n\n\n\n<h6><strong><strong>ARTICLE 5 &#8211; <strong>JURY &#8211; DESIGNATION DES LAUR\u00c9ATS<\/strong><\/strong><\/strong><\/h6>\n\n\n\n<p>Les membres du jury sont choisis par l\u2019Organisateur parmi les personnalit\u00e9s reconnues de la fili\u00e8re du packaging de Luxe. Ils sont s\u00e9lectionn\u00e9s pour leur expertise professionnelle et technique, au regard des crit\u00e8res d&#8217;appr\u00e9ciation de chacune des cat\u00e9gories.<\/p>\n\n\n\n<p><a>Le Jury pourra changer la cat\u00e9gorie choisie pour l\u2019inscription d\u2019un produit s\u2019il est jug\u00e9 que son dossier est mieux adapt\u00e9 \u00e0 une autre cat\u00e9gorie.<\/a><\/p>\n\n\n\n<p>Le Jury se r\u00e9serve par ailleurs le droit de r\u00e9organiser les cat\u00e9gories en fonction du nombre de candidats.<\/p>\n\n\n\n<p>Si un membre du jury a lui-m\u00eame (ou sa soci\u00e9t\u00e9) d\u00e9pos\u00e9 un dossier, il s\u2019abstiendra d\u2019exprimer son avis et de voter pour le choix du laur\u00e9at de cette cat\u00e9gorie.<\/p>\n\n\n\n<p>Les d\u00e9bats du Jury sont tenus secrets et ses d\u00e9cisions souveraines ne peuvent faire l&#8217;objet d&#8217;aucune contestation.<\/p>\n\n\n\n<p>Les dossiers pr\u00e9sent\u00e9s font l&#8217;objet d&#8217;un d\u00e9bat entre les membres du jury. Les membres du jury \u00e9liront un laur\u00e9at par cat\u00e9gorie par vote \u00e0 bulletin secret. Le jury se r\u00e9serve la possibilit\u00e9 de d\u00e9signer des ex aequo ou de ne pas d\u00e9signer de laur\u00e9at. En cas d\u2019\u00e9galit\u00e9, le pr\u00e9sident du jury a autorit\u00e9 pour trancher.<\/p>\n\n\n\n<p>Les crit\u00e8res suivants seront pris en compte sans que cette liste soit exhaustive ni que le poids de chacun d&#8217;eux ne soit d\u00e9fini :<\/p>\n\n\n\n<ul><li>Points d\u2019innovation<\/li><li>D\u00e9fi technique de fabrication<\/li><li>Traduction de l\u2019ADN de la marque<\/li><li>Qualit\u00e9 de la r\u00e9alisation\/rendu esth\u00e9tique<\/li><li>Eco-conception<\/li><\/ul>\n\n\n\n<p>Les laur\u00e9ats seront inform\u00e9s par t\u00e9l\u00e9phone afin de se rendre disponible pour la c\u00e9r\u00e9monie mais s\u2019engage \u00e0 ne pas divulguer l\u2019information \u00e0 tout tiers quel qu\u2019il soit.<\/p>\n\n\n\n<p>Le Palmar\u00e8s restera secret jusqu&#8217;\u00e0 la c\u00e9r\u00e9monie de remise des prix, le lundi 28 septembre 2026.<\/p>\n\n\n\n<h6><strong>ARTICLE 6 \u2013 <strong>UTILISATION DE LA DENOMINATION \u00ab FORMES DE LUXE 2026 \u00bb<\/strong><\/strong><\/h6>\n\n\n\n<p>Seuls les laur\u00e9ats d\u2019un prix sont autoris\u00e9s \u00e0 utiliser le nom et logo \u00ab Prix Formes de Luxe 2026 \u00bb dans les formes et conditions transmises par l\u2019Organisateur, sur toute documentation institutionnelle, commerciale et promotionnelle concernant la soci\u00e9t\u00e9 et\/ou le dispositif r\u00e9compens\u00e9(e)s. Cette autorisation est consentie pour une dur\u00e9e limit\u00e9e d\u2019un (1) an \u00e0 compter de la Remise des Prix.<\/p>\n\n\n\n<h6><strong>ARTICLE 7 &#8211; <strong>REMISE DES PRIX<\/strong><\/strong><\/h6>\n\n\n\n<p>Les prix seront remis au cours d&#8217;une c\u00e9r\u00e9monie qui se tiendra \u00e0 Monaco le lundi 28 septembre 2026. Les candidats par dossier pr\u00e9sent\u00e9 disposent de 3 invitations \u00e0 la c\u00e9r\u00e9monie.<\/p>\n\n\n\n<h6><strong>ARTICLE 8 &#8211; <strong>DONN\u00c9ES PERSONNELLES<\/strong><\/strong><\/h6>\n\n\n\n<p>Les donn\u00e9es personnelles collect\u00e9es sont trait\u00e9es par ETAI, RCS Cr\u00e9teil, France 806 420 360. Ce traitement est n\u00e9cessaire \u00e0 votre inscription au Prix Formes de Luxe 2026 et les donn\u00e9es sont enregistr\u00e9es dans nos fichiers. ETAI ou toute soci\u00e9t\u00e9 du groupe Infopro Digital peut utiliser ces donn\u00e9es pour vous proposer, pour son compte ou celui de ses clients, des produits et\/ou services utiles \u00e0 votre activit\u00e9 professionnelle ou pour vous inscrire dans des annuaires professionnels.<\/p>\n\n\n\n<p>Politique de confidentialit\u00e9<em>&nbsp;:<\/em> <em><a href=\"https:\/\/www.infopro-digital.com\/fr\/protection-des-donnees\/fr\/\">https:\/\/www.infopro-digital.com\/fr\/protection-des-donnees\/fr\/<\/a><\/em><\/p>\n\n\n\n<p>Vous pouvez exercer vos droits sur vos donn\u00e9es (acc\u00e8s, opposition, rectification, effacement, limitation etc.) par email, en \u00e9crivant \u00e0 <a href=\"bWFpbHRvOnByaXZhY3ktZXZlbmVtZW50c0BpbmZvcHJvLWRpZ2l0YWwuY29t\" data-protectedlink=\"1\">privacy-evenements@infopro-digital.com<\/a><\/p>\n\n\n\n<p>The Infopro Digital group&#8217;s Personal Data Charter is available at: <a href=\"https:\/\/www.infopro-digital.com\/rgpd-gdpr\/\" target=\"_blank\" rel=\"noreferrer noopener\">https:\/\/www.infopro-digital.com\/rgpd-gdpr\/<\/a>&nbsp;&nbsp;<\/p>\n\n\n\n<h6><strong>ARTICLE 9 &#8211; <strong>&nbsp;DIVERS<\/strong><\/strong><\/h6>\n\n\n\n<p><strong>9.1 &#8211; <\/strong>Tout dossier de candidature comportant une anomalie, incompl\u00e8tement rempli, ou qui n&#8217;aura pas \u00e9t\u00e9 envoy\u00e9 dans les d\u00e9lais ou valid\u00e9 \u00e9lectroniquement par le candidat sera consid\u00e9r\u00e9 comme nul et ne sera pas pris en consid\u00e9ration pour le concours.<\/p>\n\n\n\n<p><strong>9.2 &#8211; <\/strong>L\u2019Organisateur se r\u00e9serve, notamment en cas de force majeure, le droit d&#8217;\u00e9courter, prolonger, suspendre, modifier ou annuler le concours.<\/p>\n\n\n\n<p><strong>9.3 &#8211; <\/strong>Les candidats, nomin\u00e9s et laur\u00e9ats autorisent, par avance et sans contrepartie financi\u00e8re, l\u2019Organisateur \u00e0 utiliser leur nom, logo, l\u2019image et les noms et pr\u00e9noms de leurs repr\u00e9sentants ainsi que les \u00e9l\u00e9ments de leur dossier r\u00e9compens\u00e9 \u00e0 des fins promotionnelles, publicitaires ou d\u2019information (notamment dans les manifestations et les publications papier et\/ou web de l\u2019Organisateur) sans que cette facult\u00e9 puisse \u00eatre source d&#8217;une quelconque obligation \u00e0 l&#8217;\u00e9gard de l\u2019Organisateur. Elles garantissent ce dernier de tout recours \u00e0 cet \u00e9gard.<\/p>\n\n\n\n<p><strong>9.4 &#8211; <\/strong>La responsabilit\u00e9 de l\u2019Organisateur ne saurait \u00eatre engag\u00e9e du fait d&#8217;un dysfonctionnement du service postal (retard d&#8217;acheminement ou perte) ou de la destruction totale ou partielle des dossiers de participation par tout autre cas fortuit. De m\u00eame, la responsabilit\u00e9 de la soci\u00e9t\u00e9 organisatrice ne saurait \u00eatre engag\u00e9e du fait d&#8217;un dysfonctionnement total ou partiel du r\u00e9seau Internet auquel elle est \u00e9trang\u00e8re et qui emp\u00eacherait la validation \u00e9lectronique des candidatures.<\/p>\n\n<\/div><\/div>","protected":false},"excerpt":{"rendered":"","protected":false},"author":18,"featured_media":0,"parent":0,"menu_order":0,"comment_status":"closed","ping_status":"closed","template":"","meta":[],"yoast_head":"<!-- This site is optimized with the Yoast SEO plugin v15.9.2 - https:\/\/yoast.com\/wordpress\/plugins\/seo\/ -->\n<meta name=\"robots\" content=\"index, follow, max-snippet:-1, max-image-preview:large, max-video-preview:-1\" \/>\n<link rel=\"canonical\" href=\"https:\/\/prix.formesdeluxe.com\/fr\/regle-de-la-competition-2026\/\" \/>\n<meta property=\"og:locale\" content=\"fr_FR\" \/>\n<meta property=\"og:type\" content=\"article\" \/>\n<meta property=\"og:title\" content=\"R\u00e8gle de la comp\u00e9tition 2026 - Prix Formes de Luxe\" \/>\n<meta property=\"og:url\" content=\"https:\/\/prix.formesdeluxe.com\/fr\/regle-de-la-competition-2026\/\" \/>\n<meta property=\"og:site_name\" content=\"Prix Formes de Luxe\" \/>\n<meta property=\"article:modified_time\" content=\"2026-04-09T13:48:27+00:00\" \/>\n<meta name=\"twitter:card\" content=\"summary_large_image\" \/>\n<meta name=\"twitter:label1\" content=\"Est. reading time\">\n\t<meta name=\"twitter:data1\" content=\"8 minutes\">\n<script type=\"application\/ld+json\" class=\"yoast-schema-graph\">{\"@context\":\"https:\/\/schema.org\",\"@graph\":[{\"@type\":\"WebSite\",\"@id\":\"https:\/\/prix.formesdeluxe.com\/#website\",\"url\":\"https:\/\/prix.formesdeluxe.com\/\",\"name\":\"Prix Formes de Luxe\",\"description\":\"Un site utilisant WordPress\",\"potentialAction\":[{\"@type\":\"SearchAction\",\"target\":\"https:\/\/prix.formesdeluxe.com\/?s={search_term_string}\",\"query-input\":\"required name=search_term_string\"}],\"inLanguage\":\"fr-FR\"},{\"@type\":\"WebPage\",\"@id\":\"https:\/\/prix.formesdeluxe.com\/fr\/regle-de-la-competition-2026\/#webpage\",\"url\":\"https:\/\/prix.formesdeluxe.com\/fr\/regle-de-la-competition-2026\/\",\"name\":\"R\\u00e8gle de la comp\\u00e9tition 2026 - Prix Formes de Luxe\",\"isPartOf\":{\"@id\":\"https:\/\/prix.formesdeluxe.com\/#website\"},\"datePublished\":\"2026-02-24T12:55:10+00:00\",\"dateModified\":\"2026-04-09T13:48:27+00:00\",\"breadcrumb\":{\"@id\":\"https:\/\/prix.formesdeluxe.com\/fr\/regle-de-la-competition-2026\/#breadcrumb\"},\"inLanguage\":\"fr-FR\",\"potentialAction\":[{\"@type\":\"ReadAction\",\"target\":[\"https:\/\/prix.formesdeluxe.com\/fr\/regle-de-la-competition-2026\/\"]}]},{\"@type\":\"BreadcrumbList\",\"@id\":\"https:\/\/prix.formesdeluxe.com\/fr\/regle-de-la-competition-2026\/#breadcrumb\",\"itemListElement\":[{\"@type\":\"ListItem\",\"position\":1,\"item\":{\"@type\":\"WebPage\",\"@id\":\"https:\/\/prix.formesdeluxe.com\/fr\/\",\"url\":\"https:\/\/prix.formesdeluxe.com\/fr\/\",\"name\":\"Home\"}},{\"@type\":\"ListItem\",\"position\":2,\"item\":{\"@type\":\"WebPage\",\"@id\":\"https:\/\/prix.formesdeluxe.com\/fr\/regle-de-la-competition-2026\/\",\"url\":\"https:\/\/prix.formesdeluxe.com\/fr\/regle-de-la-competition-2026\/\",\"name\":\"R\\u00e8gle de la comp\\u00e9tition 2026\"}}]}]}<\/script>\n<!-- \/ Yoast SEO plugin. -->","_links":{"self":[{"href":"https:\/\/prix.formesdeluxe.com\/fr\/wp-json\/wp\/v2\/pages\/10152"}],"collection":[{"href":"https:\/\/prix.formesdeluxe.com\/fr\/wp-json\/wp\/v2\/pages"}],"about":[{"href":"https:\/\/prix.formesdeluxe.com\/fr\/wp-json\/wp\/v2\/types\/page"}],"author":[{"embeddable":true,"href":"https:\/\/prix.formesdeluxe.com\/fr\/wp-json\/wp\/v2\/users\/18"}],"replies":[{"embeddable":true,"href":"https:\/\/prix.formesdeluxe.com\/fr\/wp-json\/wp\/v2\/comments?post=10152"}],"version-history":[{"count":4,"href":"https:\/\/prix.formesdeluxe.com\/fr\/wp-json\/wp\/v2\/pages\/10152\/revisions"}],"predecessor-version":[{"id":10262,"href":"https:\/\/prix.formesdeluxe.com\/fr\/wp-json\/wp\/v2\/pages\/10152\/revisions\/10262"}],"wp:attachment":[{"href":"https:\/\/prix.formesdeluxe.com\/fr\/wp-json\/wp\/v2\/media?parent=10152"}],"curies":[{"name":"wp","href":"https:\/\/api.w.org\/{rel}","templated":true}]}}