{"id":10166,"date":"2026-02-24T14:45:30","date_gmt":"2026-02-24T13:45:30","guid":{"rendered":"https:\/\/prix.formesdeluxe.com\/?page_id=10166"},"modified":"2026-02-26T11:17:01","modified_gmt":"2026-02-26T10:17:01","slug":"nuon-2026","status":"publish","type":"page","link":"https:\/\/prix.formesdeluxe.com\/fr\/partenaires-2026\/nuon-2026\/","title":{"rendered":"Nuon Medical"},"content":{"rendered":"\n<div class=\"has-2-columns wp-block-columns\">\n<div class=\" wp-block-column\" style=\"flex-basis:33.33%\"><figure  class=\"block-img is-style-default  width-75 only-all\"><a href=\"https:\/\/www.nuonmedical.com\/\" target=\"_blank\"><img class=\"\" style=\"\" src=\"https:\/\/prix.formesdeluxe.com\/app\/uploads\/2024\/07\/Nuon_logo.jpg\" alt=\"\" width=\"945\" height=\"428\"><\/a><\/figure><\/div>\n\n\n\n<div class=\" wp-block-column\" style=\"flex-basis:66.66%\">\n<p>Nuon Medical red\u00e9finit l&#8217;avenir des cosm\u00e9tiques en int\u00e9grant des technologies m\u00e9dicales avanc\u00e9es dans des applicateurs innovants pour les soins de la peau. Nous sommes sp\u00e9cialis\u00e9s dans la cr\u00e9ation d&#8217;applicateurs actifs et secondaires qui int\u00e8grent la th\u00e9rapie par microcourants, la phototh\u00e9rapie, le massage par vibrations et bien d&#8217;autres technologies traditionnellement utilis\u00e9es dans les traitements m\u00e9dicaux, d\u00e9sormais int\u00e9gr\u00e9es de mani\u00e8re transparente dans des designs ergonomiques et faciles \u00e0 utiliser pour les soins de la peau.<\/p>\n\n\n\n<p>Nos solutions am\u00e9liorent les performances des produits cosm\u00e9tiques existants en am\u00e9liorant la p\u00e9n\u00e9tration et l&#8217;absorption des ingr\u00e9dients, ce qui se traduit par des r\u00e9sultats visiblement meilleurs. S&#8217;appuyant sur des recherches scientifiques et des validations cliniques, les applicateurs Nuon ne sont pas seulement fonctionnels : ils ont prouv\u00e9 leur efficacit\u00e9 en apportant des am\u00e9liorations mesurables \u00e0 la sant\u00e9 et \u00e0 l&#8217;apparence de la peau.<\/p>\n\n\n\n<p>Gr\u00e2ce \u00e0 notre mod\u00e8le CURVE, nous collaborons \u00e9troitement avec les marques de beaut\u00e9 afin de personnaliser chaque applicateur, garantissant ainsi le bon m\u00e9lange de technologie et de formulation pour chaque produit. Cette approche personnalis\u00e9e garantit que chaque solution est adapt\u00e9e aux objectifs de la marque et aux besoins des consommateurs.<\/p>\n\n\n\n<p>R\u00e9compens\u00e9 par des prix prestigieux tels que le MUSE Design Award et les London Design Awards, Nuon se distingue par son engagement en faveur de l&#8217;innovation et de l&#8217;excellence en mati\u00e8re de design. Nous allions des fonctionnalit\u00e9s de pointe \u00e0 une esth\u00e9tique \u00e9l\u00e9gante et durable pour cr\u00e9er des outils qui am\u00e9liorent l&#8217;exp\u00e9rience globale des soins de la peau.<\/p>\n<\/div>\n<\/div>\n\n\n<div class=\"bttn-align-center\"><a href=\"https:\/\/www.nuonmedical.com\/\" target=\"_blank\" class=\"bttn has-color-2-bttn-color bttn--md\"><span class=\"bttn__cont-label-icon\"><span class=\"bttn__label\">Visiter le site web de Nuon Medical<\/span><i aria-hidden=\"true\" class=\" \"><\/i><\/span><\/a><\/div>\n\n<div  class=\"strate alignfull has-background-color-opacity-100\" style=\" background-position: 50% 50%;\"><div class=\"centrage\">\n\n<h2 class=\"has-text-align-center\">2026 PARTNERS<\/h2>\n\n\n\n<div class=\"has-3-columns wp-block-columns alignwide are-vertically-aligned-center is-style-jc-space-between\">\n<div class=\" wp-block-column is-vertically-aligned-center\" style=\"flex-basis:25%\"><figure  class=\"block-img is-style-default alignwide width-100 only-all\"><a href=\"https:\/\/prix.formesdeluxe.com\/2026-partners\/devpack-2026\/\" target=\"_blank\"><img class=\"\" style=\"\" src=\"https:\/\/prix.formesdeluxe.com\/app\/uploads\/2026\/02\/3.png\" alt=\"\" width=\"2000\" height=\"1000\"><\/a><\/figure><\/div>\n\n\n\n<div class=\" wp-block-column\" style=\"flex-basis:25%\"><figure  class=\"block-img is-style-default alignwide width-100 only-all\"><a href=\"https:\/\/prix.formesdeluxe.com\/2026-partners\/nuon-2026\/\" target=\"_blank\"><img class=\"\" style=\"\" src=\"https:\/\/prix.formesdeluxe.com\/app\/uploads\/2026\/02\/2.jpg\" alt=\"\" width=\"2000\" height=\"1000\"><\/a><\/figure><\/div>\n\n\n\n<div class=\" wp-block-column\" style=\"flex-basis:25%\"><figure  class=\"block-img is-style-default alignwide width-100 only-all\"><a href=\"https:\/\/prix.formesdeluxe.com\/2026-partners\/visit-monaco-2026\/\" target=\"_blank\"><img class=\"\" style=\"\" src=\"https:\/\/prix.formesdeluxe.com\/app\/uploads\/2026\/02\/1.png\" alt=\"\" width=\"2000\" height=\"1000\"><\/a><\/figure><\/div>\n<\/div>\n\n<\/div><\/div>","protected":false},"excerpt":{"rendered":"<p>Nuon Medical red\u00e9finit l&#8217;avenir des cosm\u00e9tiques en int\u00e9grant des technologies m\u00e9dicales avanc\u00e9es dans des applicateurs innovants pour les soins de&hellip;<\/p>\n","protected":false},"author":18,"featured_media":0,"parent":10161,"menu_order":0,"comment_status":"closed","ping_status":"closed","template":"","meta":[],"yoast_head":"<!-- This site is optimized with the Yoast SEO plugin v15.9.2 - https:\/\/yoast.com\/wordpress\/plugins\/seo\/ -->\n<meta name=\"robots\" content=\"index, follow, max-snippet:-1, max-image-preview:large, max-video-preview:-1\" \/>\n<link rel=\"canonical\" href=\"https:\/\/prix.formesdeluxe.com\/fr\/partenaires-2026\/nuon-2026\/\" \/>\n<meta property=\"og:locale\" content=\"fr_FR\" \/>\n<meta property=\"og:type\" content=\"article\" \/>\n<meta property=\"og:title\" content=\"Nuon Medical - Prix Formes de Luxe\" \/>\n<meta property=\"og:description\" content=\"Nuon Medical red\u00e9finit l&#8217;avenir des cosm\u00e9tiques en int\u00e9grant des technologies m\u00e9dicales avanc\u00e9es dans des applicateurs innovants pour les soins de&hellip;\" \/>\n<meta property=\"og:url\" content=\"https:\/\/prix.formesdeluxe.com\/fr\/partenaires-2026\/nuon-2026\/\" \/>\n<meta property=\"og:site_name\" content=\"Prix Formes de Luxe\" \/>\n<meta property=\"article:modified_time\" content=\"2026-02-26T10:17:01+00:00\" \/>\n<meta name=\"twitter:card\" content=\"summary_large_image\" \/>\n<meta name=\"twitter:label1\" content=\"Est. reading time\">\n\t<meta name=\"twitter:data1\" content=\"2 minutes\">\n<script type=\"application\/ld+json\" class=\"yoast-schema-graph\">{\"@context\":\"https:\/\/schema.org\",\"@graph\":[{\"@type\":\"WebSite\",\"@id\":\"https:\/\/prix.formesdeluxe.com\/#website\",\"url\":\"https:\/\/prix.formesdeluxe.com\/\",\"name\":\"Prix Formes de Luxe\",\"description\":\"Un site utilisant WordPress\",\"potentialAction\":[{\"@type\":\"SearchAction\",\"target\":\"https:\/\/prix.formesdeluxe.com\/?s={search_term_string}\",\"query-input\":\"required name=search_term_string\"}],\"inLanguage\":\"fr-FR\"},{\"@type\":\"WebPage\",\"@id\":\"https:\/\/prix.formesdeluxe.com\/fr\/partenaires-2026\/nuon-2026\/#webpage\",\"url\":\"https:\/\/prix.formesdeluxe.com\/fr\/partenaires-2026\/nuon-2026\/\",\"name\":\"Nuon Medical - Prix Formes de Luxe\",\"isPartOf\":{\"@id\":\"https:\/\/prix.formesdeluxe.com\/#website\"},\"datePublished\":\"2026-02-24T13:45:30+00:00\",\"dateModified\":\"2026-02-26T10:17:01+00:00\",\"breadcrumb\":{\"@id\":\"https:\/\/prix.formesdeluxe.com\/fr\/partenaires-2026\/nuon-2026\/#breadcrumb\"},\"inLanguage\":\"fr-FR\",\"potentialAction\":[{\"@type\":\"ReadAction\",\"target\":[\"https:\/\/prix.formesdeluxe.com\/fr\/partenaires-2026\/nuon-2026\/\"]}]},{\"@type\":\"BreadcrumbList\",\"@id\":\"https:\/\/prix.formesdeluxe.com\/fr\/partenaires-2026\/nuon-2026\/#breadcrumb\",\"itemListElement\":[{\"@type\":\"ListItem\",\"position\":1,\"item\":{\"@type\":\"WebPage\",\"@id\":\"https:\/\/prix.formesdeluxe.com\/fr\/\",\"url\":\"https:\/\/prix.formesdeluxe.com\/fr\/\",\"name\":\"Home\"}},{\"@type\":\"ListItem\",\"position\":2,\"item\":{\"@type\":\"WebPage\",\"@id\":\"https:\/\/prix.formesdeluxe.com\/fr\/partenaires-2026\/\",\"url\":\"https:\/\/prix.formesdeluxe.com\/fr\/partenaires-2026\/\",\"name\":\"Partenaires 2026\"}},{\"@type\":\"ListItem\",\"position\":3,\"item\":{\"@type\":\"WebPage\",\"@id\":\"https:\/\/prix.formesdeluxe.com\/fr\/partenaires-2026\/nuon-2026\/\",\"url\":\"https:\/\/prix.formesdeluxe.com\/fr\/partenaires-2026\/nuon-2026\/\",\"name\":\"Nuon Medical\"}}]}]}<\/script>\n<!-- \/ Yoast SEO plugin. -->","_links":{"self":[{"href":"https:\/\/prix.formesdeluxe.com\/fr\/wp-json\/wp\/v2\/pages\/10166"}],"collection":[{"href":"https:\/\/prix.formesdeluxe.com\/fr\/wp-json\/wp\/v2\/pages"}],"about":[{"href":"https:\/\/prix.formesdeluxe.com\/fr\/wp-json\/wp\/v2\/types\/page"}],"author":[{"embeddable":true,"href":"https:\/\/prix.formesdeluxe.com\/fr\/wp-json\/wp\/v2\/users\/18"}],"replies":[{"embeddable":true,"href":"https:\/\/prix.formesdeluxe.com\/fr\/wp-json\/wp\/v2\/comments?post=10166"}],"version-history":[{"count":5,"href":"https:\/\/prix.formesdeluxe.com\/fr\/wp-json\/wp\/v2\/pages\/10166\/revisions"}],"predecessor-version":[{"id":10219,"href":"https:\/\/prix.formesdeluxe.com\/fr\/wp-json\/wp\/v2\/pages\/10166\/revisions\/10219"}],"up":[{"embeddable":true,"href":"https:\/\/prix.formesdeluxe.com\/fr\/wp-json\/wp\/v2\/pages\/10161"}],"wp:attachment":[{"href":"https:\/\/prix.formesdeluxe.com\/fr\/wp-json\/wp\/v2\/media?parent=10166"}],"curies":[{"name":"wp","href":"https:\/\/api.w.org\/{rel}","templated":true}]}}