{"id":10181,"date":"2026-02-24T14:59:06","date_gmt":"2026-02-24T13:59:06","guid":{"rendered":"https:\/\/prix.formesdeluxe.com\/?page_id=10181"},"modified":"2026-02-26T11:20:15","modified_gmt":"2026-02-26T10:20:15","slug":"visit-monaco-2026","status":"publish","type":"page","link":"https:\/\/prix.formesdeluxe.com\/fr\/partenaires-2026\/visit-monaco-2026\/","title":{"rendered":"Visit Monaco"},"content":{"rendered":"\n<div class=\"has-2-columns wp-block-columns\">\n<div class=\" wp-block-column\" style=\"flex-basis:33.33%\"><figure  class=\"block-img is-style-default  width-50 only-all\"><a href=\"https:\/\/www.visitmonaco.com\/en\" target=\"_blank\"><img class=\"\" style=\"\" src=\"https:\/\/prix.formesdeluxe.com\/app\/uploads\/2023\/08\/Logo-Visit-Monaco-detoure_Sponsor.png\" alt=\"\" width=\"800\" height=\"247\"><\/a><\/figure><\/div>\n\n\n\n<div class=\" wp-block-column\" style=\"flex-basis:66.66%\">\n<p>La Principaut\u00e9 de Monaco est reconnue internationalement comme une destination qui se distingue par sa taille, la gamme de services qu&#8217;elle offre sur seulement 2 km\u00b2, sa situation g\u00e9ographique strat\u00e9gique et la qualit\u00e9 de ses infrastructures. Gr\u00e2ce \u00e0 ses nombreux engagements en faveur du d\u00e9veloppement durable et \u00e0 la mobilisation de tous, Monaco pense et planifie un avenir plus responsable et \u00e0 faible \u00e9mission de carbone. Les notions de \u00ab distance de marche \u00bb et de \u00ab mobilit\u00e9 douce \u00bb prennent ici tout leur sens.<\/p>\n\n\n\n<p>Choisir Monaco, c&#8217;est se rencontrer et travailler dans un cadre exceptionnel, vivre des exp\u00e9riences uniques et marquantes, et rentrer chez soi enrichi de souvenirs in\u00e9dits.<\/p>\n<\/div>\n<\/div>\n\n\n<div class=\"bttn-align-center\"><a href=\"https:\/\/cvb.visitmonaco.com\/en\" target=\"_blank\" class=\"bttn has-color-2-bttn-color bttn--md\"><span class=\"bttn__cont-label-icon\"><span class=\"bttn__label\">Visiter le site web de Visit Monaco<\/span><i aria-hidden=\"true\" class=\" \"><\/i><\/span><\/a><\/div>\n\n<div  class=\"strate alignfull has-background-color-opacity-100\" style=\" background-position: 50% 50%;\"><div class=\"centrage\">\n\n<h2 class=\"has-text-align-center\">2026 PARTENAIRES<\/h2>\n\n\n\n<div class=\"has-3-columns wp-block-columns alignwide are-vertically-aligned-center is-style-jc-space-between\">\n<div class=\" wp-block-column is-vertically-aligned-center\" style=\"flex-basis:25%\"><figure  class=\"block-img is-style-default alignwide width-100 only-all\"><a href=\"https:\/\/prix.formesdeluxe.com\/2026-partners\/devpack-2026\/\" target=\"_blank\"><img class=\"\" style=\"\" src=\"https:\/\/prix.formesdeluxe.com\/app\/uploads\/2026\/02\/3.png\" alt=\"\" width=\"2000\" height=\"1000\"><\/a><\/figure><\/div>\n\n\n\n<div class=\" wp-block-column\" style=\"flex-basis:25%\"><figure  class=\"block-img is-style-default alignwide width-100 only-all\"><a href=\"https:\/\/prix.formesdeluxe.com\/2026-partners\/nuon-2026\/\" target=\"_blank\"><img class=\"\" style=\"\" src=\"https:\/\/prix.formesdeluxe.com\/app\/uploads\/2026\/02\/2.jpg\" alt=\"\" width=\"2000\" height=\"1000\"><\/a><\/figure><\/div>\n\n\n\n<div class=\" wp-block-column\" style=\"flex-basis:25%\"><figure  class=\"block-img is-style-default alignwide width-100 only-all\"><a href=\"https:\/\/prix.formesdeluxe.com\/2026-partners\/visit-monaco-2026\/\" target=\"_blank\"><img class=\"\" style=\"\" src=\"https:\/\/prix.formesdeluxe.com\/app\/uploads\/2026\/02\/1.png\" alt=\"\" width=\"2000\" height=\"1000\"><\/a><\/figure><\/div>\n<\/div>\n\n<\/div><\/div>","protected":false},"excerpt":{"rendered":"<p>La Principaut\u00e9 de Monaco est reconnue internationalement comme une destination qui se distingue par sa taille, la gamme de services&hellip;<\/p>\n","protected":false},"author":18,"featured_media":0,"parent":10161,"menu_order":0,"comment_status":"closed","ping_status":"closed","template":"","meta":[],"yoast_head":"<!-- This site is optimized with the Yoast SEO plugin v15.9.2 - https:\/\/yoast.com\/wordpress\/plugins\/seo\/ -->\n<meta name=\"robots\" content=\"index, follow, max-snippet:-1, max-image-preview:large, max-video-preview:-1\" \/>\n<link rel=\"canonical\" href=\"https:\/\/prix.formesdeluxe.com\/fr\/partenaires-2026\/visit-monaco-2026\/\" \/>\n<meta property=\"og:locale\" content=\"fr_FR\" \/>\n<meta property=\"og:type\" content=\"article\" \/>\n<meta property=\"og:title\" content=\"Visit Monaco - Prix Formes de Luxe\" \/>\n<meta property=\"og:description\" content=\"La Principaut\u00e9 de Monaco est reconnue internationalement comme une destination qui se distingue par sa taille, la gamme de services&hellip;\" \/>\n<meta property=\"og:url\" content=\"https:\/\/prix.formesdeluxe.com\/fr\/partenaires-2026\/visit-monaco-2026\/\" \/>\n<meta property=\"og:site_name\" content=\"Prix Formes de Luxe\" \/>\n<meta property=\"article:modified_time\" content=\"2026-02-26T10:20:15+00:00\" \/>\n<meta name=\"twitter:card\" content=\"summary_large_image\" \/>\n<meta name=\"twitter:label1\" content=\"Est. reading time\">\n\t<meta name=\"twitter:data1\" content=\"1 minute\">\n<script type=\"application\/ld+json\" class=\"yoast-schema-graph\">{\"@context\":\"https:\/\/schema.org\",\"@graph\":[{\"@type\":\"WebSite\",\"@id\":\"https:\/\/prix.formesdeluxe.com\/#website\",\"url\":\"https:\/\/prix.formesdeluxe.com\/\",\"name\":\"Prix Formes de Luxe\",\"description\":\"Un site utilisant WordPress\",\"potentialAction\":[{\"@type\":\"SearchAction\",\"target\":\"https:\/\/prix.formesdeluxe.com\/?s={search_term_string}\",\"query-input\":\"required name=search_term_string\"}],\"inLanguage\":\"fr-FR\"},{\"@type\":\"WebPage\",\"@id\":\"https:\/\/prix.formesdeluxe.com\/fr\/partenaires-2026\/visit-monaco-2026\/#webpage\",\"url\":\"https:\/\/prix.formesdeluxe.com\/fr\/partenaires-2026\/visit-monaco-2026\/\",\"name\":\"Visit Monaco - Prix Formes de Luxe\",\"isPartOf\":{\"@id\":\"https:\/\/prix.formesdeluxe.com\/#website\"},\"datePublished\":\"2026-02-24T13:59:06+00:00\",\"dateModified\":\"2026-02-26T10:20:15+00:00\",\"breadcrumb\":{\"@id\":\"https:\/\/prix.formesdeluxe.com\/fr\/partenaires-2026\/visit-monaco-2026\/#breadcrumb\"},\"inLanguage\":\"fr-FR\",\"potentialAction\":[{\"@type\":\"ReadAction\",\"target\":[\"https:\/\/prix.formesdeluxe.com\/fr\/partenaires-2026\/visit-monaco-2026\/\"]}]},{\"@type\":\"BreadcrumbList\",\"@id\":\"https:\/\/prix.formesdeluxe.com\/fr\/partenaires-2026\/visit-monaco-2026\/#breadcrumb\",\"itemListElement\":[{\"@type\":\"ListItem\",\"position\":1,\"item\":{\"@type\":\"WebPage\",\"@id\":\"https:\/\/prix.formesdeluxe.com\/fr\/\",\"url\":\"https:\/\/prix.formesdeluxe.com\/fr\/\",\"name\":\"Home\"}},{\"@type\":\"ListItem\",\"position\":2,\"item\":{\"@type\":\"WebPage\",\"@id\":\"https:\/\/prix.formesdeluxe.com\/fr\/partenaires-2026\/\",\"url\":\"https:\/\/prix.formesdeluxe.com\/fr\/partenaires-2026\/\",\"name\":\"Partenaires 2026\"}},{\"@type\":\"ListItem\",\"position\":3,\"item\":{\"@type\":\"WebPage\",\"@id\":\"https:\/\/prix.formesdeluxe.com\/fr\/partenaires-2026\/visit-monaco-2026\/\",\"url\":\"https:\/\/prix.formesdeluxe.com\/fr\/partenaires-2026\/visit-monaco-2026\/\",\"name\":\"Visit Monaco\"}}]}]}<\/script>\n<!-- \/ Yoast SEO plugin. -->","_links":{"self":[{"href":"https:\/\/prix.formesdeluxe.com\/fr\/wp-json\/wp\/v2\/pages\/10181"}],"collection":[{"href":"https:\/\/prix.formesdeluxe.com\/fr\/wp-json\/wp\/v2\/pages"}],"about":[{"href":"https:\/\/prix.formesdeluxe.com\/fr\/wp-json\/wp\/v2\/types\/page"}],"author":[{"embeddable":true,"href":"https:\/\/prix.formesdeluxe.com\/fr\/wp-json\/wp\/v2\/users\/18"}],"replies":[{"embeddable":true,"href":"https:\/\/prix.formesdeluxe.com\/fr\/wp-json\/wp\/v2\/comments?post=10181"}],"version-history":[{"count":3,"href":"https:\/\/prix.formesdeluxe.com\/fr\/wp-json\/wp\/v2\/pages\/10181\/revisions"}],"predecessor-version":[{"id":10222,"href":"https:\/\/prix.formesdeluxe.com\/fr\/wp-json\/wp\/v2\/pages\/10181\/revisions\/10222"}],"up":[{"embeddable":true,"href":"https:\/\/prix.formesdeluxe.com\/fr\/wp-json\/wp\/v2\/pages\/10161"}],"wp:attachment":[{"href":"https:\/\/prix.formesdeluxe.com\/fr\/wp-json\/wp\/v2\/media?parent=10181"}],"curies":[{"name":"wp","href":"https:\/\/api.w.org\/{rel}","templated":true}]}}