{"id":107,"date":"2021-01-18T09:19:32","date_gmt":"2021-01-18T08:19:32","guid":{"rendered":"https:\/\/prix.formesdeluxe.com\/?page_id=107"},"modified":"2026-03-03T09:02:26","modified_gmt":"2026-03-03T08:02:26","slug":"accueil","status":"publish","type":"page","link":"https:\/\/prix.formesdeluxe.com\/fr\/","title":{"rendered":"Prix Formes de Luxe"},"content":{"rendered":"\n<div class=\"wp-block-cover has-background-dim is-position-center-center\" style=\"background-image:url(https:\/\/prix.formesdeluxe.com\/app\/uploads\/2026\/01\/FDL-2025_0014-scaled.jpg);background-position:50% 0%;min-height:490px\"><div class=\"wp-block-cover__inner-container\">\n<p class=\"has-text-align-center has-white-color has-text-color has-huge-font-size\">PRIX FORMES DE LUXE<\/p>\n\n\n\n<p class=\"has-text-align-center has-white-color has-text-color\" style=\"font-size:28px\">LA COMP\u00c9TITION DE L&#8217;EMBALLAGE DE LUXE QUI R\u00c9COMPENSE CHAQUE ANN\u00c9E LES MEILLEURES INNOVATIONS DU SECTEUR<\/p>\n\n\n\n<p><\/p>\n<\/div><\/div>\n\n\n<div class=\"bttn-align-center\"><a href=\"https:\/\/prix.formesdeluxe.com\/fr\/candidature-2026\/\" target=\"_self\" class=\"bttn bttn--icon  bttn--lg\"><span class=\"bttn__cont-label-icon\"><span class=\"bttn__label\">POSTULEZ ICI<\/span><i aria-hidden=\"true\" class=\" icon-fleche-droite\"><\/i><\/span><\/a><\/div>\n\n<div  class=\"strate alignfull has-background-color-opacity-100\" style=\" background-position: 50% 50%;\"><div class=\"centrage\">\n\n<h2 class=\"has-text-align-center\" style=\"font-size:37px\">Mettez en avant votre expertise et recevez une visibilit\u00e9 exceptionnelle<\/h2>\n\n\n\n<div class=\"has-3-columns wp-block-columns\">\n<div class=\" wp-block-column\">\n<p class=\"has-text-align-center\" style=\"font-size:27px\"><strong>\u00c9LIGIBILIT\u00c9 DES PRODUITS<\/strong><\/p>\n\n\n<div  class=\"icon-img-text-list\">\n<p class=\"icon-img-text  icon-img-text--media-lg\"><i class=\"icon-img-text__icon icon-engrenages \"><\/i><span class=\"icon-img-text__text\">Votre entreprise a d\u00e9velopp\u00e9 une innovation, lanc\u00e9e depuis juin 2025 sur le march\u00e9<\/span><\/p>\n\n<p class=\"icon-img-text  icon-img-text--media-lg\"><i class=\"icon-img-text__icon icon-liste-2 \"><\/i><span class=\"icon-img-text__text\">L&#8217;accord de la marque pour inscrire le produit \u00e0 la comp\u00e9tition<\/span><\/p>\n<\/div><\/div>\n\n\n\n<div class=\" wp-block-column\">\n<p class=\"has-text-align-center\" style=\"font-size:27px\"><strong>CRIT\u00c8RES DE R\u00c9COMPENSE<\/strong><\/p>\n\n\n<div  class=\"icon-img-text-list\">\n<p class=\"icon-img-text  icon-img-text--media-lg\"><i class=\"icon-img-text__icon icon-ampoule \"><\/i><span class=\"icon-img-text__text\">Innovation<\/span><\/p>\n\n<p class=\"icon-img-text  icon-img-text--media-lg\"><i class=\"icon-img-text__icon icon-grue \"><\/i><span class=\"icon-img-text__text\">D\u00e9fis techniques de fabrication<\/span><\/p>\n\n<p class=\"icon-img-text  icon-img-text--media-lg\"><i class=\"icon-img-text__icon icon-loupe \"><\/i><span class=\"icon-img-text__text\">Qualit\u00e9 du produit fini et aspect esth\u00e9tique<\/span><\/p>\n\n<p class=\"icon-img-text  icon-img-text--media-lg\"><i class=\"icon-img-text__icon icon-feuille \"><\/i><span class=\"icon-img-text__text\">D\u00e9veloppement durable<\/span><\/p>\n<\/div><\/div>\n\n\n\n<div class=\" wp-block-column\">\n<p class=\"has-text-align-center\" style=\"font-size:27px\"><strong>COUVERTURE M\u00c9DIATIQUE \u00c9TENDUE<\/strong><\/p>\n\n\n<div  class=\"icon-img-text-list\">\n<p class=\"icon-img-text  icon-img-text--media-lg\"><i class=\"icon-img-text__icon icon-article-2 \"><\/i><span class=\"icon-img-text__text\">Au sein du magazine Formes de Luxe : num\u00e9ros d\u2019automne et d\u2019hiver<\/span><\/p>\n\n<p class=\"icon-img-text  icon-img-text--media-lg\"><i class=\"icon-img-text__icon icon-ordinateur-1 \"><\/i><span class=\"icon-img-text__text\">Une visibilit\u00e9 digitale compl\u00e8te : sur formesdeluxe.com, dans nos newsletters et sur nos r\u00e9seaux sociaux<\/span><\/p>\n\n<p class=\"icon-img-text  icon-img-text--media-sm\"><i class=\"icon-img-text__icon icon-repere \"><\/i><span class=\"icon-img-text__text\">Exposition exclusive de l&#8217;ensemble des candidats au c\u0153ur du salon LUXE PACK Monaco<\/span><\/p>\n<\/div><\/div>\n<\/div>\n\n\n<div class=\"bttn-align-center\"><a href=\"https:\/\/prix.formesdeluxe.com\/fr\/2026-2\/\" target=\"_self\" class=\"bttn bttn--icon  bttn--md\"><span class=\"bttn__cont-label-icon\"><span class=\"bttn__label\">PLUS D&#8217;INFORMATIONS SUR LA COMPETITION<\/span><i aria-hidden=\"true\" class=\" icon-fleche-droite\"><\/i><\/span><\/a><\/div>\n\n<div  class=\"strate alignfull has-background-color-opacity-100\" style=\" background-position: 50% 50%;\"><div class=\"centrage\">\n<div class=\"slick-slider slick-slider--2 \"><div class='slick-slider__cont' data-slick='{\"autoplay\": true, \"autoplaySpeed\": 4000}'><figure itemscope itemtype=\"https:\/\/schema.org\/ImageObject\"><img width=\"800\" height=\"533\" src=\"https:\/\/prix.formesdeluxe.com\/app\/uploads\/2026\/01\/FDL-2025_0010-800x533.jpg\" class=\" wp-post-image\" alt=\"FDL-2025_0010\" srcset=\"https:\/\/prix.formesdeluxe.com\/app\/uploads\/2026\/01\/FDL-2025_0010-800x533.jpg 800w, https:\/\/prix.formesdeluxe.com\/app\/uploads\/2026\/01\/FDL-2025_0010-300x200.jpg 300w, https:\/\/prix.formesdeluxe.com\/app\/uploads\/2026\/01\/FDL-2025_0010-1024x683.jpg 1024w, https:\/\/prix.formesdeluxe.com\/app\/uploads\/2026\/01\/FDL-2025_0010-768x512.jpg 768w, https:\/\/prix.formesdeluxe.com\/app\/uploads\/2026\/01\/FDL-2025_0010-1536x1024.jpg 1536w, https:\/\/prix.formesdeluxe.com\/app\/uploads\/2026\/01\/FDL-2025_0010-2048x1365.jpg 2048w, https:\/\/prix.formesdeluxe.com\/app\/uploads\/2026\/01\/FDL-2025_0010-1200x800.jpg 1200w, https:\/\/prix.formesdeluxe.com\/app\/uploads\/2026\/01\/FDL-2025_0010-400x267.jpg 400w\" sizes=\"(max-width: 800px) 100vw, 800px\" \/><meta itemprop=\"caption\" content=\"C\u00e9r\u00e9monie Formes de Luxe Awards 2025\"><figcaption>C\u00e9r\u00e9monie Formes de Luxe Awards 2025<\/figcaption><\/figure><figure itemscope itemtype=\"https:\/\/schema.org\/ImageObject\"><img width=\"800\" height=\"533\" src=\"https:\/\/prix.formesdeluxe.com\/app\/uploads\/2026\/01\/FDL-2025_0083-800x533.jpg\" class=\" wp-post-image\" alt=\"FDL-2025_0083\" srcset=\"https:\/\/prix.formesdeluxe.com\/app\/uploads\/2026\/01\/FDL-2025_0083-800x533.jpg 800w, https:\/\/prix.formesdeluxe.com\/app\/uploads\/2026\/01\/FDL-2025_0083-300x200.jpg 300w, https:\/\/prix.formesdeluxe.com\/app\/uploads\/2026\/01\/FDL-2025_0083-1024x683.jpg 1024w, https:\/\/prix.formesdeluxe.com\/app\/uploads\/2026\/01\/FDL-2025_0083-768x512.jpg 768w, https:\/\/prix.formesdeluxe.com\/app\/uploads\/2026\/01\/FDL-2025_0083-1536x1024.jpg 1536w, https:\/\/prix.formesdeluxe.com\/app\/uploads\/2026\/01\/FDL-2025_0083-2048x1365.jpg 2048w, https:\/\/prix.formesdeluxe.com\/app\/uploads\/2026\/01\/FDL-2025_0083-1200x800.jpg 1200w, https:\/\/prix.formesdeluxe.com\/app\/uploads\/2026\/01\/FDL-2025_0083-400x267.jpg 400w\" sizes=\"(max-width: 800px) 100vw, 800px\" \/><meta itemprop=\"caption\" content=\"Laur\u00e9ats Formes de Luxe Awards 2025\"><figcaption>Laur\u00e9ats Formes de Luxe Awards 2025<\/figcaption><\/figure><figure itemscope itemtype=\"https:\/\/schema.org\/ImageObject\"><img width=\"800\" height=\"533\" src=\"https:\/\/prix.formesdeluxe.com\/app\/uploads\/2026\/01\/FDL-2025_0011-800x533.jpg\" class=\" wp-post-image\" alt=\"FDL-2025_0011\" srcset=\"https:\/\/prix.formesdeluxe.com\/app\/uploads\/2026\/01\/FDL-2025_0011-800x533.jpg 800w, https:\/\/prix.formesdeluxe.com\/app\/uploads\/2026\/01\/FDL-2025_0011-300x200.jpg 300w, https:\/\/prix.formesdeluxe.com\/app\/uploads\/2026\/01\/FDL-2025_0011-1024x683.jpg 1024w, https:\/\/prix.formesdeluxe.com\/app\/uploads\/2026\/01\/FDL-2025_0011-768x512.jpg 768w, https:\/\/prix.formesdeluxe.com\/app\/uploads\/2026\/01\/FDL-2025_0011-1536x1024.jpg 1536w, https:\/\/prix.formesdeluxe.com\/app\/uploads\/2026\/01\/FDL-2025_0011-2048x1365.jpg 2048w, https:\/\/prix.formesdeluxe.com\/app\/uploads\/2026\/01\/FDL-2025_0011-1200x800.jpg 1200w, https:\/\/prix.formesdeluxe.com\/app\/uploads\/2026\/01\/FDL-2025_0011-400x267.jpg 400w\" sizes=\"(max-width: 800px) 100vw, 800px\" \/><meta itemprop=\"caption\" content=\"C\u00e9r\u00e9monie Formes de Luxe Awards 2025\"><figcaption>C\u00e9r\u00e9monie Formes de Luxe Awards 2025<\/figcaption><\/figure><figure itemscope itemtype=\"https:\/\/schema.org\/ImageObject\"><img width=\"800\" height=\"533\" src=\"https:\/\/prix.formesdeluxe.com\/app\/uploads\/2026\/01\/FDL-2025_0022-800x533.jpg\" class=\" wp-post-image\" alt=\"FDL-2025_0022\" srcset=\"https:\/\/prix.formesdeluxe.com\/app\/uploads\/2026\/01\/FDL-2025_0022-800x533.jpg 800w, https:\/\/prix.formesdeluxe.com\/app\/uploads\/2026\/01\/FDL-2025_0022-300x200.jpg 300w, https:\/\/prix.formesdeluxe.com\/app\/uploads\/2026\/01\/FDL-2025_0022-1024x683.jpg 1024w, https:\/\/prix.formesdeluxe.com\/app\/uploads\/2026\/01\/FDL-2025_0022-768x512.jpg 768w, https:\/\/prix.formesdeluxe.com\/app\/uploads\/2026\/01\/FDL-2025_0022-1536x1024.jpg 1536w, https:\/\/prix.formesdeluxe.com\/app\/uploads\/2026\/01\/FDL-2025_0022-2048x1365.jpg 2048w, https:\/\/prix.formesdeluxe.com\/app\/uploads\/2026\/01\/FDL-2025_0022-1200x800.jpg 1200w, https:\/\/prix.formesdeluxe.com\/app\/uploads\/2026\/01\/FDL-2025_0022-400x267.jpg 400w\" sizes=\"(max-width: 800px) 100vw, 800px\" \/><meta itemprop=\"caption\" content=\"C\u00e9r\u00e9monie Formes de Luxe Awards 2025\"><figcaption>C\u00e9r\u00e9monie Formes de Luxe Awards 2025<\/figcaption><\/figure><figure itemscope itemtype=\"https:\/\/schema.org\/ImageObject\"><img width=\"800\" height=\"533\" src=\"https:\/\/prix.formesdeluxe.com\/app\/uploads\/2026\/01\/FDL-2025_0007-2-800x533.jpg\" class=\" wp-post-image\" alt=\"FDL-2025_0007 (2)\" srcset=\"https:\/\/prix.formesdeluxe.com\/app\/uploads\/2026\/01\/FDL-2025_0007-2-800x533.jpg 800w, https:\/\/prix.formesdeluxe.com\/app\/uploads\/2026\/01\/FDL-2025_0007-2-300x200.jpg 300w, https:\/\/prix.formesdeluxe.com\/app\/uploads\/2026\/01\/FDL-2025_0007-2-1024x683.jpg 1024w, https:\/\/prix.formesdeluxe.com\/app\/uploads\/2026\/01\/FDL-2025_0007-2-768x512.jpg 768w, https:\/\/prix.formesdeluxe.com\/app\/uploads\/2026\/01\/FDL-2025_0007-2-1536x1024.jpg 1536w, https:\/\/prix.formesdeluxe.com\/app\/uploads\/2026\/01\/FDL-2025_0007-2-2048x1366.jpg 2048w, https:\/\/prix.formesdeluxe.com\/app\/uploads\/2026\/01\/FDL-2025_0007-2-1200x800.jpg 1200w, https:\/\/prix.formesdeluxe.com\/app\/uploads\/2026\/01\/FDL-2025_0007-2-400x267.jpg 400w\" sizes=\"(max-width: 800px) 100vw, 800px\" \/><meta itemprop=\"caption\" content=\"Troph\u00e9e Formes de Luxe Awards 2025\"><figcaption>Troph\u00e9e Formes de Luxe Awards 2025<\/figcaption><\/figure><\/div><\/div>\n<\/div><\/div>\n<\/div><\/div>\n\n<div  class=\"strate alignfull has-background-color-opacity-100\" style=\" background-position: 50% 50%;\"><div class=\"centrage\">\n\n<h2 class=\"has-text-align-center\">RETOUR SUR LE JURY 2025<\/h2>\n\n\n<div class=\"bttn-align-center\"><a href=\"https:\/\/prix.formesdeluxe.com\/fr\/jury-2025-2\/\" target=\"_self\" class=\"bttn is-style-outline bttn--icon has-color-2-bttn-color bttn--big\"><span class=\"bttn__cont-label-icon\"><span class=\"bttn__label\">Jury 2025<\/span><i aria-hidden=\"true\" class=\" icon-fleche-droite-cercle\"><\/i><\/span><\/a><\/div>\n<\/div><\/div>\n\n<div  class=\"strate has-background has-white-background-color alignfull has-background-color-opacity-100\" style=\" background-position: 50% 50%;\"><div class=\"centrage\">\n\n<h2 class=\"has-text-align-center has-color-2-color has-white-background-color has-text-color has-background\">PARTENAIRES 2026<\/h2>\n\n\n<div  class=\"strate strate--equal-height alignfull has-background-color-opacity-100 strate--reduce-center\" style=\" background-position: 50% 50%;\"><div class=\"centrage\">\n\n<div class=\"has-3-columns wp-block-columns alignwide are-vertically-aligned-center is-style-jc-space-between\">\n<div class=\" wp-block-column is-vertically-aligned-center\" style=\"flex-basis:25%\"><figure  class=\"block-img is-style-default alignwide width-100 only-all\"><a href=\"https:\/\/prix.formesdeluxe.com\/2026-partners\/devpack-2026\/\" target=\"_blank\"><img class=\"\" style=\"\" src=\"https:\/\/prix.formesdeluxe.com\/app\/uploads\/2026\/02\/3.png\" alt=\"\" width=\"2000\" height=\"1000\"><\/a><\/figure><\/div>\n\n\n\n<div class=\" wp-block-column\" style=\"flex-basis:25%\"><figure  class=\"block-img is-style-default alignwide width-100 only-all\"><a href=\"https:\/\/prix.formesdeluxe.com\/2026-partners\/nuon-2026\/\" target=\"_blank\"><img class=\"\" style=\"\" src=\"https:\/\/prix.formesdeluxe.com\/app\/uploads\/2026\/02\/2.jpg\" alt=\"\" width=\"2000\" height=\"1000\"><\/a><\/figure><\/div>\n\n\n\n<div class=\" wp-block-column\" style=\"flex-basis:25%\"><figure  class=\"block-img is-style-default alignwide width-100 only-all\"><a href=\"https:\/\/prix.formesdeluxe.com\/2026-partners\/visit-monaco-2026\/\" target=\"_blank\"><img class=\"\" style=\"\" src=\"https:\/\/prix.formesdeluxe.com\/app\/uploads\/2026\/02\/1.png\" alt=\"\" width=\"2000\" height=\"1000\"><\/a><\/figure><\/div>\n<\/div>\n\n<\/div><\/div>\n\n<div  class=\"strate alignfull has-background-color-opacity-100\" style=\" background-position: 50% 50%;\"><div class=\"centrage\">\n<div  class=\"strate alignfull has-background-color-opacity-100\" style=\" background-position: 50% 50%;\"><div class=\"centrage\"><\/div><\/div>\n<\/div><\/div>\n<\/div><\/div>","protected":false},"excerpt":{"rendered":"","protected":false},"author":1,"featured_media":0,"parent":0,"menu_order":0,"comment_status":"closed","ping_status":"closed","template":"tpl_homepage.php","meta":[],"yoast_head":"<!-- This site is optimized with the Yoast SEO plugin v15.9.2 - https:\/\/yoast.com\/wordpress\/plugins\/seo\/ -->\n<meta name=\"description\" content=\"La competition de l\u2019emballage de luxe qui recompense chaque annee les meilleures innovations du secteur.\" \/>\n<meta name=\"robots\" content=\"index, follow, max-snippet:-1, max-image-preview:large, max-video-preview:-1\" \/>\n<link rel=\"canonical\" href=\"https:\/\/prix.formesdeluxe.com\/fr\/\" \/>\n<meta property=\"og:locale\" content=\"fr_FR\" \/>\n<meta property=\"og:type\" content=\"article\" \/>\n<meta property=\"og:title\" content=\"Prix Formes de Luxe - Prix Formes de Luxe\" \/>\n<meta property=\"og:description\" content=\"La competition de l\u2019emballage de luxe qui recompense chaque annee les meilleures innovations du secteur.\" \/>\n<meta property=\"og:url\" content=\"https:\/\/prix.formesdeluxe.com\/fr\/\" \/>\n<meta property=\"og:site_name\" content=\"Prix Formes de Luxe\" \/>\n<meta property=\"article:modified_time\" content=\"2026-03-03T08:02:26+00:00\" \/>\n<meta name=\"twitter:card\" content=\"summary_large_image\" \/>\n<meta name=\"twitter:label1\" content=\"Est. reading time\">\n\t<meta name=\"twitter:data1\" content=\"1 minute\">\n<script type=\"application\/ld+json\" class=\"yoast-schema-graph\">{\"@context\":\"https:\/\/schema.org\",\"@graph\":[{\"@type\":\"WebSite\",\"@id\":\"https:\/\/prix.formesdeluxe.com\/#website\",\"url\":\"https:\/\/prix.formesdeluxe.com\/\",\"name\":\"Prix Formes de Luxe\",\"description\":\"Un site utilisant WordPress\",\"potentialAction\":[{\"@type\":\"SearchAction\",\"target\":\"https:\/\/prix.formesdeluxe.com\/?s={search_term_string}\",\"query-input\":\"required name=search_term_string\"}],\"inLanguage\":\"fr-FR\"},{\"@type\":\"WebPage\",\"@id\":\"https:\/\/prix.formesdeluxe.com\/fr\/#webpage\",\"url\":\"https:\/\/prix.formesdeluxe.com\/fr\/\",\"name\":\"Prix Formes de Luxe - Prix Formes de Luxe\",\"isPartOf\":{\"@id\":\"https:\/\/prix.formesdeluxe.com\/#website\"},\"datePublished\":\"2021-01-18T08:19:32+00:00\",\"dateModified\":\"2026-03-03T08:02:26+00:00\",\"description\":\"La competition de l\\u2019emballage de luxe qui recompense chaque annee les meilleures innovations du secteur.\",\"breadcrumb\":{\"@id\":\"https:\/\/prix.formesdeluxe.com\/fr\/#breadcrumb\"},\"inLanguage\":\"fr-FR\",\"potentialAction\":[{\"@type\":\"ReadAction\",\"target\":[\"https:\/\/prix.formesdeluxe.com\/fr\/\"]}]},{\"@type\":\"BreadcrumbList\",\"@id\":\"https:\/\/prix.formesdeluxe.com\/fr\/#breadcrumb\",\"itemListElement\":[{\"@type\":\"ListItem\",\"position\":1,\"item\":{\"@type\":\"WebPage\",\"@id\":\"https:\/\/prix.formesdeluxe.com\/fr\/\",\"url\":\"https:\/\/prix.formesdeluxe.com\/fr\/\",\"name\":\"Home\"}},{\"@type\":\"ListItem\",\"position\":2,\"item\":{\"@type\":\"WebPage\",\"@id\":\"https:\/\/prix.formesdeluxe.com\/fr\/\",\"url\":\"https:\/\/prix.formesdeluxe.com\/fr\/\",\"name\":\"Prix Formes de Luxe\"}}]}]}<\/script>\n<!-- \/ Yoast SEO plugin. -->","_links":{"self":[{"href":"https:\/\/prix.formesdeluxe.com\/fr\/wp-json\/wp\/v2\/pages\/107"}],"collection":[{"href":"https:\/\/prix.formesdeluxe.com\/fr\/wp-json\/wp\/v2\/pages"}],"about":[{"href":"https:\/\/prix.formesdeluxe.com\/fr\/wp-json\/wp\/v2\/types\/page"}],"author":[{"embeddable":true,"href":"https:\/\/prix.formesdeluxe.com\/fr\/wp-json\/wp\/v2\/users\/1"}],"replies":[{"embeddable":true,"href":"https:\/\/prix.formesdeluxe.com\/fr\/wp-json\/wp\/v2\/comments?post=107"}],"version-history":[{"count":141,"href":"https:\/\/prix.formesdeluxe.com\/fr\/wp-json\/wp\/v2\/pages\/107\/revisions"}],"predecessor-version":[{"id":10245,"href":"https:\/\/prix.formesdeluxe.com\/fr\/wp-json\/wp\/v2\/pages\/107\/revisions\/10245"}],"wp:attachment":[{"href":"https:\/\/prix.formesdeluxe.com\/fr\/wp-json\/wp\/v2\/media?parent=107"}],"curies":[{"name":"wp","href":"https:\/\/api.w.org\/{rel}","templated":true}]}}