{"id":3590,"date":"2021-07-08T10:44:26","date_gmt":"2021-07-08T08:44:26","guid":{"rendered":"https:\/\/prix.formesdeluxe.com\/?page_id=3590"},"modified":"2022-08-23T09:59:52","modified_gmt":"2022-08-23T07:59:52","slug":"knoll-packaging","status":"publish","type":"page","link":"https:\/\/prix.formesdeluxe.com\/fr\/knoll-packaging\/","title":{"rendered":"Knoll Packaging"},"content":{"rendered":"<div  class=\"strate alignfull has-background-color-opacity-100\" style=\" background-position: 50% 50%;\"><div class=\"centrage\">\n\n<div class=\"has-2-columns wp-block-columns\">\n<div class=\" wp-block-column\" style=\"flex-basis:33.33%\"><figure  class=\"block-img is-style-default  width-50 only-all\"><a href=\"https:\/\/knollpack.com\/\" target=\"_blank\"><img class=\"\" style=\"\" src=\"https:\/\/prix.formesdeluxe.com\/app\/uploads\/2021\/07\/MicrosoftTeams-image-40.png\" alt=\"\" width=\"1516\" height=\"600\"><\/a><\/figure><\/div>\n\n\n\n<div class=\" wp-block-column\" style=\"flex-basis:66.66%\">\n<p class=\"has-medium-font-size\">Knoll Packaging, leader de l&#8217;industrie de l&#8217;emballage de luxe, fournit des solutions &nbsp;innovantes et cr\u00e9atives aux marques mondiales de luxe depuis 1984.<\/p>\n\n\n\n<p class=\"has-medium-font-size\">Knoll d\u00e9veloppe des emballages sur mesure durables et haut de gamme aux marques de cosm\u00e9tiques et spiritueux, en garantissant qualit\u00e9, innovation, cr\u00e9ativit\u00e9 et fiabilit\u00e9.<\/p>\n<\/div>\n<\/div>\n\n\n\n<p class=\"has-medium-font-size\">Fortement engag\u00e9 en faveur du d\u00e9veloppement durable, Knoll propose des options alternatives pour les composants en plastique (la pulpe Knoll Ecoform\u00ae\ufe0f et les plates-formes de carton haut de gamme KnollLuxe\u2122), ainsi que des mat\u00e9riaux recyclables et renouvelables.<\/p>\n\n\n<div class=\"bttn-align-center\"><a href=\"https:\/\/bit.ly\/3w1aaW1\" target=\"_blank\" class=\"bttn has-color-1-bttn-color bttn--md\"><span class=\"bttn__cont-label-icon\"><span class=\"bttn__label\">Visiter le site internet de Knoll Packaging<\/span><i aria-hidden=\"true\" class=\" \"><\/i><\/span><\/a><\/div>\n<\/div><\/div>\n\n<div  class=\"strate alignfull has-background-color-opacity-100\" style=\" background-position: 50% 50%;\"><div class=\"centrage\">\n\n<div class=\"has-3-columns wp-block-columns\">\n<div class=\" wp-block-column\"><figure  class=\"block-img   width-100 only-all\"><img class=\"\" style=\"\" src=\"https:\/\/prix.formesdeluxe.com\/app\/uploads\/2021\/07\/Ecological-Packaging-Sample-Collection-Group_New-Logo-Knoll-logo-2019-scaled.jpg\" alt=\"\" width=\"2560\" height=\"1707\"><\/figure><\/div>\n\n\n\n<div class=\" wp-block-column\"><figure  class=\"block-img   width-100 only-all\"><img class=\"\" style=\"\" src=\"https:\/\/prix.formesdeluxe.com\/app\/uploads\/2021\/07\/JM-Pulp-Platform-close-up-01-2020-scaled.jpg\" alt=\"\" width=\"2560\" height=\"1707\"><\/figure><\/div>\n\n\n\n<div class=\" wp-block-column\"><figure  class=\"block-img   width-100 only-all\"><img class=\"\" style=\"\" src=\"https:\/\/prix.formesdeluxe.com\/app\/uploads\/2021\/07\/TF-H21-Finish-Board-Platform-PM-1103110511081136-Close-up-ver2-2020-copie-scaled.jpg\" alt=\"\" width=\"2560\" height=\"1707\"><\/figure><\/div>\n<\/div>\n\n<\/div><\/div>\n\n<div  class=\"strate has-background has-white-background-color alignfull has-background-color-opacity-100\" style=\" background-position: 50% 50%;\"><div class=\"centrage\">\n\n<h2 class=\"has-text-align-center has-color-2-color has-color-1-background-color has-text-color has-background\">PARTENAIRES<\/h2>\n\n\n\n<div class=\"has-6-columns wp-block-columns alignwide are-vertically-aligned-center is-style-jc-space-between\">\n<div class=\" wp-block-column is-vertically-aligned-center\"><figure  class=\"block-img is-style-default  width-100 only-all\"><a href=\"https:\/\/prix.formesdeluxe.com\/fr\/ar-packaging-a-completer-version-fr-manquante\/\" target=\"_self\"><img class=\"\" style=\"\" src=\"https:\/\/prix.formesdeluxe.com\/app\/uploads\/2022\/04\/Make-a-Mark_iD-03.png\" alt=\"\" width=\"2480\" height=\"1748\"><\/a><\/figure><\/div>\n\n\n\n<div class=\" wp-block-column is-vertically-aligned-center\"><figure  class=\"block-img is-style-default  width-100 only-all\"><a href=\"https:\/\/prix.formesdeluxe.com\/fr\/knoll-packaging\/\" target=\"_self\"><img class=\"\" style=\"\" src=\"https:\/\/prix.formesdeluxe.com\/app\/uploads\/2021\/07\/MicrosoftTeams-image-40.png\" alt=\"\" width=\"1516\" height=\"600\"><\/a><\/figure><\/div>\n\n\n\n<div class=\" wp-block-column\"><figure  class=\"block-img is-style-default  width-100 only-all\"><a href=\"https:\/\/prix.formesdeluxe.com\/fr\/metropack\/\" target=\"_self\"><img class=\"\" style=\"\" src=\"https:\/\/prix.formesdeluxe.com\/app\/uploads\/2022\/04\/Logo-Metropack.png\" alt=\"\" width=\"533\" height=\"263\"><\/a><\/figure><\/div>\n\n\n\n<div class=\" wp-block-column\"><figure  class=\"block-img is-style-default  width-100 only-all\"><a href=\"https:\/\/prix.formesdeluxe.com\/fr\/visit-monaco\/\" target=\"_self\"><img class=\"\" style=\"\" src=\"https:\/\/prix.formesdeluxe.com\/app\/uploads\/2021\/07\/LOGO-MASTER-GENERAL-RVB.jpg\" alt=\"\" width=\"800\" height=\"247\"><\/a><\/figure><\/div>\n\n\n\n<div class=\" wp-block-column\"><figure  class=\"block-img is-style-default  width-100 only-all\"><a href=\"https:\/\/prix.formesdeluxe.com\/fr\/neyret\/\" target=\"_self\"><img class=\"\" style=\"\" src=\"https:\/\/prix.formesdeluxe.com\/app\/uploads\/2022\/04\/Neyret-logo-1.png\" alt=\"\" width=\"1772\" height=\"1134\"><\/a><\/figure><\/div>\n\n\n\n<div class=\" wp-block-column\"><figure  class=\"block-img is-style-default  width-100 only-all\"><a href=\"https:\/\/prix.formesdeluxe.com\/fr\/hp\/\" target=\"_blank\"><img class=\"\" style=\"\" src=\"https:\/\/prix.formesdeluxe.com\/app\/uploads\/2022\/07\/HP_Blue_RGB.jpg\" alt=\"\" width=\"900\" height=\"900\"><\/a><\/figure><\/div>\n<\/div>\n\n<\/div><\/div>","protected":false},"excerpt":{"rendered":"","protected":false},"author":1,"featured_media":0,"parent":0,"menu_order":0,"comment_status":"closed","ping_status":"closed","template":"","meta":[],"yoast_head":"<!-- This site is optimized with the Yoast SEO plugin v15.9.2 - https:\/\/yoast.com\/wordpress\/plugins\/seo\/ -->\n<meta name=\"robots\" content=\"index, follow, max-snippet:-1, max-image-preview:large, max-video-preview:-1\" \/>\n<link rel=\"canonical\" href=\"https:\/\/prix.formesdeluxe.com\/fr\/knoll-packaging\/\" \/>\n<meta property=\"og:locale\" content=\"fr_FR\" \/>\n<meta property=\"og:type\" content=\"article\" \/>\n<meta property=\"og:title\" content=\"Knoll Packaging - Prix Formes de Luxe\" \/>\n<meta property=\"og:url\" content=\"https:\/\/prix.formesdeluxe.com\/fr\/knoll-packaging\/\" \/>\n<meta property=\"og:site_name\" content=\"Prix Formes de Luxe\" \/>\n<meta property=\"article:modified_time\" content=\"2022-08-23T07:59:52+00:00\" \/>\n<meta name=\"twitter:card\" content=\"summary_large_image\" \/>\n<meta name=\"twitter:label1\" content=\"Est. reading time\">\n\t<meta name=\"twitter:data1\" content=\"1 minute\">\n<script type=\"application\/ld+json\" class=\"yoast-schema-graph\">{\"@context\":\"https:\/\/schema.org\",\"@graph\":[{\"@type\":\"WebSite\",\"@id\":\"https:\/\/prix.formesdeluxe.com\/#website\",\"url\":\"https:\/\/prix.formesdeluxe.com\/\",\"name\":\"Prix Formes de Luxe\",\"description\":\"Un site utilisant WordPress\",\"potentialAction\":[{\"@type\":\"SearchAction\",\"target\":\"https:\/\/prix.formesdeluxe.com\/?s={search_term_string}\",\"query-input\":\"required name=search_term_string\"}],\"inLanguage\":\"fr-FR\"},{\"@type\":\"WebPage\",\"@id\":\"https:\/\/prix.formesdeluxe.com\/fr\/knoll-packaging\/#webpage\",\"url\":\"https:\/\/prix.formesdeluxe.com\/fr\/knoll-packaging\/\",\"name\":\"Knoll Packaging - Prix Formes de Luxe\",\"isPartOf\":{\"@id\":\"https:\/\/prix.formesdeluxe.com\/#website\"},\"datePublished\":\"2021-07-08T08:44:26+00:00\",\"dateModified\":\"2022-08-23T07:59:52+00:00\",\"breadcrumb\":{\"@id\":\"https:\/\/prix.formesdeluxe.com\/fr\/knoll-packaging\/#breadcrumb\"},\"inLanguage\":\"fr-FR\",\"potentialAction\":[{\"@type\":\"ReadAction\",\"target\":[\"https:\/\/prix.formesdeluxe.com\/fr\/knoll-packaging\/\"]}]},{\"@type\":\"BreadcrumbList\",\"@id\":\"https:\/\/prix.formesdeluxe.com\/fr\/knoll-packaging\/#breadcrumb\",\"itemListElement\":[{\"@type\":\"ListItem\",\"position\":1,\"item\":{\"@type\":\"WebPage\",\"@id\":\"https:\/\/prix.formesdeluxe.com\/fr\/\",\"url\":\"https:\/\/prix.formesdeluxe.com\/fr\/\",\"name\":\"Home\"}},{\"@type\":\"ListItem\",\"position\":2,\"item\":{\"@type\":\"WebPage\",\"@id\":\"https:\/\/prix.formesdeluxe.com\/fr\/knoll-packaging\/\",\"url\":\"https:\/\/prix.formesdeluxe.com\/fr\/knoll-packaging\/\",\"name\":\"Knoll Packaging\"}}]}]}<\/script>\n<!-- \/ Yoast SEO plugin. -->","_links":{"self":[{"href":"https:\/\/prix.formesdeluxe.com\/fr\/wp-json\/wp\/v2\/pages\/3590"}],"collection":[{"href":"https:\/\/prix.formesdeluxe.com\/fr\/wp-json\/wp\/v2\/pages"}],"about":[{"href":"https:\/\/prix.formesdeluxe.com\/fr\/wp-json\/wp\/v2\/types\/page"}],"author":[{"embeddable":true,"href":"https:\/\/prix.formesdeluxe.com\/fr\/wp-json\/wp\/v2\/users\/1"}],"replies":[{"embeddable":true,"href":"https:\/\/prix.formesdeluxe.com\/fr\/wp-json\/wp\/v2\/comments?post=3590"}],"version-history":[{"count":18,"href":"https:\/\/prix.formesdeluxe.com\/fr\/wp-json\/wp\/v2\/pages\/3590\/revisions"}],"predecessor-version":[{"id":6644,"href":"https:\/\/prix.formesdeluxe.com\/fr\/wp-json\/wp\/v2\/pages\/3590\/revisions\/6644"}],"wp:attachment":[{"href":"https:\/\/prix.formesdeluxe.com\/fr\/wp-json\/wp\/v2\/media?parent=3590"}],"curies":[{"name":"wp","href":"https:\/\/api.w.org\/{rel}","templated":true}]}}