{"id":3606,"date":"2021-07-08T10:54:42","date_gmt":"2021-07-08T08:54:42","guid":{"rendered":"https:\/\/prix.formesdeluxe.com\/?page_id=3606"},"modified":"2022-08-23T10:00:24","modified_gmt":"2022-08-23T08:00:24","slug":"ar-packaging-a-completer-version-fr-manquante","status":"publish","type":"page","link":"https:\/\/prix.formesdeluxe.com\/fr\/ar-packaging-a-completer-version-fr-manquante\/","title":{"rendered":"Make a Mark"},"content":{"rendered":"<div  class=\"strate alignfull has-background-color-opacity-100\" style=\" background-position: 50% 50%;\"><div class=\"centrage\">\n\n<div class=\"has-2-columns wp-block-columns\">\n<div class=\" wp-block-column\" style=\"flex-basis:33.33%\"><figure  class=\"block-img is-style-default  width-50 only-all\"><a href=\"https:\/\/makeamark.world\/p\/1\" target=\"_blank\"><img class=\"\" style=\"\" src=\"https:\/\/prix.formesdeluxe.com\/app\/uploads\/2022\/04\/Make-a-Mark_iD-03.png\" alt=\"\" width=\"2480\" height=\"1748\"><\/a><\/figure><\/div>\n\n\n\n<div class=\" wp-block-column\" style=\"flex-basis:66.66%\">\n<p class=\"has-medium-font-size\">Make a Mark est un projet d&#8217;innovation en mati\u00e8re de design d\u00e9velopp\u00e9 par trois leaders mondiaux de l&#8217;industrie de l&#8217;emballage de luxe : Avery Dennison, Estal et LEONHARD KURZ.<br>Ils ont invit\u00e9 quelques-unes des meilleures agences de design d&#8217;emballage du monde \u00e0 participer \u00e0 la cr\u00e9ation d&#8217;une plateforme d&#8217;inspiration dans le but de fournir aux marques de beaut\u00e9, de vin et de spiritueux un aper\u00e7u des tendances du design d&#8217;emballage du futur.<\/p>\n<\/div>\n<\/div>\n\n\n\n<p class=\"has-medium-font-size\">Les cr\u00e9atifs impliqu\u00e9s dans ce projet de trois ans sont invit\u00e9s \u00e0 d\u00e9velopper leurs concepts en s&#8217;affranchissant des limites du quotidien et en ayant acc\u00e8s \u00e0 certains des derniers d\u00e9veloppements du secteur et aux technologies d&#8217;emballage les plus r\u00e9centes pour donner vie \u00e0 leurs id\u00e9es. Le cahier des charges met l&#8217;accent sur le luxe durable afin de r\u00e9pondre au double besoin des marques de faire la diff\u00e9rence en rayon en attirant l&#8217;attention du consommateur tout en respectant l&#8217;environnement.<\/p>\n\n\n\n<p class=\"has-medium-font-size\">Les projets de design novateurs qui en r\u00e9sultent sont ensuite d\u00e9velopp\u00e9s par les leaders de la cha\u00eene d&#8217;approvisionnement des emballages de luxe, comme Estal pour les r\u00e9cipients en verre, Avery Dennison pour les mat\u00e9riaux d&#8217;\u00e9tiquetage, Kurz pour les embellissements et de nombreux autres acteurs cl\u00e9s du secteur, comme les imprimeurs d&#8217;\u00e9tiquettes et les fabricants de capsules, de bouchons et de fermetures.<\/p>\n\n\n\n<p class=\"has-medium-font-size\">En tant qu&#8217;incubateur d&#8217;innovation, Make a Mark lib\u00e8re la cr\u00e9ativit\u00e9 des concepteurs au point de &#8220;pousser&#8221; les acteurs de la cha\u00eene d&#8217;approvisionnement de l&#8217;emballage \u00e0 d\u00e9velopper rapidement de nouvelles technologies et de nouveaux mat\u00e9riaux qui sont v\u00e9ritablement \u00e0 l&#8217;avant-garde en termes de durabilit\u00e9. Par cons\u00e9quent, les prototypes cr\u00e9\u00e9s par les pionniers de Make a Mark ouvrent la voie \u00e0 une nouvelle \u00e8re de conception d&#8217;emballages de luxe.<\/p>\n\n\n<div class=\"bttn-align-center\"><a href=\"bit.ly\/3MKcYgZ\" target=\"_blank\" class=\"bttn has-color-1-bttn-color bttn--md\"><span class=\"bttn__cont-label-icon\"><span class=\"bttn__label\">Visiter le site internet de Make a Mark<\/span><i aria-hidden=\"true\" class=\" \"><\/i><\/span><\/a><\/div>\n\n\n<div class=\"has-3-columns wp-block-columns\">\n<div class=\" wp-block-column\"><figure  class=\"block-img is-style-default  width-100 only-all\"><img class=\"\" style=\"\" src=\"https:\/\/prix.formesdeluxe.com\/app\/uploads\/2022\/05\/Make-a-Mark_book-5-scaled.jpg\" alt=\"\" width=\"2560\" height=\"1707\"><\/figure><\/div>\n\n\n\n<div class=\" wp-block-column\"><figure  class=\"block-img is-style-default  width-100 only-all\"><img class=\"\" style=\"\" src=\"https:\/\/prix.formesdeluxe.com\/app\/uploads\/2022\/05\/Make-a-Mark_book-6-scaled.jpg\" alt=\"\" width=\"2560\" height=\"1672\"><\/figure><\/div>\n\n\n\n<div class=\" wp-block-column\"><figure  class=\"block-img is-style-default  width-100 only-all\"><img class=\"\" style=\"\" src=\"https:\/\/prix.formesdeluxe.com\/app\/uploads\/2022\/05\/Make-a-Mark_book-7-scaled.jpg\" alt=\"\" width=\"2560\" height=\"1707\"><\/figure><\/div>\n<\/div>\n\n<\/div><\/div>\n\n<div  class=\"strate has-background has-white-background-color alignfull has-background-color-opacity-100\" style=\" background-position: 50% 50%;\"><div class=\"centrage\">\n\n<h2 class=\"has-text-align-center has-color-2-color has-color-1-background-color has-text-color has-background\">PARTENAIRES<\/h2>\n\n\n\n<div class=\"has-6-columns wp-block-columns alignwide are-vertically-aligned-center is-style-jc-space-between\">\n<div class=\" wp-block-column is-vertically-aligned-center\"><figure  class=\"block-img is-style-default  width-100 only-all\"><a href=\"https:\/\/prix.formesdeluxe.com\/fr\/ar-packaging-a-completer-version-fr-manquante\/\" target=\"_self\"><img class=\"\" style=\"\" src=\"https:\/\/prix.formesdeluxe.com\/app\/uploads\/2022\/04\/Make-a-Mark_iD-03.png\" alt=\"\" width=\"2480\" height=\"1748\"><\/a><\/figure><\/div>\n\n\n\n<div class=\" wp-block-column is-vertically-aligned-center\"><figure  class=\"block-img is-style-default  width-100 only-all\"><a href=\"https:\/\/prix.formesdeluxe.com\/fr\/knoll-packaging\/\" target=\"_self\"><img class=\"\" style=\"\" src=\"https:\/\/prix.formesdeluxe.com\/app\/uploads\/2021\/07\/MicrosoftTeams-image-40.png\" alt=\"\" width=\"1516\" height=\"600\"><\/a><\/figure><\/div>\n\n\n\n<div class=\" wp-block-column\"><figure  class=\"block-img is-style-default  width-100 only-all\"><a href=\"https:\/\/prix.formesdeluxe.com\/fr\/metropack\/\" target=\"_self\"><img class=\"\" style=\"\" src=\"https:\/\/prix.formesdeluxe.com\/app\/uploads\/2022\/04\/Logo-Metropack.png\" alt=\"\" width=\"533\" height=\"263\"><\/a><\/figure><\/div>\n\n\n\n<div class=\" wp-block-column\"><figure  class=\"block-img is-style-default  width-100 only-all\"><a href=\"https:\/\/prix.formesdeluxe.com\/fr\/visit-monaco\/\" target=\"_self\"><img class=\"\" style=\"\" src=\"https:\/\/prix.formesdeluxe.com\/app\/uploads\/2021\/07\/LOGO-MASTER-GENERAL-RVB.jpg\" alt=\"\" width=\"800\" height=\"247\"><\/a><\/figure><\/div>\n\n\n\n<div class=\" wp-block-column\"><figure  class=\"block-img is-style-default  width-100 only-all\"><a href=\"https:\/\/prix.formesdeluxe.com\/fr\/neyret\/\" target=\"_self\"><img class=\"\" style=\"\" src=\"https:\/\/prix.formesdeluxe.com\/app\/uploads\/2022\/04\/Neyret-logo-1.png\" alt=\"\" width=\"1772\" height=\"1134\"><\/a><\/figure><\/div>\n\n\n\n<div class=\" wp-block-column\"><figure  class=\"block-img is-style-default  width-100 only-all\"><a href=\"https:\/\/prix.formesdeluxe.com\/fr\/hp\/\" target=\"_blank\"><img class=\"\" style=\"\" src=\"https:\/\/prix.formesdeluxe.com\/app\/uploads\/2022\/07\/HP_Blue_RGB.jpg\" alt=\"\" width=\"900\" height=\"900\"><\/a><\/figure><\/div>\n<\/div>\n\n<\/div><\/div>","protected":false},"excerpt":{"rendered":"","protected":false},"author":1,"featured_media":0,"parent":0,"menu_order":0,"comment_status":"closed","ping_status":"closed","template":"","meta":[],"yoast_head":"<!-- This site is optimized with the Yoast SEO plugin v15.9.2 - https:\/\/yoast.com\/wordpress\/plugins\/seo\/ -->\n<meta name=\"robots\" content=\"index, follow, max-snippet:-1, max-image-preview:large, max-video-preview:-1\" \/>\n<link rel=\"canonical\" href=\"https:\/\/prix.formesdeluxe.com\/fr\/ar-packaging-a-completer-version-fr-manquante\/\" \/>\n<meta property=\"og:locale\" content=\"fr_FR\" \/>\n<meta property=\"og:type\" content=\"article\" \/>\n<meta property=\"og:title\" content=\"Make a Mark - Prix Formes de Luxe\" \/>\n<meta property=\"og:url\" content=\"https:\/\/prix.formesdeluxe.com\/fr\/ar-packaging-a-completer-version-fr-manquante\/\" \/>\n<meta property=\"og:site_name\" content=\"Prix Formes de Luxe\" \/>\n<meta property=\"article:modified_time\" content=\"2022-08-23T08:00:24+00:00\" \/>\n<meta name=\"twitter:card\" content=\"summary_large_image\" \/>\n<meta name=\"twitter:label1\" content=\"Est. reading time\">\n\t<meta name=\"twitter:data1\" content=\"2 minutes\">\n<script type=\"application\/ld+json\" class=\"yoast-schema-graph\">{\"@context\":\"https:\/\/schema.org\",\"@graph\":[{\"@type\":\"WebSite\",\"@id\":\"https:\/\/prix.formesdeluxe.com\/#website\",\"url\":\"https:\/\/prix.formesdeluxe.com\/\",\"name\":\"Prix Formes de Luxe\",\"description\":\"Un site utilisant WordPress\",\"potentialAction\":[{\"@type\":\"SearchAction\",\"target\":\"https:\/\/prix.formesdeluxe.com\/?s={search_term_string}\",\"query-input\":\"required name=search_term_string\"}],\"inLanguage\":\"fr-FR\"},{\"@type\":\"WebPage\",\"@id\":\"https:\/\/prix.formesdeluxe.com\/fr\/ar-packaging-a-completer-version-fr-manquante\/#webpage\",\"url\":\"https:\/\/prix.formesdeluxe.com\/fr\/ar-packaging-a-completer-version-fr-manquante\/\",\"name\":\"Make a Mark - Prix Formes de Luxe\",\"isPartOf\":{\"@id\":\"https:\/\/prix.formesdeluxe.com\/#website\"},\"datePublished\":\"2021-07-08T08:54:42+00:00\",\"dateModified\":\"2022-08-23T08:00:24+00:00\",\"breadcrumb\":{\"@id\":\"https:\/\/prix.formesdeluxe.com\/fr\/ar-packaging-a-completer-version-fr-manquante\/#breadcrumb\"},\"inLanguage\":\"fr-FR\",\"potentialAction\":[{\"@type\":\"ReadAction\",\"target\":[\"https:\/\/prix.formesdeluxe.com\/fr\/ar-packaging-a-completer-version-fr-manquante\/\"]}]},{\"@type\":\"BreadcrumbList\",\"@id\":\"https:\/\/prix.formesdeluxe.com\/fr\/ar-packaging-a-completer-version-fr-manquante\/#breadcrumb\",\"itemListElement\":[{\"@type\":\"ListItem\",\"position\":1,\"item\":{\"@type\":\"WebPage\",\"@id\":\"https:\/\/prix.formesdeluxe.com\/fr\/\",\"url\":\"https:\/\/prix.formesdeluxe.com\/fr\/\",\"name\":\"Home\"}},{\"@type\":\"ListItem\",\"position\":2,\"item\":{\"@type\":\"WebPage\",\"@id\":\"https:\/\/prix.formesdeluxe.com\/fr\/ar-packaging-a-completer-version-fr-manquante\/\",\"url\":\"https:\/\/prix.formesdeluxe.com\/fr\/ar-packaging-a-completer-version-fr-manquante\/\",\"name\":\"Make a Mark\"}}]}]}<\/script>\n<!-- \/ Yoast SEO plugin. -->","_links":{"self":[{"href":"https:\/\/prix.formesdeluxe.com\/fr\/wp-json\/wp\/v2\/pages\/3606"}],"collection":[{"href":"https:\/\/prix.formesdeluxe.com\/fr\/wp-json\/wp\/v2\/pages"}],"about":[{"href":"https:\/\/prix.formesdeluxe.com\/fr\/wp-json\/wp\/v2\/types\/page"}],"author":[{"embeddable":true,"href":"https:\/\/prix.formesdeluxe.com\/fr\/wp-json\/wp\/v2\/users\/1"}],"replies":[{"embeddable":true,"href":"https:\/\/prix.formesdeluxe.com\/fr\/wp-json\/wp\/v2\/comments?post=3606"}],"version-history":[{"count":16,"href":"https:\/\/prix.formesdeluxe.com\/fr\/wp-json\/wp\/v2\/pages\/3606\/revisions"}],"predecessor-version":[{"id":6645,"href":"https:\/\/prix.formesdeluxe.com\/fr\/wp-json\/wp\/v2\/pages\/3606\/revisions\/6645"}],"wp:attachment":[{"href":"https:\/\/prix.formesdeluxe.com\/fr\/wp-json\/wp\/v2\/media?parent=3606"}],"curies":[{"name":"wp","href":"https:\/\/api.w.org\/{rel}","templated":true}]}}