{"id":5328,"date":"2022-04-28T10:28:53","date_gmt":"2022-04-28T08:28:53","guid":{"rendered":"https:\/\/prix.formesdeluxe.com\/?page_id=5328"},"modified":"2022-08-23T10:05:11","modified_gmt":"2022-08-23T08:05:11","slug":"2022-sponsors-partenaires","status":"publish","type":"page","link":"https:\/\/prix.formesdeluxe.com\/fr\/2022-sponsors-partenaires\/","title":{"rendered":"Partenaires 2022"},"content":{"rendered":"<div  class=\"strate alignfull has-background-color-opacity-100\" style=\" background-position: 50% 50%;\"><div class=\"centrage\">\n\n<h2><\/h2>\n\n\n\n<div class=\"has-3-columns wp-block-columns alignfull\">\n<div class=\" wp-block-column\"><section class=\"card-simple has-box-shadow card-simple--equal-height is-lien-button\" style=\"box-shadow:0px 5px 15px  rgba(0,0,0,0.1);\"><div><div itemscope itemtype=\"https:\/\/schema.org\/ImageObject\" class=\"card-simple__cont-img card-simple__cont-img--contain\" style=\"background-image: url(https:\/\/prix.formesdeluxe.com\/app\/uploads\/2022\/04\/Make-a-Mark_iD-03-1200x846.png)\"><meta itemprop=\"contentUrl\" content=\"https:\/\/prix.formesdeluxe.com\/app\/uploads\/2022\/04\/Make-a-Mark_iD-03-1200x846.png\"\/><\/div><div class=\"card-simple__cont-infos\"><h3 class=\"card-simple__titre \"><\/h3><div class=\"card-simple__content\"><p>Make a Mark est un projet d&#8217;innovation en mati\u00e8re de design d\u00e9velopp\u00e9 par trois leaders mondiaux de l&#8217;industrie de l&#8217;emballage de luxe : Avery Dennison, Estal et LEONHARD KURZ.\u202f\u00a0<\/p><\/div><a class=\"card-simple__lien  card-simple__lien--left has-bttn-style-lien\" href=\"https:\/\/prix.formesdeluxe.com\/fr\/ar-packaging-a-completer-version-fr-manquante\/\" target=\"_self\"><span class=\"bttn bttn--icon bttn--md is-style-lien\"><span class=\"bttn__cont-label-icon\"><span class=\"bttn__label\">En savoir plus<\/span><i class=\"icon-fleche-droite\"><\/i><\/span><\/span><\/a><\/div><\/div><\/section><\/div>\n\n\n\n<div class=\" wp-block-column\"><section class=\"card-simple has-box-shadow card-simple--equal-height is-lien-button\" style=\"box-shadow:0px 5px 15px  rgba(0,0,0,0.1);\"><div><div itemscope itemtype=\"https:\/\/schema.org\/ImageObject\" class=\"card-simple__cont-img card-simple__cont-img--contain\" style=\"background-image: url(https:\/\/prix.formesdeluxe.com\/app\/uploads\/2021\/07\/MicrosoftTeams-image-40-1200x475.png)\"><meta itemprop=\"contentUrl\" content=\"https:\/\/prix.formesdeluxe.com\/app\/uploads\/2021\/07\/MicrosoftTeams-image-40-1200x475.png\"\/><\/div><div class=\"card-simple__cont-infos\"><h3 class=\"card-simple__titre \"><\/h3><div class=\"card-simple__content\"><p>Knoll Packaging, leader dans le secteur de l&#8217;emballage de luxe, fournit des solutions innovantes et cr\u00e9atives aux marques mondiales de luxe depuis 1984.<\/p><\/div><a class=\"card-simple__lien  card-simple__lien--left has-bttn-style-lien\" href=\"https:\/\/prix.formesdeluxe.com\/fr\/knoll-packaging\/\" target=\"_self\"><span class=\"bttn bttn--icon bttn--md is-style-lien\"><span class=\"bttn__cont-label-icon\"><span class=\"bttn__label\">En savoir plus<\/span><i class=\"icon-fleche-droite\"><\/i><\/span><\/span><\/a><\/div><\/div><\/section><\/div>\n\n\n\n<div class=\" wp-block-column\"><section class=\"card-simple has-box-shadow is-lien-button\" style=\"box-shadow:0px 5px 15px  rgba(0,0,0,0.1);\"><div><div itemscope itemtype=\"https:\/\/schema.org\/ImageObject\" class=\"card-simple__cont-img card-simple__cont-img--contain\" style=\"background-image: url(https:\/\/prix.formesdeluxe.com\/app\/uploads\/2022\/04\/Logo-Metropack.png)\"><meta itemprop=\"contentUrl\" content=\"https:\/\/prix.formesdeluxe.com\/app\/uploads\/2022\/04\/Logo-Metropack.png\"\/><\/div><div class=\"card-simple__cont-infos\"><h3 class=\"card-simple__titre \"><\/h3><div class=\"card-simple__content\"><p>Les produits de luxe se distinguent par l&#8217;\u00e9motion intense qu&#8217;ils suscitent. C&#8217;est le r\u00e9sultat d&#8217;un travail exceptionnel et d&#8217;un niveau d&#8217;exigence hors du commun.<br><br><\/p><\/div><a class=\"card-simple__lien  card-simple__lien--left has-bttn-style-lien\" href=\"https:\/\/prix.formesdeluxe.com\/fr\/metropack\/\" target=\"_self\"><span class=\"bttn bttn--icon bttn--md is-style-lien\"><span class=\"bttn__cont-label-icon\"><span class=\"bttn__label\">En savoir plus<\/span><i class=\"icon-fleche-droite\"><\/i><\/span><\/span><\/a><\/div><\/div><\/section><\/div>\n<\/div>\n\n\n<div  class=\"strate alignfull has-background-color-opacity-100\" style=\" background-position: 50% 50%;\"><div class=\"centrage\">\n\n<div class=\"has-3-columns wp-block-columns is-style-jc-center\">\n<div class=\" wp-block-column\"><section class=\"card-simple has-box-shadow is-lien-button\" style=\"box-shadow:5px 5px 15px  rgba(0,0,0,0.1);\"><div><div itemscope itemtype=\"https:\/\/schema.org\/ImageObject\" class=\"card-simple__cont-img card-simple__cont-img--contain-left\" style=\"background-image: url(https:\/\/prix.formesdeluxe.com\/app\/uploads\/2021\/07\/MicrosoftTeams-image-45.jpg)\"><meta itemprop=\"contentUrl\" content=\"https:\/\/prix.formesdeluxe.com\/app\/uploads\/2021\/07\/MicrosoftTeams-image-45.jpg\"\/><\/div><div class=\"card-simple__cont-infos\"><h3 class=\"card-simple__titre \"><\/h3><div class=\"card-simple__content\"><p>S\u2019\u00e9tendant sur un territoire de 2 km2, la Principaut\u00e9 de Monaco est le deuxi\u00e8me plus petit pays au monde. Nich\u00e9e au c\u0153ur de l\u2019Europe, cette cit\u00e9-\u00e9tat rev\u00eat une multitude de facettes uniques qui la rendent c\u00e9l\u00e8bre dans le monde entier.<\/p><\/div><a class=\"card-simple__lien  card-simple__lien--left has-bttn-style-lien\" href=\"https:\/\/prix.formesdeluxe.com\/fr\/visit-monaco\/\" target=\"_self\"><span class=\"bttn bttn--icon bttn--md is-style-lien\"><span class=\"bttn__cont-label-icon\"><span class=\"bttn__label\">En savoir plus<\/span><i class=\"icon-fleche-droite\"><\/i><\/span><\/span><\/a><\/div><\/div><\/section><\/div>\n\n\n\n<div class=\" wp-block-column\"><section class=\"card-simple has-box-shadow is-lien-button\" style=\"box-shadow:0px 5px 15px  rgba(0,0,0,0.1);\"><div><div itemscope itemtype=\"https:\/\/schema.org\/ImageObject\" class=\"card-simple__cont-img card-simple__cont-img--contain\" style=\"background-image: url(https:\/\/prix.formesdeluxe.com\/app\/uploads\/2022\/04\/Neyret-logo-1-1200x768.png)\"><meta itemprop=\"contentUrl\" content=\"https:\/\/prix.formesdeluxe.com\/app\/uploads\/2022\/04\/Neyret-logo-1-1200x768.png\"\/><\/div><div class=\"card-simple__cont-infos\"><h3 class=\"card-simple__titre \"><\/h3><div class=\"card-simple__content\"><p>Fabricant fran\u00e7ais depuis 1823, Neyret propose aux marques du monde entier une offre d&#8217;ing\u00e9nierie cr\u00e9ative dans la cr\u00e9ation de rubans, \u00e9tiquettes et accessoires textiles de luxe.<br><br><\/p><\/div><a class=\"card-simple__lien  card-simple__lien--left has-bttn-style-lien\" href=\"https:\/\/prix.formesdeluxe.com\/fr\/neyret\/\" target=\"_self\"><span class=\"bttn bttn--icon bttn--md is-style-lien\"><span class=\"bttn__cont-label-icon\"><span class=\"bttn__label\">En savoir plus<\/span><i class=\"icon-fleche-droite\"><\/i><\/span><\/span><\/a><\/div><\/div><\/section><\/div>\n\n\n\n<div class=\" wp-block-column\"><section class=\"card-simple has-box-shadow is-lien-button\" style=\"box-shadow:0px 5px 15px  rgba(0,0,0,0.1);\"><div><div itemscope itemtype=\"https:\/\/schema.org\/ImageObject\" class=\"card-simple__cont-img card-simple__cont-img--contain\" style=\"background-image: url(https:\/\/prix.formesdeluxe.com\/app\/uploads\/2022\/07\/HP_Blue_RGB.jpg)\"><meta itemprop=\"contentUrl\" content=\"https:\/\/prix.formesdeluxe.com\/app\/uploads\/2022\/07\/HP_Blue_RGB.jpg\"\/><\/div><div class=\"card-simple__cont-infos\"><h3 class=\"card-simple__titre \"><\/h3><div class=\"card-simple__content\"><p>HP Inc. est une entreprise technologique convaincue qu&#8217;une simple id\u00e9e a le pouvoir de changer le monde. Au travers de son offre de produits et de services, HP contribue \u00e0 concr\u00e9tiser ces id\u00e9es et \u00e0 leur donner vie.<br><br><\/p><\/div><a class=\"card-simple__lien  card-simple__lien--left has-bttn-style-lien\" href=\"https:\/\/prix.formesdeluxe.com\/fr\/hp\/\" target=\"_self\"><span class=\"bttn bttn--icon bttn--md is-style-lien\"><span class=\"bttn__cont-label-icon\"><span class=\"bttn__label\">En savoir plus<\/span><i class=\"icon-fleche-droite\"><\/i><\/span><\/span><\/a><\/div><\/div><\/section>\n\n\n<p><\/p>\n<\/div>\n<\/div>\n\n<\/div><\/div>\n<\/div><\/div>\n\n\n<p><\/p>\n","protected":false},"excerpt":{"rendered":"","protected":false},"author":14,"featured_media":0,"parent":0,"menu_order":0,"comment_status":"closed","ping_status":"closed","template":"","meta":[],"yoast_head":"<!-- This site is optimized with the Yoast SEO plugin v15.9.2 - https:\/\/yoast.com\/wordpress\/plugins\/seo\/ -->\n<meta name=\"robots\" content=\"index, follow, max-snippet:-1, max-image-preview:large, max-video-preview:-1\" \/>\n<link rel=\"canonical\" href=\"https:\/\/prix.formesdeluxe.com\/fr\/2022-sponsors-partenaires\/\" \/>\n<meta property=\"og:locale\" content=\"fr_FR\" \/>\n<meta property=\"og:type\" content=\"article\" \/>\n<meta property=\"og:title\" content=\"Partenaires 2022 - Prix Formes de Luxe\" \/>\n<meta property=\"og:url\" content=\"https:\/\/prix.formesdeluxe.com\/fr\/2022-sponsors-partenaires\/\" \/>\n<meta property=\"og:site_name\" content=\"Prix Formes de Luxe\" \/>\n<meta property=\"article:modified_time\" content=\"2022-08-23T08:05:11+00:00\" \/>\n<meta name=\"twitter:card\" content=\"summary_large_image\" \/>\n<script type=\"application\/ld+json\" class=\"yoast-schema-graph\">{\"@context\":\"https:\/\/schema.org\",\"@graph\":[{\"@type\":\"WebSite\",\"@id\":\"https:\/\/prix.formesdeluxe.com\/#website\",\"url\":\"https:\/\/prix.formesdeluxe.com\/\",\"name\":\"Prix Formes de Luxe\",\"description\":\"Un site utilisant WordPress\",\"potentialAction\":[{\"@type\":\"SearchAction\",\"target\":\"https:\/\/prix.formesdeluxe.com\/?s={search_term_string}\",\"query-input\":\"required name=search_term_string\"}],\"inLanguage\":\"fr-FR\"},{\"@type\":\"WebPage\",\"@id\":\"https:\/\/prix.formesdeluxe.com\/fr\/2022-sponsors-partenaires\/#webpage\",\"url\":\"https:\/\/prix.formesdeluxe.com\/fr\/2022-sponsors-partenaires\/\",\"name\":\"Partenaires 2022 - Prix Formes de Luxe\",\"isPartOf\":{\"@id\":\"https:\/\/prix.formesdeluxe.com\/#website\"},\"datePublished\":\"2022-04-28T08:28:53+00:00\",\"dateModified\":\"2022-08-23T08:05:11+00:00\",\"breadcrumb\":{\"@id\":\"https:\/\/prix.formesdeluxe.com\/fr\/2022-sponsors-partenaires\/#breadcrumb\"},\"inLanguage\":\"fr-FR\",\"potentialAction\":[{\"@type\":\"ReadAction\",\"target\":[\"https:\/\/prix.formesdeluxe.com\/fr\/2022-sponsors-partenaires\/\"]}]},{\"@type\":\"BreadcrumbList\",\"@id\":\"https:\/\/prix.formesdeluxe.com\/fr\/2022-sponsors-partenaires\/#breadcrumb\",\"itemListElement\":[{\"@type\":\"ListItem\",\"position\":1,\"item\":{\"@type\":\"WebPage\",\"@id\":\"https:\/\/prix.formesdeluxe.com\/fr\/\",\"url\":\"https:\/\/prix.formesdeluxe.com\/fr\/\",\"name\":\"Home\"}},{\"@type\":\"ListItem\",\"position\":2,\"item\":{\"@type\":\"WebPage\",\"@id\":\"https:\/\/prix.formesdeluxe.com\/fr\/2022-sponsors-partenaires\/\",\"url\":\"https:\/\/prix.formesdeluxe.com\/fr\/2022-sponsors-partenaires\/\",\"name\":\"Partenaires 2022\"}}]}]}<\/script>\n<!-- \/ Yoast SEO plugin. -->","_links":{"self":[{"href":"https:\/\/prix.formesdeluxe.com\/fr\/wp-json\/wp\/v2\/pages\/5328"}],"collection":[{"href":"https:\/\/prix.formesdeluxe.com\/fr\/wp-json\/wp\/v2\/pages"}],"about":[{"href":"https:\/\/prix.formesdeluxe.com\/fr\/wp-json\/wp\/v2\/types\/page"}],"author":[{"embeddable":true,"href":"https:\/\/prix.formesdeluxe.com\/fr\/wp-json\/wp\/v2\/users\/14"}],"replies":[{"embeddable":true,"href":"https:\/\/prix.formesdeluxe.com\/fr\/wp-json\/wp\/v2\/comments?post=5328"}],"version-history":[{"count":26,"href":"https:\/\/prix.formesdeluxe.com\/fr\/wp-json\/wp\/v2\/pages\/5328\/revisions"}],"predecessor-version":[{"id":7398,"href":"https:\/\/prix.formesdeluxe.com\/fr\/wp-json\/wp\/v2\/pages\/5328\/revisions\/7398"}],"wp:attachment":[{"href":"https:\/\/prix.formesdeluxe.com\/fr\/wp-json\/wp\/v2\/media?parent=5328"}],"curies":[{"name":"wp","href":"https:\/\/api.w.org\/{rel}","templated":true}]}}