{"id":5523,"date":"2022-05-24T10:02:22","date_gmt":"2022-05-24T08:02:22","guid":{"rendered":"https:\/\/prix.formesdeluxe.com\/?page_id=5523"},"modified":"2022-08-23T10:06:44","modified_gmt":"2022-08-23T08:06:44","slug":"visit-monaco","status":"publish","type":"page","link":"https:\/\/prix.formesdeluxe.com\/fr\/visit-monaco\/","title":{"rendered":"Visit Monaco"},"content":{"rendered":"<div  class=\"strate alignfull has-background-color-opacity-100\" style=\" background-position: 50% 50%;\"><div class=\"centrage\">\n\n<div class=\"has-2-columns wp-block-columns\">\n<div class=\" wp-block-column\" style=\"flex-basis:33.33%\"><figure  class=\"block-img is-style-default  width-75 only-all\"><a href=\"https:\/\/www.visitmonaco.com\/fr\" target=\"_blank\"><img class=\"\" style=\"\" src=\"https:\/\/prix.formesdeluxe.com\/app\/uploads\/2021\/07\/LOGO-MASTER-GENERAL-RVB.jpg\" alt=\"\" width=\"800\" height=\"247\"><\/a><\/figure><\/div>\n\n\n\n<div class=\" wp-block-column\" style=\"flex-basis:66.66%\">\n<p class=\"has-medium-font-size\">S\u2019\u00e9tendant sur un territoire de 2 km2, la Principaut\u00e9 de Monaco est le deuxi\u00e8me plus petit pays au monde. Nich\u00e9e au c\u0153ur de l\u2019Europe, cette cit\u00e9-\u00e9tat rev\u00eat une multitude de facettes uniques qui la rendent c\u00e9l\u00e8bre dans le monde entier. Sa taille, sa structure politique, sa visibilit\u00e9 internationale, sa capacit\u00e9 \u00e0 se r\u00e9inventer au fil des si\u00e8cles, son activit\u00e9 culturelle intense, ses \u00e9v\u00e9nements \u00e9poustouflants: tous ces \u00e9l\u00e9ments constituent les pierres angulaires de l\u2019aura particuli\u00e8re qui plane au-dessus de Monaco.<\/p>\n<\/div>\n<\/div>\n\n\n\n<p class=\"has-medium-font-size\">Monaco incarne \u00e0 la fois glamour et luxe dans l\u2019esprit des gens. Ces deux composantes font sans aucun doute partie de son ADN mais le pays peut offrir bien plus. Vous d\u00e9couvrirez des aspects inattendus de son territoire. Il ne faut pas oublier que Monaco est un pays: il a sa propre histoire, sa culture, sa langue, son organisation, ses sp\u00e9cialit\u00e9s culinaires\u2026<\/p>\n\n\n\n<p class=\"has-medium-font-size\">Le centre de congr\u00e8s, le Grimaldi Forum Monaco repr\u00e9sente un des atouts MICE majeurs avec trois auditoriums (1800 places, 800 places et 400 places) et 10000 m2 d\u2019espaces d\u2019exposition.<\/p>\n\n\n<div class=\"bttn-align-center\"><a href=\"https:\/\/www.visitmonaco.com\/fr\" target=\"_blank\" class=\"bttn has-color-1-bttn-color bttn--md\"><span class=\"bttn__cont-label-icon\"><span class=\"bttn__label\">Visiter le site internet de Visit Monaco<\/span><i aria-hidden=\"true\" class=\" \"><\/i><\/span><\/a><\/div>\n<\/div><\/div>\n\n<div  class=\"strate alignfull has-background-color-opacity-100\" style=\" background-position: 50% 50%;\"><div class=\"centrage\">\n\n<h2 class=\"has-text-align-center has-color-1-background-color has-background\">PARTENAIRES<\/h2>\n\n\n\n<div class=\"has-6-columns wp-block-columns\">\n<div class=\" wp-block-column\"><figure  class=\"block-img is-style-default  width-100 only-all\"><a href=\"https:\/\/prix.formesdeluxe.com\/fr\/ar-packaging-a-completer-version-fr-manquante\/\" target=\"_self\"><img class=\"\" style=\"\" src=\"https:\/\/prix.formesdeluxe.com\/app\/uploads\/2022\/04\/Make-a-Mark_iD-03.png\" alt=\"\" width=\"2480\" height=\"1748\"><\/a><\/figure><\/div>\n\n\n\n<div class=\" wp-block-column\"><figure  class=\"block-img is-style-default  width-100 only-all\"><a href=\"https:\/\/prix.formesdeluxe.com\/fr\/knoll-packaging\/\" target=\"_self\"><img class=\"\" style=\"\" src=\"https:\/\/prix.formesdeluxe.com\/app\/uploads\/2021\/07\/MicrosoftTeams-image-40.png\" alt=\"\" width=\"1516\" height=\"600\"><\/a><\/figure><\/div>\n\n\n\n<div class=\" wp-block-column\"><figure  class=\"block-img is-style-default  width-100 only-all\"><a href=\"https:\/\/prix.formesdeluxe.com\/fr\/metropack\/\" target=\"_self\"><img class=\"\" style=\"\" src=\"https:\/\/prix.formesdeluxe.com\/app\/uploads\/2022\/04\/Logo-Metropack.png\" alt=\"\" width=\"533\" height=\"263\"><\/a><\/figure><\/div>\n\n\n\n<div class=\" wp-block-column\"><figure  class=\"block-img is-style-default  width-100 only-all\"><a href=\"https:\/\/prix.formesdeluxe.com\/fr\/visit-monaco\/\" target=\"_self\"><img class=\"\" style=\"\" src=\"https:\/\/prix.formesdeluxe.com\/app\/uploads\/2021\/07\/LOGO-MASTER-GENERAL-RVB.jpg\" alt=\"\" width=\"800\" height=\"247\"><\/a><\/figure><\/div>\n\n\n\n<div class=\" wp-block-column\"><figure  class=\"block-img is-style-default  width-100 only-all\"><a href=\"https:\/\/prix.formesdeluxe.com\/fr\/neyret\/\" target=\"_self\"><img class=\"\" style=\"\" src=\"https:\/\/prix.formesdeluxe.com\/app\/uploads\/2022\/04\/Neyret-logo-1.png\" alt=\"\" width=\"1772\" height=\"1134\"><\/a><\/figure><\/div>\n\n\n\n<div class=\" wp-block-column is-vertically-aligned-center\"><figure  class=\"block-img is-style-default  width-100 only-all\"><a href=\"https:\/\/prix.formesdeluxe.com\/fr\/hp\/\" target=\"_blank\"><img class=\"\" style=\"\" src=\"https:\/\/prix.formesdeluxe.com\/app\/uploads\/2022\/07\/HP_Blue_RGB.jpg\" alt=\"\" width=\"900\" height=\"900\"><\/a><\/figure><\/div>\n<\/div>\n\n<\/div><\/div>\n\n\n<p><\/p>\n","protected":false},"excerpt":{"rendered":"","protected":false},"author":13,"featured_media":0,"parent":0,"menu_order":0,"comment_status":"closed","ping_status":"closed","template":"","meta":[],"yoast_head":"<!-- This site is optimized with the Yoast SEO plugin v15.9.2 - https:\/\/yoast.com\/wordpress\/plugins\/seo\/ -->\n<meta name=\"robots\" content=\"index, follow, max-snippet:-1, max-image-preview:large, max-video-preview:-1\" \/>\n<link rel=\"canonical\" href=\"https:\/\/prix.formesdeluxe.com\/fr\/visit-monaco\/\" \/>\n<meta property=\"og:locale\" content=\"fr_FR\" \/>\n<meta property=\"og:type\" content=\"article\" \/>\n<meta property=\"og:title\" content=\"Visit Monaco - Prix Formes de Luxe\" \/>\n<meta property=\"og:url\" content=\"https:\/\/prix.formesdeluxe.com\/fr\/visit-monaco\/\" \/>\n<meta property=\"og:site_name\" content=\"Prix Formes de Luxe\" \/>\n<meta property=\"article:modified_time\" content=\"2022-08-23T08:06:44+00:00\" \/>\n<meta name=\"twitter:card\" content=\"summary_large_image\" \/>\n<meta name=\"twitter:label1\" content=\"Est. reading time\">\n\t<meta name=\"twitter:data1\" content=\"1 minute\">\n<script type=\"application\/ld+json\" class=\"yoast-schema-graph\">{\"@context\":\"https:\/\/schema.org\",\"@graph\":[{\"@type\":\"WebSite\",\"@id\":\"https:\/\/prix.formesdeluxe.com\/#website\",\"url\":\"https:\/\/prix.formesdeluxe.com\/\",\"name\":\"Prix Formes de Luxe\",\"description\":\"Un site utilisant WordPress\",\"potentialAction\":[{\"@type\":\"SearchAction\",\"target\":\"https:\/\/prix.formesdeluxe.com\/?s={search_term_string}\",\"query-input\":\"required name=search_term_string\"}],\"inLanguage\":\"fr-FR\"},{\"@type\":\"WebPage\",\"@id\":\"https:\/\/prix.formesdeluxe.com\/fr\/visit-monaco\/#webpage\",\"url\":\"https:\/\/prix.formesdeluxe.com\/fr\/visit-monaco\/\",\"name\":\"Visit Monaco - Prix Formes de Luxe\",\"isPartOf\":{\"@id\":\"https:\/\/prix.formesdeluxe.com\/#website\"},\"datePublished\":\"2022-05-24T08:02:22+00:00\",\"dateModified\":\"2022-08-23T08:06:44+00:00\",\"breadcrumb\":{\"@id\":\"https:\/\/prix.formesdeluxe.com\/fr\/visit-monaco\/#breadcrumb\"},\"inLanguage\":\"fr-FR\",\"potentialAction\":[{\"@type\":\"ReadAction\",\"target\":[\"https:\/\/prix.formesdeluxe.com\/fr\/visit-monaco\/\"]}]},{\"@type\":\"BreadcrumbList\",\"@id\":\"https:\/\/prix.formesdeluxe.com\/fr\/visit-monaco\/#breadcrumb\",\"itemListElement\":[{\"@type\":\"ListItem\",\"position\":1,\"item\":{\"@type\":\"WebPage\",\"@id\":\"https:\/\/prix.formesdeluxe.com\/fr\/\",\"url\":\"https:\/\/prix.formesdeluxe.com\/fr\/\",\"name\":\"Home\"}},{\"@type\":\"ListItem\",\"position\":2,\"item\":{\"@type\":\"WebPage\",\"@id\":\"https:\/\/prix.formesdeluxe.com\/fr\/visit-monaco\/\",\"url\":\"https:\/\/prix.formesdeluxe.com\/fr\/visit-monaco\/\",\"name\":\"Visit Monaco\"}}]}]}<\/script>\n<!-- \/ Yoast SEO plugin. -->","_links":{"self":[{"href":"https:\/\/prix.formesdeluxe.com\/fr\/wp-json\/wp\/v2\/pages\/5523"}],"collection":[{"href":"https:\/\/prix.formesdeluxe.com\/fr\/wp-json\/wp\/v2\/pages"}],"about":[{"href":"https:\/\/prix.formesdeluxe.com\/fr\/wp-json\/wp\/v2\/types\/page"}],"author":[{"embeddable":true,"href":"https:\/\/prix.formesdeluxe.com\/fr\/wp-json\/wp\/v2\/users\/13"}],"replies":[{"embeddable":true,"href":"https:\/\/prix.formesdeluxe.com\/fr\/wp-json\/wp\/v2\/comments?post=5523"}],"version-history":[{"count":6,"href":"https:\/\/prix.formesdeluxe.com\/fr\/wp-json\/wp\/v2\/pages\/5523\/revisions"}],"predecessor-version":[{"id":6654,"href":"https:\/\/prix.formesdeluxe.com\/fr\/wp-json\/wp\/v2\/pages\/5523\/revisions\/6654"}],"wp:attachment":[{"href":"https:\/\/prix.formesdeluxe.com\/fr\/wp-json\/wp\/v2\/media?parent=5523"}],"curies":[{"name":"wp","href":"https:\/\/api.w.org\/{rel}","templated":true}]}}