{"id":5635,"date":"2022-08-23T09:54:00","date_gmt":"2022-08-23T07:54:00","guid":{"rendered":"https:\/\/prix.formesdeluxe.com\/?page_id=5635"},"modified":"2022-08-23T09:54:33","modified_gmt":"2022-08-23T07:54:33","slug":"hp","status":"publish","type":"page","link":"https:\/\/prix.formesdeluxe.com\/fr\/hp\/","title":{"rendered":"HP"},"content":{"rendered":"<div  class=\"strate alignfull has-background-color-opacity-100\" style=\" background-position: 50% 50%;\"><div class=\"centrage\">\n\n<div class=\"has-2-columns wp-block-columns\">\n<div class=\" wp-block-column\" style=\"flex-basis:33.33%\"><figure  class=\"block-img is-style-default  width-100 only-all\"><img class=\"\" style=\"\" src=\"https:\/\/prix.formesdeluxe.com\/app\/uploads\/2022\/07\/HP_Blue_RGB.jpg\" alt=\"\" width=\"900\" height=\"900\"><\/figure><\/div>\n\n\n\n<div class=\" wp-block-column\" style=\"flex-basis:66.66%\">\n<p>HP Inc. est une entreprise technologique convaincue qu&#8217;une simple id\u00e9e a le pouvoir de changer le monde. Au travers de son offre de produits et de services, HP contribue \u00e0 concr\u00e9tiser ces id\u00e9es et \u00e0 leur donner vie.<\/p>\n\n\n\n<p>Les presses num\u00e9riques industrielles HP facilitent la croissance gr\u00e2ce \u00e0 une polyvalence in\u00e9gal\u00e9e. Elles proposent une qualit\u00e9 d\u2019impression offset ultra-efficace pour de nombreux produits.<\/p>\n\n\n\n<p>\u00c9largissez vos perspectives avec la technologie d\u2019impression industrielle HP.<\/p>\n\n\n\n<p>Dans un monde o\u00f9 les clients exigent des solutions hautement \u00e9labor\u00e9es, seule la technologie HP vous procure l&#8217;agilit\u00e9 de pouvoir r\u00e9pondre \u00e0 tous les besoins sur tout type d&#8217;impression commerciale, d&#8217;\u00e9tiquettes ou d&#8217;emballages.<\/p>\n<\/div>\n<\/div>\n\n\n\n<p><\/p>\n\n\n<div class=\"bttn-align-center\"><a href=\"https:\/\/www.hp.com\/us-en\/industrial-printers\/indigo-digital-presses.html?jumpid=va_q5hv6yt1cn\" target=\"_self\" class=\"bttn has-color-1-bttn-color bttn--md\"><span class=\"bttn__cont-label-icon\"><span class=\"bttn__label\">Site internet HP<\/span><i aria-hidden=\"true\" class=\" \"><\/i><\/span><\/a><\/div>\n<\/div><\/div>\n\n<div  class=\"strate alignfull has-background-color-opacity-100\" style=\" background-position: 50% 50%;\"><div class=\"centrage\">\n\n<h2 class=\"has-text-align-center has-color-2-color has-color-1-background-color has-text-color has-background\">PARTENAIRES<\/h2>\n\n\n\n<div class=\"has-6-columns wp-block-columns are-vertically-aligned-center\">\n<div class=\" wp-block-column is-vertically-aligned-center\"><figure  class=\"block-img is-style-default  width-100 only-all\"><a href=\"https:\/\/prix.formesdeluxe.com\/fr\/ar-packaging-a-completer-version-fr-manquante\/\" target=\"_self\"><img class=\"\" style=\"\" src=\"https:\/\/prix.formesdeluxe.com\/app\/uploads\/2022\/04\/Make-a-Mark_iD-03.png\" alt=\"\" width=\"2480\" height=\"1748\"><\/a><\/figure><\/div>\n\n\n\n<div class=\" wp-block-column is-vertically-aligned-center\"><figure  class=\"block-img is-style-default  width-100 only-all\"><a href=\"https:\/\/prix.formesdeluxe.com\/fr\/knoll-packaging\/\" target=\"_self\"><img class=\"\" style=\"\" src=\"https:\/\/prix.formesdeluxe.com\/app\/uploads\/2021\/07\/MicrosoftTeams-image-40.png\" alt=\"\" width=\"1516\" height=\"600\"><\/a><\/figure><\/div>\n\n\n\n<div class=\" wp-block-column is-vertically-aligned-center\"><figure  class=\"block-img is-style-default  width-100 only-all\"><a href=\"https:\/\/prix.formesdeluxe.com\/fr\/metropack\/\" target=\"_self\"><img class=\"\" style=\"\" src=\"https:\/\/prix.formesdeluxe.com\/app\/uploads\/2022\/04\/Logo-Metropack.png\" alt=\"\" width=\"533\" height=\"263\"><\/a><\/figure><\/div>\n\n\n\n<div class=\" wp-block-column is-vertically-aligned-center\"><figure  class=\"block-img is-style-default  width-100 only-all\"><a href=\"https:\/\/prix.formesdeluxe.com\/fr\/visit-monaco\/\" target=\"_self\"><img class=\"\" style=\"\" src=\"https:\/\/prix.formesdeluxe.com\/app\/uploads\/2021\/07\/LOGO-MASTER-GENERAL-RVB.jpg\" alt=\"\" width=\"800\" height=\"247\"><\/a><\/figure><\/div>\n\n\n\n<div class=\" wp-block-column is-vertically-aligned-center\"><figure  class=\"block-img is-style-default  width-100 only-all\"><a href=\"https:\/\/prix.formesdeluxe.com\/fr\/neyret\/\" target=\"_self\"><img class=\"\" style=\"\" src=\"https:\/\/prix.formesdeluxe.com\/app\/uploads\/2022\/04\/Neyret-logo-1.png\" alt=\"\" width=\"1772\" height=\"1134\"><\/a><\/figure><\/div>\n\n\n\n<div class=\" wp-block-column is-vertically-aligned-center\"><figure  class=\"block-img is-style-default  width-100 only-all\"><img class=\"\" style=\"\" src=\"https:\/\/prix.formesdeluxe.com\/app\/uploads\/2022\/07\/HP_Blue_RGB.jpg\" alt=\"\" width=\"900\" height=\"900\"><\/figure><\/div>\n<\/div>\n\n<\/div><\/div>","protected":false},"excerpt":{"rendered":"","protected":false},"author":13,"featured_media":0,"parent":0,"menu_order":0,"comment_status":"closed","ping_status":"closed","template":"","meta":[],"yoast_head":"<!-- This site is optimized with the Yoast SEO plugin v15.9.2 - https:\/\/yoast.com\/wordpress\/plugins\/seo\/ -->\n<meta name=\"robots\" content=\"index, follow, max-snippet:-1, max-image-preview:large, max-video-preview:-1\" \/>\n<link rel=\"canonical\" href=\"https:\/\/prix.formesdeluxe.com\/fr\/hp\/\" \/>\n<meta property=\"og:locale\" content=\"fr_FR\" \/>\n<meta property=\"og:type\" content=\"article\" \/>\n<meta property=\"og:title\" content=\"HP - Prix Formes de Luxe\" \/>\n<meta property=\"og:url\" content=\"https:\/\/prix.formesdeluxe.com\/fr\/hp\/\" \/>\n<meta property=\"og:site_name\" content=\"Prix Formes de Luxe\" \/>\n<meta property=\"article:modified_time\" content=\"2022-08-23T07:54:33+00:00\" \/>\n<meta name=\"twitter:card\" content=\"summary_large_image\" \/>\n<meta name=\"twitter:label1\" content=\"Est. reading time\">\n\t<meta name=\"twitter:data1\" content=\"1 minute\">\n<script type=\"application\/ld+json\" class=\"yoast-schema-graph\">{\"@context\":\"https:\/\/schema.org\",\"@graph\":[{\"@type\":\"WebSite\",\"@id\":\"https:\/\/prix.formesdeluxe.com\/#website\",\"url\":\"https:\/\/prix.formesdeluxe.com\/\",\"name\":\"Prix Formes de Luxe\",\"description\":\"Un site utilisant WordPress\",\"potentialAction\":[{\"@type\":\"SearchAction\",\"target\":\"https:\/\/prix.formesdeluxe.com\/?s={search_term_string}\",\"query-input\":\"required name=search_term_string\"}],\"inLanguage\":\"fr-FR\"},{\"@type\":\"WebPage\",\"@id\":\"https:\/\/prix.formesdeluxe.com\/fr\/hp\/#webpage\",\"url\":\"https:\/\/prix.formesdeluxe.com\/fr\/hp\/\",\"name\":\"HP - Prix Formes de Luxe\",\"isPartOf\":{\"@id\":\"https:\/\/prix.formesdeluxe.com\/#website\"},\"datePublished\":\"2022-08-23T07:54:00+00:00\",\"dateModified\":\"2022-08-23T07:54:33+00:00\",\"breadcrumb\":{\"@id\":\"https:\/\/prix.formesdeluxe.com\/fr\/hp\/#breadcrumb\"},\"inLanguage\":\"fr-FR\",\"potentialAction\":[{\"@type\":\"ReadAction\",\"target\":[\"https:\/\/prix.formesdeluxe.com\/fr\/hp\/\"]}]},{\"@type\":\"BreadcrumbList\",\"@id\":\"https:\/\/prix.formesdeluxe.com\/fr\/hp\/#breadcrumb\",\"itemListElement\":[{\"@type\":\"ListItem\",\"position\":1,\"item\":{\"@type\":\"WebPage\",\"@id\":\"https:\/\/prix.formesdeluxe.com\/fr\/\",\"url\":\"https:\/\/prix.formesdeluxe.com\/fr\/\",\"name\":\"Home\"}},{\"@type\":\"ListItem\",\"position\":2,\"item\":{\"@type\":\"WebPage\",\"@id\":\"https:\/\/prix.formesdeluxe.com\/fr\/hp\/\",\"url\":\"https:\/\/prix.formesdeluxe.com\/fr\/hp\/\",\"name\":\"HP\"}}]}]}<\/script>\n<!-- \/ Yoast SEO plugin. -->","_links":{"self":[{"href":"https:\/\/prix.formesdeluxe.com\/fr\/wp-json\/wp\/v2\/pages\/5635"}],"collection":[{"href":"https:\/\/prix.formesdeluxe.com\/fr\/wp-json\/wp\/v2\/pages"}],"about":[{"href":"https:\/\/prix.formesdeluxe.com\/fr\/wp-json\/wp\/v2\/types\/page"}],"author":[{"embeddable":true,"href":"https:\/\/prix.formesdeluxe.com\/fr\/wp-json\/wp\/v2\/users\/13"}],"replies":[{"embeddable":true,"href":"https:\/\/prix.formesdeluxe.com\/fr\/wp-json\/wp\/v2\/comments?post=5635"}],"version-history":[{"count":3,"href":"https:\/\/prix.formesdeluxe.com\/fr\/wp-json\/wp\/v2\/pages\/5635\/revisions"}],"predecessor-version":[{"id":6636,"href":"https:\/\/prix.formesdeluxe.com\/fr\/wp-json\/wp\/v2\/pages\/5635\/revisions\/6636"}],"wp:attachment":[{"href":"https:\/\/prix.formesdeluxe.com\/fr\/wp-json\/wp\/v2\/media?parent=5635"}],"curies":[{"name":"wp","href":"https:\/\/api.w.org\/{rel}","templated":true}]}}