{"id":7400,"date":"2023-07-31T17:02:58","date_gmt":"2023-07-31T15:02:58","guid":{"rendered":"https:\/\/prix.formesdeluxe.com\/?page_id=7400"},"modified":"2023-08-10T13:58:03","modified_gmt":"2023-08-10T11:58:03","slug":"neyret-2","status":"publish","type":"page","link":"https:\/\/prix.formesdeluxe.com\/fr\/partenaires-2023\/neyret-2\/","title":{"rendered":"Neyret"},"content":{"rendered":"\n<div class=\"has-2-columns wp-block-columns\">\n<div class=\" wp-block-column\" style=\"flex-basis:33.33%\"><figure  class=\"block-img is-style-default  width-50 only-all\"><a href=\"https:\/\/www.neyret.com\/\" target=\"_blank\"><img class=\"\" style=\"\" src=\"https:\/\/prix.formesdeluxe.com\/app\/uploads\/2022\/04\/Neyret-logo-1.png\" alt=\"\" width=\"1772\" height=\"1134\"><\/a><\/figure><\/div>\n\n\n\n<div class=\" wp-block-column\" style=\"flex-basis:66.66%\">\n<p class=\"has-medium-font-size\">Fabricant fran\u00e7ais depuis 200 ans, Neyret propose aux marques du monde entier une offre d\u2019ing\u00e9nierie cr\u00e9ative dans la production de rubans, \u00e9tiquettes et accessoires textiles de luxe.<\/p>\n\n\n\n<p class=\"has-medium-font-size\">Partenaire historique des grands noms du luxe, Neyret s\u2019est dot\u00e9 d\u2019une expertise singuli\u00e8re dans l\u2019\u00e9coconception et accompagne aujourd\u2019hui ses clients dans la mise au point de solutions de packaging durables concr\u00e8tes, certifi\u00e9s et \u00e0 l\u2019impact mesurable.<\/p>\n<\/div>\n<\/div>\n\n\n\n<p class=\"has-text-align-center has-medium-font-size\">D\u00e9couvrez ou red\u00e9couvrez un groupe industriel familial qui a su enrichir l\u2019excellence de ses savoir-faire historiques d\u2019innovation technologiques au service des enjeux de demain.<\/p>\n\n\n<div class=\"bttn-align-center\"><a href=\"https:\/\/www.neyret.com\/\" target=\"_blank\" class=\"bttn has-color-1-bttn-color bttn--md\"><span class=\"bttn__cont-label-icon\"><span class=\"bttn__label\">Visitez le site internet de Neyret<\/span><i aria-hidden=\"true\" class=\" \"><\/i><\/span><\/a><\/div>\n\n\n<h2 class=\"has-text-align-center has-color-2-color has-color-1-background-color has-text-color has-background\">PARTENAIRES 2023 <\/h2>\n\n\n\n<div class=\"has-5-columns wp-block-columns alignwide are-vertically-aligned-center is-style-jc-space-between\">\n<div class=\" wp-block-column is-vertically-aligned-center\"><figure  class=\"block-img is-style-default aligncenter width-100 only-all\"><a href=\"https:\/\/www.jamescropper.com\/\" target=\"_blank\"><img class=\"\" style=\"\" src=\"https:\/\/prix.formesdeluxe.com\/app\/uploads\/2023\/07\/James-cropper-Logo-black-on-white.jpg\" alt=\"\" width=\"934\" height=\"389\"><\/a><\/figure><\/div>\n\n\n\n<div class=\" wp-block-column is-vertically-aligned-center\"><figure  class=\"block-img is-style-default alignwide width-75 only-all\"><a href=\"https:\/\/prix.formesdeluxe.com\/fr\/partenaires-2023\/devpack\/\" target=\"_blank\"><img class=\"\" style=\"\" src=\"https:\/\/prix.formesdeluxe.com\/app\/uploads\/2023\/07\/DEVPACK-02.png\" alt=\"\" width=\"285\" height=\"284\"><\/a><\/figure><\/div>\n\n\n\n<div class=\" wp-block-column\"><figure  class=\"block-img is-style-default alignfull width-75 only-all\"><a href=\"https:\/\/prix.formesdeluxe.com\/fr\/partenaires-2023\/neyret-2\/\" target=\"_blank\"><img class=\"\" style=\"\" src=\"https:\/\/prix.formesdeluxe.com\/app\/uploads\/2023\/07\/Neyret-logo-3-1.png\" alt=\"\" width=\"1772\" height=\"1134\"><\/a><\/figure><\/div>\n\n\n\n<div class=\" wp-block-column\"><figure  class=\"block-img is-style-default alignwide width-75 only-all\"><a href=\"https:\/\/prix.formesdeluxe.com\/fr\/partenaires-2023\/visit-monaco-2\/\" target=\"_blank\"><img class=\"\" style=\"\" src=\"https:\/\/prix.formesdeluxe.com\/app\/uploads\/2021\/07\/LOGO-MASTER-GENERAL-RVB.jpg\" alt=\"\" width=\"800\" height=\"247\"><\/a><\/figure><\/div>\n\n\n\n<div class=\" wp-block-column\"><figure  class=\"block-img is-style-default  width-100 only-all\"><a href=\"https:\/\/prix.formesdeluxe.com\/fr\/partenaires-2023\/metropack-2\/\" target=\"_blank\"><img class=\"\" style=\"\" src=\"https:\/\/prix.formesdeluxe.com\/app\/uploads\/2023\/07\/logotype-metropack.jpg\" alt=\"\" width=\"2000\" height=\"447\"><\/a><\/figure><\/div>\n<\/div>\n","protected":false},"excerpt":{"rendered":"<p>Fabricant fran\u00e7ais depuis 200 ans, Neyret propose aux marques du monde entier une offre d\u2019ing\u00e9nierie cr\u00e9ative dans la production de&hellip;<\/p>\n","protected":false},"author":16,"featured_media":0,"parent":7397,"menu_order":0,"comment_status":"closed","ping_status":"closed","template":"","meta":[],"yoast_head":"<!-- This site is optimized with the Yoast SEO plugin v15.9.2 - https:\/\/yoast.com\/wordpress\/plugins\/seo\/ -->\n<meta name=\"robots\" content=\"index, follow, max-snippet:-1, max-image-preview:large, max-video-preview:-1\" \/>\n<link rel=\"canonical\" href=\"https:\/\/prix.formesdeluxe.com\/fr\/partenaires-2023\/neyret-2\/\" \/>\n<meta property=\"og:locale\" content=\"fr_FR\" \/>\n<meta property=\"og:type\" content=\"article\" \/>\n<meta property=\"og:title\" content=\"Neyret - Prix Formes de Luxe\" \/>\n<meta property=\"og:description\" content=\"Fabricant fran\u00e7ais depuis 200 ans, Neyret propose aux marques du monde entier une offre d\u2019ing\u00e9nierie cr\u00e9ative dans la production de&hellip;\" \/>\n<meta property=\"og:url\" content=\"https:\/\/prix.formesdeluxe.com\/fr\/partenaires-2023\/neyret-2\/\" \/>\n<meta property=\"og:site_name\" content=\"Prix Formes de Luxe\" \/>\n<meta property=\"article:modified_time\" content=\"2023-08-10T11:58:03+00:00\" \/>\n<meta name=\"twitter:card\" content=\"summary_large_image\" \/>\n<meta name=\"twitter:label1\" content=\"Est. reading time\">\n\t<meta name=\"twitter:data1\" content=\"1 minute\">\n<script type=\"application\/ld+json\" class=\"yoast-schema-graph\">{\"@context\":\"https:\/\/schema.org\",\"@graph\":[{\"@type\":\"WebSite\",\"@id\":\"https:\/\/prix.formesdeluxe.com\/#website\",\"url\":\"https:\/\/prix.formesdeluxe.com\/\",\"name\":\"Prix Formes de Luxe\",\"description\":\"Un site utilisant WordPress\",\"potentialAction\":[{\"@type\":\"SearchAction\",\"target\":\"https:\/\/prix.formesdeluxe.com\/?s={search_term_string}\",\"query-input\":\"required name=search_term_string\"}],\"inLanguage\":\"fr-FR\"},{\"@type\":\"WebPage\",\"@id\":\"https:\/\/prix.formesdeluxe.com\/fr\/partenaires-2023\/neyret-2\/#webpage\",\"url\":\"https:\/\/prix.formesdeluxe.com\/fr\/partenaires-2023\/neyret-2\/\",\"name\":\"Neyret - Prix Formes de Luxe\",\"isPartOf\":{\"@id\":\"https:\/\/prix.formesdeluxe.com\/#website\"},\"datePublished\":\"2023-07-31T15:02:58+00:00\",\"dateModified\":\"2023-08-10T11:58:03+00:00\",\"breadcrumb\":{\"@id\":\"https:\/\/prix.formesdeluxe.com\/fr\/partenaires-2023\/neyret-2\/#breadcrumb\"},\"inLanguage\":\"fr-FR\",\"potentialAction\":[{\"@type\":\"ReadAction\",\"target\":[\"https:\/\/prix.formesdeluxe.com\/fr\/partenaires-2023\/neyret-2\/\"]}]},{\"@type\":\"BreadcrumbList\",\"@id\":\"https:\/\/prix.formesdeluxe.com\/fr\/partenaires-2023\/neyret-2\/#breadcrumb\",\"itemListElement\":[{\"@type\":\"ListItem\",\"position\":1,\"item\":{\"@type\":\"WebPage\",\"@id\":\"https:\/\/prix.formesdeluxe.com\/fr\/\",\"url\":\"https:\/\/prix.formesdeluxe.com\/fr\/\",\"name\":\"Home\"}},{\"@type\":\"ListItem\",\"position\":2,\"item\":{\"@type\":\"WebPage\",\"@id\":\"https:\/\/prix.formesdeluxe.com\/fr\/partenaires-2023\/\",\"url\":\"https:\/\/prix.formesdeluxe.com\/fr\/partenaires-2023\/\",\"name\":\"Partenaires 2023\"}},{\"@type\":\"ListItem\",\"position\":3,\"item\":{\"@type\":\"WebPage\",\"@id\":\"https:\/\/prix.formesdeluxe.com\/fr\/partenaires-2023\/neyret-2\/\",\"url\":\"https:\/\/prix.formesdeluxe.com\/fr\/partenaires-2023\/neyret-2\/\",\"name\":\"Neyret\"}}]}]}<\/script>\n<!-- \/ Yoast SEO plugin. -->","_links":{"self":[{"href":"https:\/\/prix.formesdeluxe.com\/fr\/wp-json\/wp\/v2\/pages\/7400"}],"collection":[{"href":"https:\/\/prix.formesdeluxe.com\/fr\/wp-json\/wp\/v2\/pages"}],"about":[{"href":"https:\/\/prix.formesdeluxe.com\/fr\/wp-json\/wp\/v2\/types\/page"}],"author":[{"embeddable":true,"href":"https:\/\/prix.formesdeluxe.com\/fr\/wp-json\/wp\/v2\/users\/16"}],"replies":[{"embeddable":true,"href":"https:\/\/prix.formesdeluxe.com\/fr\/wp-json\/wp\/v2\/comments?post=7400"}],"version-history":[{"count":5,"href":"https:\/\/prix.formesdeluxe.com\/fr\/wp-json\/wp\/v2\/pages\/7400\/revisions"}],"predecessor-version":[{"id":7503,"href":"https:\/\/prix.formesdeluxe.com\/fr\/wp-json\/wp\/v2\/pages\/7400\/revisions\/7503"}],"up":[{"embeddable":true,"href":"https:\/\/prix.formesdeluxe.com\/fr\/wp-json\/wp\/v2\/pages\/7397"}],"wp:attachment":[{"href":"https:\/\/prix.formesdeluxe.com\/fr\/wp-json\/wp\/v2\/media?parent=7400"}],"curies":[{"name":"wp","href":"https:\/\/api.w.org\/{rel}","templated":true}]}}