{"id":7620,"date":"2023-08-31T10:55:34","date_gmt":"2023-08-31T08:55:34","guid":{"rendered":"https:\/\/prix.formesdeluxe.com\/?page_id=7620"},"modified":"2024-02-06T14:42:29","modified_gmt":"2024-02-06T13:42:29","slug":"https-www-jamescropper-com","status":"publish","type":"page","link":"https:\/\/prix.formesdeluxe.com\/fr\/partenaires-2023\/https-www-jamescropper-com\/","title":{"rendered":"James Cropper"},"content":{"rendered":"\n<div class=\"has-2-columns wp-block-columns\">\n<div class=\" wp-block-column\" style=\"flex-basis:33.33%\"><figure  class=\"block-img is-style-default  width-75 only-all\"><a href=\"https:\/\/www.neyret.com\/\" target=\"_blank\"><img class=\"\" style=\"\" src=\"https:\/\/prix.formesdeluxe.com\/app\/uploads\/2023\/08\/James-cropper-Logo-black-on-white.jpg\" alt=\"\" width=\"934\" height=\"389\"><\/a><\/figure><\/div>\n\n\n\n<div class=\" wp-block-column\" style=\"flex-basis:66.66%\">\n<p class=\"has-medium-font-size\">James Cropper est un leader du march\u00e9 des mat\u00e9riaux avanc\u00e9s et des produits papetiers. Dirig\u00e9e par la famille Cropper depuis six g\u00e9n\u00e9rations, l&#8217;entreprise dispose d&#8217;une main-d&#8217;\u0153uvre internationale et est pr\u00e9sente dans plus de 50 pays. <\/p>\n\n\n\n<p class=\"has-medium-font-size\">Fond\u00e9 en 1845, le groupe fabrique du papier, des emballages et des mat\u00e9riaux avanc\u00e9s, notamment des non-tiss\u00e9s et des rev\u00eatements \u00e9lectrochimiques d&#8217;avant-garde. <\/p>\n\n\n\n<p class=\"has-medium-font-size\">Il s&#8217;agit d&#8217;un fournisseur sp\u00e9cialis\u00e9 dans les solutions de niche adapt\u00e9es aux sp\u00e9cifications uniques des clients, allant des substrats et des composants pour l&#8217;\u00e9lectrolyse de l&#8217;hydrog\u00e8ne et les piles \u00e0 combustible aux couleurs et textures sur mesure pour les emballages en papier et en fibres moul\u00e9es, con\u00e7us pour remplacer les plastiques \u00e0 usage unique.<\/p>\n\n\n\n<p><\/p>\n\n\n\n<p class=\"has-medium-font-size\">La technologie James Cropper FibreBlend upcycled transforme les d\u00e9chets, y compris les tasses \u00e0 caf\u00e9 et les jeans usag\u00e9s, en de magnifiques solutions de papier et d&#8217;emballage enti\u00e8rement recyclables.<\/p>\n\n\n\n<p class=\"has-medium-font-size\"> L&#8217;objectif de James Cropper est d&#8217;atteindre la neutralit\u00e9 carbone d&#8217;ici 2030 et de r\u00e9duire les \u00e9missions de carbone de l&#8217;ensemble de sa cha\u00eene d&#8217;approvisionnement \u00e0 z\u00e9ro d&#8217;ici 2050.<\/p>\n\n\n\n<p><\/p>\n<\/div>\n<\/div>\n\n\n<div class=\"bttn-align-center\"><a href=\"https:\/\/www.jamescropper.com\/\" target=\"_blank\" class=\"bttn has-color-1-bttn-color bttn--md\"><span class=\"bttn__cont-label-icon\"><span class=\"bttn__label\">Visitez le site internet de James Cropper<\/span><i aria-hidden=\"true\" class=\" \"><\/i><\/span><\/a><\/div>\n\n\n<h2 class=\"has-text-align-center has-color-2-color has-color-1-background-color has-text-color has-background\">PARTENAIRES 2023<\/h2>\n\n\n\n<div class=\"has-5-columns wp-block-columns alignwide are-vertically-aligned-center is-style-jc-space-between\">\n<div class=\" wp-block-column is-vertically-aligned-center\"><figure  class=\"block-img is-style-default aligncenter width-100 only-all\"><a href=\"https:\/\/www.jamescropper.com\/\" target=\"_blank\"><img class=\"\" style=\"\" src=\"https:\/\/prix.formesdeluxe.com\/app\/uploads\/2023\/07\/James-cropper-Logo-black-on-white.jpg\" alt=\"\" width=\"934\" height=\"389\"><\/a><\/figure><\/div>\n\n\n\n<div class=\" wp-block-column is-vertically-aligned-center\"><figure  class=\"block-img is-style-default alignwide width-75 only-all\"><a href=\"https:\/\/prix.formesdeluxe.com\/fr\/partenaires-2023\/devpack\/\" target=\"_blank\"><img class=\"\" style=\"\" src=\"https:\/\/prix.formesdeluxe.com\/app\/uploads\/2023\/07\/DEVPACK-02.png\" alt=\"\" width=\"285\" height=\"284\"><\/a><\/figure><\/div>\n\n\n\n<div class=\" wp-block-column\"><figure  class=\"block-img is-style-default alignfull width-75 only-all\"><a href=\"https:\/\/prix.formesdeluxe.com\/fr\/partenaires-2023\/neyret-2\/\" target=\"_blank\"><img class=\"\" style=\"\" src=\"https:\/\/prix.formesdeluxe.com\/app\/uploads\/2023\/07\/Neyret-logo-3-1.png\" alt=\"\" width=\"1772\" height=\"1134\"><\/a><\/figure><\/div>\n\n\n\n<div class=\" wp-block-column\"><figure  class=\"block-img is-style-default alignwide width-75 only-all\"><a href=\"https:\/\/prix.formesdeluxe.com\/fr\/partenaires-2023\/visit-monaco-2\/\" target=\"_blank\"><img class=\"\" style=\"\" src=\"https:\/\/prix.formesdeluxe.com\/app\/uploads\/2021\/07\/LOGO-MASTER-GENERAL-RVB.jpg\" alt=\"\" width=\"800\" height=\"247\"><\/a><\/figure><\/div>\n\n\n\n<div class=\" wp-block-column\"><figure  class=\"block-img is-style-default  width-100 only-all\"><a href=\"https:\/\/prix.formesdeluxe.com\/fr\/partenaires-2023\/metropack-2\/\" target=\"_blank\"><img class=\"\" style=\"\" src=\"https:\/\/prix.formesdeluxe.com\/app\/uploads\/2023\/07\/logotype-metropack.jpg\" alt=\"\" width=\"2000\" height=\"447\"><\/a><\/figure><\/div>\n<\/div>\n","protected":false},"excerpt":{"rendered":"<p>James Cropper est un leader du march\u00e9 des mat\u00e9riaux avanc\u00e9s et des produits papetiers. Dirig\u00e9e par la famille Cropper depuis&hellip;<\/p>\n","protected":false},"author":16,"featured_media":0,"parent":7397,"menu_order":0,"comment_status":"closed","ping_status":"closed","template":"","meta":[],"yoast_head":"<!-- This site is optimized with the Yoast SEO plugin v15.9.2 - https:\/\/yoast.com\/wordpress\/plugins\/seo\/ -->\n<meta name=\"robots\" content=\"index, follow, max-snippet:-1, max-image-preview:large, max-video-preview:-1\" \/>\n<link rel=\"canonical\" href=\"https:\/\/prix.formesdeluxe.com\/fr\/partenaires-2023\/https-www-jamescropper-com\/\" \/>\n<meta property=\"og:locale\" content=\"fr_FR\" \/>\n<meta property=\"og:type\" content=\"article\" \/>\n<meta property=\"og:title\" content=\"James Cropper - Prix Formes de Luxe\" \/>\n<meta property=\"og:description\" content=\"James Cropper est un leader du march\u00e9 des mat\u00e9riaux avanc\u00e9s et des produits papetiers. Dirig\u00e9e par la famille Cropper depuis&hellip;\" \/>\n<meta property=\"og:url\" content=\"https:\/\/prix.formesdeluxe.com\/fr\/partenaires-2023\/https-www-jamescropper-com\/\" \/>\n<meta property=\"og:site_name\" content=\"Prix Formes de Luxe\" \/>\n<meta property=\"article:modified_time\" content=\"2024-02-06T13:42:29+00:00\" \/>\n<meta name=\"twitter:card\" content=\"summary_large_image\" \/>\n<meta name=\"twitter:label1\" content=\"Est. reading time\">\n\t<meta name=\"twitter:data1\" content=\"1 minute\">\n<script type=\"application\/ld+json\" class=\"yoast-schema-graph\">{\"@context\":\"https:\/\/schema.org\",\"@graph\":[{\"@type\":\"WebSite\",\"@id\":\"https:\/\/prix.formesdeluxe.com\/#website\",\"url\":\"https:\/\/prix.formesdeluxe.com\/\",\"name\":\"Prix Formes de Luxe\",\"description\":\"Un site utilisant WordPress\",\"potentialAction\":[{\"@type\":\"SearchAction\",\"target\":\"https:\/\/prix.formesdeluxe.com\/?s={search_term_string}\",\"query-input\":\"required name=search_term_string\"}],\"inLanguage\":\"fr-FR\"},{\"@type\":\"WebPage\",\"@id\":\"https:\/\/prix.formesdeluxe.com\/fr\/partenaires-2023\/https-www-jamescropper-com\/#webpage\",\"url\":\"https:\/\/prix.formesdeluxe.com\/fr\/partenaires-2023\/https-www-jamescropper-com\/\",\"name\":\"James Cropper - Prix Formes de Luxe\",\"isPartOf\":{\"@id\":\"https:\/\/prix.formesdeluxe.com\/#website\"},\"datePublished\":\"2023-08-31T08:55:34+00:00\",\"dateModified\":\"2024-02-06T13:42:29+00:00\",\"breadcrumb\":{\"@id\":\"https:\/\/prix.formesdeluxe.com\/fr\/partenaires-2023\/https-www-jamescropper-com\/#breadcrumb\"},\"inLanguage\":\"fr-FR\",\"potentialAction\":[{\"@type\":\"ReadAction\",\"target\":[\"https:\/\/prix.formesdeluxe.com\/fr\/partenaires-2023\/https-www-jamescropper-com\/\"]}]},{\"@type\":\"BreadcrumbList\",\"@id\":\"https:\/\/prix.formesdeluxe.com\/fr\/partenaires-2023\/https-www-jamescropper-com\/#breadcrumb\",\"itemListElement\":[{\"@type\":\"ListItem\",\"position\":1,\"item\":{\"@type\":\"WebPage\",\"@id\":\"https:\/\/prix.formesdeluxe.com\/fr\/\",\"url\":\"https:\/\/prix.formesdeluxe.com\/fr\/\",\"name\":\"Home\"}},{\"@type\":\"ListItem\",\"position\":2,\"item\":{\"@type\":\"WebPage\",\"@id\":\"https:\/\/prix.formesdeluxe.com\/fr\/partenaires-2023\/\",\"url\":\"https:\/\/prix.formesdeluxe.com\/fr\/partenaires-2023\/\",\"name\":\"Partenaires 2023\"}},{\"@type\":\"ListItem\",\"position\":3,\"item\":{\"@type\":\"WebPage\",\"@id\":\"https:\/\/prix.formesdeluxe.com\/fr\/partenaires-2023\/https-www-jamescropper-com\/\",\"url\":\"https:\/\/prix.formesdeluxe.com\/fr\/partenaires-2023\/https-www-jamescropper-com\/\",\"name\":\"James Cropper\"}}]}]}<\/script>\n<!-- \/ Yoast SEO plugin. -->","_links":{"self":[{"href":"https:\/\/prix.formesdeluxe.com\/fr\/wp-json\/wp\/v2\/pages\/7620"}],"collection":[{"href":"https:\/\/prix.formesdeluxe.com\/fr\/wp-json\/wp\/v2\/pages"}],"about":[{"href":"https:\/\/prix.formesdeluxe.com\/fr\/wp-json\/wp\/v2\/types\/page"}],"author":[{"embeddable":true,"href":"https:\/\/prix.formesdeluxe.com\/fr\/wp-json\/wp\/v2\/users\/16"}],"replies":[{"embeddable":true,"href":"https:\/\/prix.formesdeluxe.com\/fr\/wp-json\/wp\/v2\/comments?post=7620"}],"version-history":[{"count":1,"href":"https:\/\/prix.formesdeluxe.com\/fr\/wp-json\/wp\/v2\/pages\/7620\/revisions"}],"predecessor-version":[{"id":7622,"href":"https:\/\/prix.formesdeluxe.com\/fr\/wp-json\/wp\/v2\/pages\/7620\/revisions\/7622"}],"up":[{"embeddable":true,"href":"https:\/\/prix.formesdeluxe.com\/fr\/wp-json\/wp\/v2\/pages\/7397"}],"wp:attachment":[{"href":"https:\/\/prix.formesdeluxe.com\/fr\/wp-json\/wp\/v2\/media?parent=7620"}],"curies":[{"name":"wp","href":"https:\/\/api.w.org\/{rel}","templated":true}]}}