{"id":7986,"date":"2024-02-06T15:20:52","date_gmt":"2024-02-06T14:20:52","guid":{"rendered":"https:\/\/prix.formesdeluxe.com\/?page_id=7986"},"modified":"2024-08-26T11:07:46","modified_gmt":"2024-08-26T09:07:46","slug":"2024-partenaires","status":"publish","type":"page","link":"https:\/\/prix.formesdeluxe.com\/fr\/2024-partenaires\/","title":{"rendered":"Partenaires 2024"},"content":{"rendered":"\n<div class=\"has-2-columns wp-block-columns is-style-jc-center\">\n<div class=\" wp-block-column\"><section class=\"card-simple has-box-shadow is-lien-button has-text-align-center\" style=\"box-shadow:0px 5px 15px  rgba(0,0,0,0.1);\"><div><div itemscope itemtype=\"https:\/\/schema.org\/ImageObject\" class=\"card-simple__cont-img card-simple__cont-img--contain\" style=\"background-image: url(https:\/\/prix.formesdeluxe.com\/app\/uploads\/2023\/09\/2-1-e1693838793380.png)\"><meta itemprop=\"contentUrl\" content=\"https:\/\/prix.formesdeluxe.com\/app\/uploads\/2023\/09\/2-1-e1693838793380.png\"\/><\/div><div class=\"card-simple__cont-infos\"><h3 class=\"card-simple__titre \"><\/h3><div class=\"card-simple__content\"><p>Les produits de luxe se distinguent par l\u2019\u00e9motion intense qu\u2019ils procurent.<br>Ceci est le r\u00e9sultant d\u2019un travail d\u2019exception et d\u2019un niveau d\u2019exigence hors du commun. <br><br><\/p><\/div><a class=\"card-simple__lien  card-simple__lien--left has-bttn-style-lien\" href=\"https:\/\/prix.formesdeluxe.com\/fr\/2024-partenaires\/metropack-2024\/\" target=\"_self\"><span class=\"bttn bttn--icon bttn--md is-style-lien\"><span class=\"bttn__cont-label-icon\"><span class=\"bttn__label\">En savoir plus<\/span><i class=\"icon-fleche-droite\"><\/i><\/span><\/span><\/a><\/div><\/div><\/section>\n\n<section class=\"card-simple has-box-shadow is-lien-button has-text-align-center\" style=\"box-shadow:0px 5px 15px  rgba(0,0,0,0.1);\"><div><div itemscope itemtype=\"https:\/\/schema.org\/ImageObject\" class=\"card-simple__cont-img card-simple__cont-img--contain\" style=\"background-image: url(https:\/\/prix.formesdeluxe.com\/app\/uploads\/2024\/04\/DEVPACK-01-1.png)\"><meta itemprop=\"contentUrl\" content=\"https:\/\/prix.formesdeluxe.com\/app\/uploads\/2024\/04\/DEVPACK-01-1.png\"\/><\/div><div class=\"card-simple__cont-infos\"><h3 class=\"card-simple__titre \"><\/h3><div class=\"card-simple__content\"><p>Depuis plus de 7 ans Dev&#8217;Pack met son expertise au service de ses clients,<br> dans une d\u00e9marche \u00e9co-responsable et optimis\u00e9e, afin de les accompagner en am\u00e9lioration,<br>d\u00e9veloppement et innovation packaging : primaire, secondaire ou tertiaire.<br><br><\/p><\/div><a class=\"card-simple__lien  card-simple__lien--left has-bttn-style-lien\" href=\"https:\/\/prix.formesdeluxe.com\/fr\/2024-partenaires\/devpack\/\" target=\"_self\"><span class=\"bttn bttn--icon bttn--md is-style-lien\"><span class=\"bttn__cont-label-icon\"><span class=\"bttn__label\">En savoir plus<\/span><i class=\"icon-fleche-droite\"><\/i><\/span><\/span><\/a><\/div><\/div><\/section>\n\n<section class=\"card-simple has-box-shadow is-lien-button has-text-align-center\" style=\"box-shadow:0px 5px 15px  rgba(0,0,0,0.1);\"><div><div itemscope itemtype=\"https:\/\/schema.org\/ImageObject\" class=\"card-simple__cont-img card-simple__cont-img--contain\" style=\"background-image: url(https:\/\/prix.formesdeluxe.com\/app\/uploads\/2023\/09\/3-3-e1693838931442.png)\"><meta itemprop=\"contentUrl\" content=\"https:\/\/prix.formesdeluxe.com\/app\/uploads\/2023\/09\/3-3-e1693838931442.png\"\/><\/div><div class=\"card-simple__cont-infos\"><h3 class=\"card-simple__titre \"><\/h3><div class=\"card-simple__content\"><p>S\u2019\u00e9tendant sur un territoire de 2 km2, la Principaut\u00e9 de Monaco est le deuxi\u00e8me plus petit pays au monde. Nich\u00e9e au c\u0153ur de l\u2019Europe, cette cit\u00e9-\u00e9tat rev\u00eat une multitude de facettes uniques qui la rendent c\u00e9l\u00e8bre dans le monde entier.<br><\/p><\/div><a class=\"card-simple__lien  card-simple__lien--left has-bttn-style-lien\" href=\"https:\/\/prix.formesdeluxe.com\/fr\/2024-partenaires\/visit-monaco\/\" target=\"_self\"><span class=\"bttn bttn--icon bttn--md is-style-lien\"><span class=\"bttn__cont-label-icon\"><span class=\"bttn__label\">En savoir plus<\/span><i class=\"icon-fleche-droite\"><\/i><\/span><\/span><\/a><\/div><\/div><\/section>\n\n<section class=\"card-simple has-box-shadow is-lien-button has-text-align-center\" style=\"box-shadow:0px 5px 15px  rgba(0,0,0,0.1);\"><div><div itemscope itemtype=\"https:\/\/schema.org\/ImageObject\" class=\"card-simple__cont-img card-simple__cont-img--contain\" style=\"background-image: url(https:\/\/prix.formesdeluxe.com\/app\/uploads\/2024\/07\/LOGO-SIN-REJAC.pdf-2.png)\"><meta itemprop=\"contentUrl\" content=\"https:\/\/prix.formesdeluxe.com\/app\/uploads\/2024\/07\/LOGO-SIN-REJAC.pdf-2.png\"\/><\/div><div class=\"card-simple__cont-infos\"><h3 class=\"card-simple__titre \"><\/h3><div class=\"card-simple__content\"><p>\u00ab Depuis 1947, nous tissons, et imprimons des rubans avec de l\u2019encre relief pour les plus grandes marques de Luxe mondiales. Nos rubans sont utilis\u00e9s aussi bien dans les domaines des Cosm\u00e9tiques, de la Parfumerie, de la Mode et de la Haute Couture, des Arts de la Table, du Vin et des Alcools, de la Gastronomie, de l\u2019H\u00f4tellerie de Luxe, des Grandes Tables, de la Joaillerie et de l\u2019Horlogerie \u00bb.<br><\/p><\/div><a class=\"card-simple__lien  card-simple__lien--left has-bttn-style-lien\" href=\"https:\/\/prix.formesdeluxe.com\/fr\/2024-partenaires\/sin-rejac\/\" target=\"_self\"><span class=\"bttn bttn--icon bttn--md is-style-lien\"><span class=\"bttn__cont-label-icon\"><span class=\"bttn__label\">En savoir plus<\/span><i class=\"icon-fleche-droite\"><\/i><\/span><\/span><\/a><\/div><\/div><\/section><\/div>\n\n\n\n<div class=\" wp-block-column\"><section class=\"card-simple has-box-shadow is-lien-button has-text-align-center\" style=\"box-shadow:0px 5px 15px  rgba(0,0,0,0.1);\"><div><div itemscope itemtype=\"https:\/\/schema.org\/ImageObject\" class=\"card-simple__cont-img card-simple__cont-img--contain\" style=\"background-image: url(https:\/\/prix.formesdeluxe.com\/app\/uploads\/2024\/04\/LOGO-SCENTYS-OR-FOND-BLANC_vertical-2-edited-1200x748.jpg)\"><meta itemprop=\"contentUrl\" content=\"https:\/\/prix.formesdeluxe.com\/app\/uploads\/2024\/04\/LOGO-SCENTYS-OR-FOND-BLANC_vertical-2-edited-1200x748.jpg\"\/><\/div><div class=\"card-simple__cont-infos\"><h3 class=\"card-simple__titre \"><\/h3><div class=\"card-simple__content\"><p>Pionnier de la diffusion de parfum et expert en cr\u00e9ation d\u2019exp\u00e9rience olfactive,                                                       <br>                                 Scentys innove sans cesse depuis 2004 afin de mettre ses technologies de pointe au service des plus grandes marques.<br><br><\/p><\/div><a class=\"card-simple__lien  card-simple__lien--left has-bttn-style-lien\" href=\"https:\/\/prix.formesdeluxe.com\/fr\/2024-partenaires\/scentys\/\" target=\"_self\"><span class=\"bttn bttn--icon bttn--md is-style-lien\"><span class=\"bttn__cont-label-icon\"><span class=\"bttn__label\">En savoir plus<\/span><i class=\"icon-fleche-droite\"><\/i><\/span><\/span><\/a><\/div><\/div><\/section>\n\n<section class=\"card-simple has-box-shadow is-lien-button has-text-align-center\" style=\"box-shadow:0px 5px 15px  rgba(0,0,0,0.1);\"><div><div itemscope itemtype=\"https:\/\/schema.org\/ImageObject\" class=\"card-simple__cont-img card-simple__cont-img--contain\" style=\"background-image: url(https:\/\/prix.formesdeluxe.com\/app\/uploads\/2024\/04\/PGP-Glass-Logo-Final-1200x1946.jpg)\"><meta itemprop=\"contentUrl\" content=\"https:\/\/prix.formesdeluxe.com\/app\/uploads\/2024\/04\/PGP-Glass-Logo-Final-1200x1946.jpg\"\/><\/div><div class=\"card-simple__cont-infos\"><h3 class=\"card-simple__titre \"><\/h3><div class=\"card-simple__content\"><p> PGP Glass est un fabricant de solutions d\u2019emballage en verre pour les secteurs de la cosm\u00e9tique, de la parfumerie, des spiritueux et de la pharmacie. Des options standards et personnalis\u00e9es\u00a0sont disponibles pour r\u00e9pondre aux besoins de chaque client.<br><br><\/p><\/div><a class=\"card-simple__lien  card-simple__lien--left has-bttn-style-lien\" href=\"https:\/\/prix.formesdeluxe.com\/fr\/2024-partenaires\/pgp-glass\/\" target=\"_self\"><span class=\"bttn bttn--icon bttn--md is-style-lien\"><span class=\"bttn__cont-label-icon\"><span class=\"bttn__label\">En savoir plus<\/span><i class=\"icon-fleche-droite\"><\/i><\/span><\/span><\/a><\/div><\/div><\/section>\n\n<section class=\"card-simple has-box-shadow is-lien-button has-text-align-center\" style=\"box-shadow:0px 5px 15px  rgba(0,0,0,0.1);\"><div><div itemscope itemtype=\"https:\/\/schema.org\/ImageObject\" class=\"card-simple__cont-img card-simple__cont-img--contain\" style=\"background-image: url(https:\/\/prix.formesdeluxe.com\/app\/uploads\/2024\/06\/REVOL-logo-Corporate_medium-logo_Black_jpeg-3-1200x1062.jpg)\"><meta itemprop=\"contentUrl\" content=\"https:\/\/prix.formesdeluxe.com\/app\/uploads\/2024\/06\/REVOL-logo-Corporate_medium-logo_Black_jpeg-3-1200x1062.jpg\"\/><\/div><div class=\"card-simple__cont-infos\"><h3 class=\"card-simple__titre \"><\/h3><div class=\"card-simple__content\"><p><br>REVOL est une manufacture fran\u00e7aise et familiale, fond\u00e9e en 1768 et bas\u00e9e \u00e0 Saint-Uze dans la Dr\u00f4me. Engag\u00e9e dans la pr\u00e9servation et la transmission des savoir-faire c\u00e9ramiques elle con\u00e7oit, design et fabrique des objets sur-mesure d\u2019exception pour les marques, ainsi que des pi\u00e8ces de porcelaine de haute facture pour l\u2019h\u00f4tellerie-restauration<\/p><\/div><a class=\"card-simple__lien  card-simple__lien--left has-bttn-style-lien\" href=\"https:\/\/prix.formesdeluxe.com\/fr\/2024-partenaires\/revol\/\" target=\"_self\"><span class=\"bttn bttn--icon bttn--md is-style-lien\"><span class=\"bttn__cont-label-icon\"><span class=\"bttn__label\">En savoir plus<\/span><i class=\"icon-fleche-droite\"><\/i><\/span><\/span><\/a><\/div><\/div><\/section>\n\n<section class=\"card-simple has-box-shadow is-lien-button has-text-align-center\" style=\"box-shadow:0px 5px 15px  rgba(0,0,0,0.1);\"><div><div itemscope itemtype=\"https:\/\/schema.org\/ImageObject\" class=\"card-simple__cont-img card-simple__cont-img--contain\" style=\"background-image: url(https:\/\/prix.formesdeluxe.com\/app\/uploads\/2024\/07\/Nuon_logo3-1.jpg)\"><meta itemprop=\"contentUrl\" content=\"https:\/\/prix.formesdeluxe.com\/app\/uploads\/2024\/07\/Nuon_logo3-1.jpg\"\/><\/div><div class=\"card-simple__cont-infos\"><h3 class=\"card-simple__titre \"><\/h3><div class=\"card-simple__content\"><p>Nuon Medical Technologies est un sp\u00e9cialiste de l\u2019enrichissement cosm\u00e9tique. Avec plus de 18 ans d\u2019expertise dans les technologies m\u00e9dicales, Nuon a \u00e9t\u00e9 \u00e0 l\u2019avant-garde du d\u00e9veloppement de solutions avanc\u00e9es en mati\u00e8re de soins de la peau.<\/p><\/div><a class=\"card-simple__lien  card-simple__lien--left has-bttn-style-lien\" href=\"https:\/\/prix.formesdeluxe.com\/fr\/2024-partenaires\/nuon\/\" target=\"_self\"><span class=\"bttn bttn--icon bttn--md is-style-lien\"><span class=\"bttn__cont-label-icon\"><span class=\"bttn__label\">En savoir plus<\/span><i class=\"icon-fleche-droite\"><\/i><\/span><\/span><\/a><\/div><\/div><\/section>\n\n\n<p><\/p>\n\n\n\n<p><\/p>\n<\/div>\n<\/div>\n","protected":false},"excerpt":{"rendered":"","protected":false},"author":17,"featured_media":0,"parent":0,"menu_order":0,"comment_status":"closed","ping_status":"closed","template":"","meta":[],"yoast_head":"<!-- This site is optimized with the Yoast SEO plugin v15.9.2 - https:\/\/yoast.com\/wordpress\/plugins\/seo\/ -->\n<meta name=\"robots\" content=\"index, follow, max-snippet:-1, max-image-preview:large, max-video-preview:-1\" \/>\n<link rel=\"canonical\" href=\"https:\/\/prix.formesdeluxe.com\/fr\/2024-partenaires\/\" \/>\n<meta property=\"og:locale\" content=\"fr_FR\" \/>\n<meta property=\"og:type\" content=\"article\" \/>\n<meta property=\"og:title\" content=\"Partenaires 2024 - Prix Formes de Luxe\" \/>\n<meta property=\"og:url\" content=\"https:\/\/prix.formesdeluxe.com\/fr\/2024-partenaires\/\" \/>\n<meta property=\"og:site_name\" content=\"Prix Formes de Luxe\" \/>\n<meta property=\"article:modified_time\" content=\"2024-08-26T09:07:46+00:00\" \/>\n<meta name=\"twitter:card\" content=\"summary_large_image\" \/>\n<script type=\"application\/ld+json\" class=\"yoast-schema-graph\">{\"@context\":\"https:\/\/schema.org\",\"@graph\":[{\"@type\":\"WebSite\",\"@id\":\"https:\/\/prix.formesdeluxe.com\/#website\",\"url\":\"https:\/\/prix.formesdeluxe.com\/\",\"name\":\"Prix Formes de Luxe\",\"description\":\"Un site utilisant WordPress\",\"potentialAction\":[{\"@type\":\"SearchAction\",\"target\":\"https:\/\/prix.formesdeluxe.com\/?s={search_term_string}\",\"query-input\":\"required name=search_term_string\"}],\"inLanguage\":\"fr-FR\"},{\"@type\":\"WebPage\",\"@id\":\"https:\/\/prix.formesdeluxe.com\/fr\/2024-partenaires\/#webpage\",\"url\":\"https:\/\/prix.formesdeluxe.com\/fr\/2024-partenaires\/\",\"name\":\"Partenaires 2024 - Prix Formes de Luxe\",\"isPartOf\":{\"@id\":\"https:\/\/prix.formesdeluxe.com\/#website\"},\"datePublished\":\"2024-02-06T14:20:52+00:00\",\"dateModified\":\"2024-08-26T09:07:46+00:00\",\"breadcrumb\":{\"@id\":\"https:\/\/prix.formesdeluxe.com\/fr\/2024-partenaires\/#breadcrumb\"},\"inLanguage\":\"fr-FR\",\"potentialAction\":[{\"@type\":\"ReadAction\",\"target\":[\"https:\/\/prix.formesdeluxe.com\/fr\/2024-partenaires\/\"]}]},{\"@type\":\"BreadcrumbList\",\"@id\":\"https:\/\/prix.formesdeluxe.com\/fr\/2024-partenaires\/#breadcrumb\",\"itemListElement\":[{\"@type\":\"ListItem\",\"position\":1,\"item\":{\"@type\":\"WebPage\",\"@id\":\"https:\/\/prix.formesdeluxe.com\/fr\/\",\"url\":\"https:\/\/prix.formesdeluxe.com\/fr\/\",\"name\":\"Home\"}},{\"@type\":\"ListItem\",\"position\":2,\"item\":{\"@type\":\"WebPage\",\"@id\":\"https:\/\/prix.formesdeluxe.com\/fr\/2024-partenaires\/\",\"url\":\"https:\/\/prix.formesdeluxe.com\/fr\/2024-partenaires\/\",\"name\":\"Partenaires 2024\"}}]}]}<\/script>\n<!-- \/ Yoast SEO plugin. -->","_links":{"self":[{"href":"https:\/\/prix.formesdeluxe.com\/fr\/wp-json\/wp\/v2\/pages\/7986"}],"collection":[{"href":"https:\/\/prix.formesdeluxe.com\/fr\/wp-json\/wp\/v2\/pages"}],"about":[{"href":"https:\/\/prix.formesdeluxe.com\/fr\/wp-json\/wp\/v2\/types\/page"}],"author":[{"embeddable":true,"href":"https:\/\/prix.formesdeluxe.com\/fr\/wp-json\/wp\/v2\/users\/17"}],"replies":[{"embeddable":true,"href":"https:\/\/prix.formesdeluxe.com\/fr\/wp-json\/wp\/v2\/comments?post=7986"}],"version-history":[{"count":32,"href":"https:\/\/prix.formesdeluxe.com\/fr\/wp-json\/wp\/v2\/pages\/7986\/revisions"}],"predecessor-version":[{"id":9015,"href":"https:\/\/prix.formesdeluxe.com\/fr\/wp-json\/wp\/v2\/pages\/7986\/revisions\/9015"}],"wp:attachment":[{"href":"https:\/\/prix.formesdeluxe.com\/fr\/wp-json\/wp\/v2\/media?parent=7986"}],"curies":[{"name":"wp","href":"https:\/\/api.w.org\/{rel}","templated":true}]}}