{"id":8345,"date":"2024-04-10T14:40:49","date_gmt":"2024-04-10T12:40:49","guid":{"rendered":"https:\/\/prix.formesdeluxe.com\/?page_id=8345"},"modified":"2024-07-12T12:20:25","modified_gmt":"2024-07-12T10:20:25","slug":"pgp-glass","status":"publish","type":"page","link":"https:\/\/prix.formesdeluxe.com\/fr\/2024-partenaires\/pgp-glass\/","title":{"rendered":"PGP Glass"},"content":{"rendered":"\n<div class=\"has-2-columns wp-block-columns\">\n<div class=\" wp-block-column\" style=\"flex-basis:33.33%\"><figure  class=\"block-img is-style-default  width-25 only-all\"><a href=\"https:\/\/www.pgpfirst.com\/\" target=\"_blank\"><img class=\"\" style=\"\" src=\"https:\/\/prix.formesdeluxe.com\/app\/uploads\/2024\/04\/PGP-Glass-Logo-Final-scaled.jpg\" alt=\"\" width=\"1579\" height=\"2560\"><\/a><\/figure><\/div>\n\n\n\n<div class=\" wp-block-column\" style=\"flex-basis:66.66%\">\n<p class=\"has-medium-font-size\"><\/p>\n\n\n\n<p>PGP Glass est un fabricant de solutions d\u2019emballage en verre pour les secteurs de la cosm\u00e9tique, de la parfumerie, des spiritueux et de la pharmacie. Des options standards et personnalis\u00e9es&nbsp;sont disponibles pour r\u00e9pondre aux besoins de chaque client.<\/p>\n\n\n\n<p>L\u2019expertise du fournisseur inclut l\u2019ensemble du processus, de la conception de pointe et la cr\u00e9ation de moules \u00e0 une gamme compl\u00e8te de techniques de d\u00e9coration&nbsp;: impression, estampage \u00e0 chaud, rev\u00eatement, gla\u00e7age, autocollants, collage, impression num\u00e9rique et m\u00e9tallisation.<\/p>\n\n\n\n<p>PGP Glass b\u00e9n\u00e9ficie d\u2019une pr\u00e9sence mondiale, avec une capacit\u00e9 de production quotidienne de 1530 tonnes de verre, qui augmentera de 120 tonnes au second semestre 2024. L\u2019innovation permanente et l\u2019investissement dans les nouvelles technologies sont cl\u00e9s, tout comme son engagement en termes de d\u00e9veloppement durable. Certifi\u00e9 Ecovadis Platinum depuis 2023, PGP Glass travaille \u00e0 r\u00e9duire son empreinte carbone et \u00e0 mettre en place des pratiques respectueuses de l\u2019environnement tout au long de ses op\u00e9rations. Le fabricant \u2013 qui vise la neutralit\u00e9 carbone d\u2019ici \u00e0 2050 \u2013 investit dans les \u00e9nergies renouvelables, la pr\u00e9servation de l\u2019eau et la biodiversit\u00e9.<\/p>\n<\/div>\n<\/div>\n\n\n<div class=\"bttn-align-center\"><a href=\"https:\/\/www.pgpfirst.com\/\" target=\"_blank\" class=\"bttn has-color-1-bttn-color bttn--md\"><span class=\"bttn__cont-label-icon\"><span class=\"bttn__label\">Visitez le site internet de PGP Glass<\/span><i aria-hidden=\"true\" class=\" \"><\/i><\/span><\/a><\/div>\n\n\n<div class=\"has-8-columns wp-block-columns alignwide are-vertically-aligned-center is-style-jc-space-between\">\n<div class=\" wp-block-column is-vertically-aligned-center\" style=\"flex-basis:14%\">\n<p style=\"font-size:1px\"><\/p>\n\n\n<figure  class=\"block-img is-style-default alignwide width-100 only-all\"><a href=\"https:\/\/prix.formesdeluxe.com\/fr\/2024-partenaires\/devpack\/\" target=\"_blank\"><img class=\"\" style=\"\" src=\"https:\/\/prix.formesdeluxe.com\/app\/uploads\/2024\/04\/DEVPACK-01-2.png\" alt=\"\" width=\"383\" height=\"167\"><\/a><\/figure>\n\n\n<p><\/p>\n<\/div>\n\n\n\n<div class=\" wp-block-column is-vertically-aligned-center\" style=\"flex-basis:14%\">\n<p><\/p>\n\n\n<figure  class=\"block-img is-style-default alignwide width-100 only-all\"><a href=\"https:\/\/prix.formesdeluxe.com\/fr\/2024-partenaires\/scentys\/\" target=\"_blank\"><img class=\"\" style=\"\" src=\"https:\/\/prix.formesdeluxe.com\/app\/uploads\/2024\/04\/LOGO-SCENTYS-OR-FOND-BLANC_vertical-2-edited-2.jpg\" alt=\"\" width=\"1240\" height=\"698\"><figcaption><br><\/figcaption><\/a><\/figure><\/div>\n\n\n\n<div class=\" wp-block-column\" style=\"flex-basis:14%\">\n<p><\/p>\n\n\n<figure  class=\"block-img is-style-default alignwide width-50 only-all\"><a href=\"https:\/\/prix.formesdeluxe.com\/fr\/2024-partenaires\/pgp-glass\/\" target=\"_blank\"><img class=\"\" style=\"\" src=\"https:\/\/prix.formesdeluxe.com\/app\/uploads\/2024\/06\/PGP-Glass-Logo-Final-2-scaled-e1719400131231.jpg\" alt=\"\" width=\"1500\" height=\"2263\"><figcaption><br><br><\/figcaption><\/a><\/figure><\/div>\n\n\n\n<div class=\" wp-block-column\" style=\"flex-basis:14%\"><figure  class=\"block-img is-style-default alignwide width-100 only-all\"><a href=\"https:\/\/prix.formesdeluxe.com\/fr\/2024-partenaires\/nuon\/\" target=\"_blank\"><img class=\"\" style=\"\" src=\"https:\/\/prix.formesdeluxe.com\/app\/uploads\/2024\/07\/Nuon_logo3-2.jpg\" alt=\"\" width=\"800\" height=\"362\"><\/a><\/figure><\/div>\n\n\n\n<div class=\" wp-block-column\" style=\"flex-basis:14%\"><figure  class=\"block-img is-style-default alignwide width-100 only-all\"><a href=\"https:\/\/prix.formesdeluxe.com\/fr\/2024-partenaires\/metropack-2024\/\" target=\"_blank\"><img class=\"\" style=\"\" src=\"https:\/\/prix.formesdeluxe.com\/app\/uploads\/2023\/07\/logotype-metropack.jpg\" alt=\"\" width=\"2000\" height=\"447\"><\/a><\/figure><\/div>\n\n\n\n<div class=\" wp-block-column\" style=\"flex-basis:14%\">\n<p><\/p>\n\n\n<figure  class=\"block-img is-style-default alignwide width-50 only-all\"><a href=\"https:\/\/prix.formesdeluxe.com\/fr\/2024-partenaires\/revol\/\" target=\"_blank\"><img class=\"\" style=\"\" src=\"https:\/\/prix.formesdeluxe.com\/app\/uploads\/2024\/06\/REVOL-logo-Corporate_medium-logo_Black_jpeg-3-e1719393397251.jpg\" alt=\"\" width=\"1200\" height=\"1062\"><figcaption><br><\/figcaption><\/a><\/figure>\n\n\n<p><\/p>\n<\/div>\n\n\n\n<div class=\" wp-block-column\" style=\"flex-basis:14%\"><figure  class=\"block-img is-style-default alignwide width-100 only-all\"><a href=\"https:\/\/prix.formesdeluxe.com\/fr\/2024-partenaires\/sin-rejac\/\" target=\"_blank\"><img class=\"\" style=\"\" src=\"https:\/\/prix.formesdeluxe.com\/app\/uploads\/2024\/07\/SIN-REJAC-4-3.png\" alt=\"\" width=\"181\" height=\"69\"><\/a><\/figure><\/div>\n\n\n\n<div class=\" wp-block-column\" style=\"flex-basis:14%\"><figure  class=\"block-img is-style-default alignwide width-75 only-all\"><a href=\"https:\/\/prix.formesdeluxe.com\/fr\/2024-partenaires\/visit-monaco\/\" target=\"_blank\"><img class=\"\" style=\"\" src=\"https:\/\/prix.formesdeluxe.com\/app\/uploads\/2024\/06\/Logo-Visit-Monaco-detoure_Sponsor.png\" alt=\"\" width=\"800\" height=\"247\"><\/a><\/figure>\n\n\n<p><\/p>\n\n\n\n<p><\/p>\n\n\n\n<p><\/p>\n<\/div>\n<\/div>\n","protected":false},"excerpt":{"rendered":"<p>PGP Glass est un fabricant de solutions d\u2019emballage en verre pour les secteurs de la cosm\u00e9tique, de la parfumerie, des&hellip;<\/p>\n","protected":false},"author":17,"featured_media":0,"parent":7986,"menu_order":0,"comment_status":"closed","ping_status":"closed","template":"","meta":[],"yoast_head":"<!-- This site is optimized with the Yoast SEO plugin v15.9.2 - https:\/\/yoast.com\/wordpress\/plugins\/seo\/ -->\n<meta name=\"robots\" content=\"index, follow, max-snippet:-1, max-image-preview:large, max-video-preview:-1\" \/>\n<link rel=\"canonical\" href=\"https:\/\/prix.formesdeluxe.com\/fr\/2024-partenaires\/pgp-glass\/\" \/>\n<meta property=\"og:locale\" content=\"fr_FR\" \/>\n<meta property=\"og:type\" content=\"article\" \/>\n<meta property=\"og:title\" content=\"PGP Glass - Prix Formes de Luxe\" \/>\n<meta property=\"og:description\" content=\"PGP Glass est un fabricant de solutions d\u2019emballage en verre pour les secteurs de la cosm\u00e9tique, de la parfumerie, des&hellip;\" \/>\n<meta property=\"og:url\" content=\"https:\/\/prix.formesdeluxe.com\/fr\/2024-partenaires\/pgp-glass\/\" \/>\n<meta property=\"og:site_name\" content=\"Prix Formes de Luxe\" \/>\n<meta property=\"article:modified_time\" content=\"2024-07-12T10:20:25+00:00\" \/>\n<meta name=\"twitter:card\" content=\"summary_large_image\" \/>\n<meta name=\"twitter:label1\" content=\"Est. reading time\">\n\t<meta name=\"twitter:data1\" content=\"1 minute\">\n<script type=\"application\/ld+json\" class=\"yoast-schema-graph\">{\"@context\":\"https:\/\/schema.org\",\"@graph\":[{\"@type\":\"WebSite\",\"@id\":\"https:\/\/prix.formesdeluxe.com\/#website\",\"url\":\"https:\/\/prix.formesdeluxe.com\/\",\"name\":\"Prix Formes de Luxe\",\"description\":\"Un site utilisant WordPress\",\"potentialAction\":[{\"@type\":\"SearchAction\",\"target\":\"https:\/\/prix.formesdeluxe.com\/?s={search_term_string}\",\"query-input\":\"required name=search_term_string\"}],\"inLanguage\":\"fr-FR\"},{\"@type\":\"WebPage\",\"@id\":\"https:\/\/prix.formesdeluxe.com\/fr\/2024-partenaires\/pgp-glass\/#webpage\",\"url\":\"https:\/\/prix.formesdeluxe.com\/fr\/2024-partenaires\/pgp-glass\/\",\"name\":\"PGP Glass - Prix Formes de Luxe\",\"isPartOf\":{\"@id\":\"https:\/\/prix.formesdeluxe.com\/#website\"},\"datePublished\":\"2024-04-10T12:40:49+00:00\",\"dateModified\":\"2024-07-12T10:20:25+00:00\",\"breadcrumb\":{\"@id\":\"https:\/\/prix.formesdeluxe.com\/fr\/2024-partenaires\/pgp-glass\/#breadcrumb\"},\"inLanguage\":\"fr-FR\",\"potentialAction\":[{\"@type\":\"ReadAction\",\"target\":[\"https:\/\/prix.formesdeluxe.com\/fr\/2024-partenaires\/pgp-glass\/\"]}]},{\"@type\":\"BreadcrumbList\",\"@id\":\"https:\/\/prix.formesdeluxe.com\/fr\/2024-partenaires\/pgp-glass\/#breadcrumb\",\"itemListElement\":[{\"@type\":\"ListItem\",\"position\":1,\"item\":{\"@type\":\"WebPage\",\"@id\":\"https:\/\/prix.formesdeluxe.com\/fr\/\",\"url\":\"https:\/\/prix.formesdeluxe.com\/fr\/\",\"name\":\"Home\"}},{\"@type\":\"ListItem\",\"position\":2,\"item\":{\"@type\":\"WebPage\",\"@id\":\"https:\/\/prix.formesdeluxe.com\/fr\/2024-partenaires\/\",\"url\":\"https:\/\/prix.formesdeluxe.com\/fr\/2024-partenaires\/\",\"name\":\"Partenaires 2024\"}},{\"@type\":\"ListItem\",\"position\":3,\"item\":{\"@type\":\"WebPage\",\"@id\":\"https:\/\/prix.formesdeluxe.com\/fr\/2024-partenaires\/pgp-glass\/\",\"url\":\"https:\/\/prix.formesdeluxe.com\/fr\/2024-partenaires\/pgp-glass\/\",\"name\":\"PGP Glass\"}}]}]}<\/script>\n<!-- \/ Yoast SEO plugin. -->","_links":{"self":[{"href":"https:\/\/prix.formesdeluxe.com\/fr\/wp-json\/wp\/v2\/pages\/8345"}],"collection":[{"href":"https:\/\/prix.formesdeluxe.com\/fr\/wp-json\/wp\/v2\/pages"}],"about":[{"href":"https:\/\/prix.formesdeluxe.com\/fr\/wp-json\/wp\/v2\/types\/page"}],"author":[{"embeddable":true,"href":"https:\/\/prix.formesdeluxe.com\/fr\/wp-json\/wp\/v2\/users\/17"}],"replies":[{"embeddable":true,"href":"https:\/\/prix.formesdeluxe.com\/fr\/wp-json\/wp\/v2\/comments?post=8345"}],"version-history":[{"count":9,"href":"https:\/\/prix.formesdeluxe.com\/fr\/wp-json\/wp\/v2\/pages\/8345\/revisions"}],"predecessor-version":[{"id":8991,"href":"https:\/\/prix.formesdeluxe.com\/fr\/wp-json\/wp\/v2\/pages\/8345\/revisions\/8991"}],"up":[{"embeddable":true,"href":"https:\/\/prix.formesdeluxe.com\/fr\/wp-json\/wp\/v2\/pages\/7986"}],"wp:attachment":[{"href":"https:\/\/prix.formesdeluxe.com\/fr\/wp-json\/wp\/v2\/media?parent=8345"}],"curies":[{"name":"wp","href":"https:\/\/api.w.org\/{rel}","templated":true}]}}