{"id":8578,"date":"2024-06-26T09:13:22","date_gmt":"2024-06-26T07:13:22","guid":{"rendered":"https:\/\/prix.formesdeluxe.com\/?page_id=8578"},"modified":"2024-07-12T12:21:45","modified_gmt":"2024-07-12T10:21:45","slug":"revol","status":"publish","type":"page","link":"https:\/\/prix.formesdeluxe.com\/fr\/2024-partenaires\/revol\/","title":{"rendered":"Revol"},"content":{"rendered":"\n<div class=\"has-2-columns wp-block-columns\">\n<div class=\" wp-block-column\" style=\"flex-basis:33.33%\"><figure  class=\"block-img is-style-default  width-25 only-all\"><a href=\"https:\/\/www.revol1768.com\/projet\/\" target=\"_blank\"><img class=\"\" style=\"\" src=\"https:\/\/prix.formesdeluxe.com\/app\/uploads\/2024\/06\/REVOL-logo-Corporate_medium-logo_Black_jpeg-2.jpg\" alt=\"\" width=\"1253\" height=\"1109\"><\/a><\/figure><\/div>\n\n\n\n<div class=\" wp-block-column\" style=\"flex-basis:66.66%\">\n<p>REVOL est une manufacture fran\u00e7aise et familiale, fond\u00e9e en 1768 et bas\u00e9e \u00e0 Saint-Uze dans la Dr\u00f4me. Engag\u00e9e dans la pr\u00e9servation et la transmission des savoir-faire c\u00e9ramiques elle con\u00e7oit, design et fabrique des objets sur-mesure d\u2019exception pour les marques, ainsi que des pi\u00e8ces de porcelaine de haute facture pour l\u2019h\u00f4tellerie-restauration.<\/p>\n\n\n\n<p>Aujourd\u2019hui l\u2019entreprise est lab\u00e9lis\u00e9e EPV, Ecovadis et ISO 9001, ISO 14001, ISO 45001 et d\u00e9fend une production respectueuse de l\u2019homme et de l\u2019environnement qui privil\u00e9gie le recyclage de ses mati\u00e8res premi\u00e8res. Par le travail sur et dans la mati\u00e8re, par l\u2019ajout de pigments naturels dans la p\u00e2te et l\u2019\u00e9mail, REVOL offre d\u2019innombrables possibilit\u00e9s de rendus et d\u2019effets. Associ\u00e9e \u00e0 diff\u00e9rentes techniques de d\u00e9cors et de marquages, chaque cr\u00e9ation exprime avec force sa singularit\u00e9, sublim\u00e9e le geste des 250 artisans.<\/p>\n<\/div>\n<\/div>\n\n\n<div class=\"bttn-align-center\"><a href=\"https:\/\/www.revol1768.com\/projet\/\" target=\"_blank\" class=\"bttn has-color-1-bttn-color bttn--md\"><span class=\"bttn__cont-label-icon\"><span class=\"bttn__label\">Visiter le site internet de Revol<\/span><i aria-hidden=\"true\" class=\" \"><\/i><\/span><\/a><\/div>\n\n\n<div class=\"has-8-columns wp-block-columns alignwide are-vertically-aligned-center is-style-jc-space-between\">\n<div class=\" wp-block-column is-vertically-aligned-center\" style=\"flex-basis:14%\">\n<p style=\"font-size:1px\"><\/p>\n\n\n<figure  class=\"block-img is-style-default alignwide width-100 only-all\"><a href=\"https:\/\/prix.formesdeluxe.com\/fr\/2024-partenaires\/devpack\/\" target=\"_blank\"><img class=\"\" style=\"\" src=\"https:\/\/prix.formesdeluxe.com\/app\/uploads\/2024\/04\/DEVPACK-01-2.png\" alt=\"\" width=\"383\" height=\"167\"><\/a><\/figure>\n\n\n<p><\/p>\n<\/div>\n\n\n\n<div class=\" wp-block-column is-vertically-aligned-center\" style=\"flex-basis:14%\">\n<p><\/p>\n\n\n<figure  class=\"block-img is-style-default alignwide width-100 only-all\"><a href=\"https:\/\/prix.formesdeluxe.com\/fr\/2024-partenaires\/scentys\/\" target=\"_blank\"><img class=\"\" style=\"\" src=\"https:\/\/prix.formesdeluxe.com\/app\/uploads\/2024\/04\/LOGO-SCENTYS-OR-FOND-BLANC_vertical-2-edited-2.jpg\" alt=\"\" width=\"1240\" height=\"698\"><figcaption><br><\/figcaption><\/a><\/figure><\/div>\n\n\n\n<div class=\" wp-block-column\" style=\"flex-basis:14%\">\n<p><\/p>\n\n\n<figure  class=\"block-img is-style-default alignwide width-50 only-all\"><a href=\"https:\/\/prix.formesdeluxe.com\/fr\/2024-partenaires\/pgp-glass\/\" target=\"_blank\"><img class=\"\" style=\"\" src=\"https:\/\/prix.formesdeluxe.com\/app\/uploads\/2024\/06\/PGP-Glass-Logo-Final-2-scaled-e1719400131231.jpg\" alt=\"\" width=\"1500\" height=\"2263\"><figcaption><br><br><\/figcaption><\/a><\/figure><\/div>\n\n\n\n<div class=\" wp-block-column\" style=\"flex-basis:14%\"><figure  class=\"block-img is-style-default alignwide width-100 only-all\"><a href=\"https:\/\/prix.formesdeluxe.com\/fr\/2024-partenaires\/nuon\/\" target=\"_blank\"><img class=\"\" style=\"\" src=\"https:\/\/prix.formesdeluxe.com\/app\/uploads\/2024\/07\/Nuon_logo3-2.jpg\" alt=\"\" width=\"800\" height=\"362\"><\/a><\/figure><\/div>\n\n\n\n<div class=\" wp-block-column\" style=\"flex-basis:14%\"><figure  class=\"block-img is-style-default alignwide width-100 only-all\"><a href=\"https:\/\/prix.formesdeluxe.com\/fr\/2024-partenaires\/metropack-2024\/\" target=\"_blank\"><img class=\"\" style=\"\" src=\"https:\/\/prix.formesdeluxe.com\/app\/uploads\/2023\/07\/logotype-metropack.jpg\" alt=\"\" width=\"2000\" height=\"447\"><\/a><\/figure><\/div>\n\n\n\n<div class=\" wp-block-column\" style=\"flex-basis:14%\">\n<p><\/p>\n\n\n<figure  class=\"block-img is-style-default alignwide width-50 only-all\"><a href=\"https:\/\/prix.formesdeluxe.com\/fr\/2024-partenaires\/revol\/\" target=\"_blank\"><img class=\"\" style=\"\" src=\"https:\/\/prix.formesdeluxe.com\/app\/uploads\/2024\/06\/REVOL-logo-Corporate_medium-logo_Black_jpeg-3-e1719393397251.jpg\" alt=\"\" width=\"1200\" height=\"1062\"><figcaption><br><\/figcaption><\/a><\/figure>\n\n\n<p><\/p>\n<\/div>\n\n\n\n<div class=\" wp-block-column\" style=\"flex-basis:14%\"><figure  class=\"block-img is-style-default alignwide width-100 only-all\"><a href=\"https:\/\/prix.formesdeluxe.com\/fr\/2024-partenaires\/sin-rejac\/\" target=\"_blank\"><img class=\"\" style=\"\" src=\"https:\/\/prix.formesdeluxe.com\/app\/uploads\/2024\/07\/SIN-REJAC-4-3.png\" alt=\"\" width=\"181\" height=\"69\"><\/a><\/figure><\/div>\n\n\n\n<div class=\" wp-block-column\" style=\"flex-basis:14%\"><figure  class=\"block-img is-style-default alignwide width-75 only-all\"><a href=\"https:\/\/prix.formesdeluxe.com\/fr\/2024-partenaires\/visit-monaco\/\" target=\"_blank\"><img class=\"\" style=\"\" src=\"https:\/\/prix.formesdeluxe.com\/app\/uploads\/2024\/06\/Logo-Visit-Monaco-detoure_Sponsor.png\" alt=\"\" width=\"800\" height=\"247\"><\/a><\/figure>\n\n\n<p><\/p>\n\n\n\n<p><\/p>\n\n\n\n<p><\/p>\n<\/div>\n<\/div>\n","protected":false},"excerpt":{"rendered":"<p>REVOL est une manufacture fran\u00e7aise et familiale, fond\u00e9e en 1768 et bas\u00e9e \u00e0 Saint-Uze dans la Dr\u00f4me. Engag\u00e9e dans la&hellip;<\/p>\n","protected":false},"author":17,"featured_media":0,"parent":7986,"menu_order":0,"comment_status":"closed","ping_status":"closed","template":"","meta":[],"yoast_head":"<!-- This site is optimized with the Yoast SEO plugin v15.9.2 - https:\/\/yoast.com\/wordpress\/plugins\/seo\/ -->\n<meta name=\"robots\" content=\"index, follow, max-snippet:-1, max-image-preview:large, max-video-preview:-1\" \/>\n<link rel=\"canonical\" href=\"https:\/\/prix.formesdeluxe.com\/fr\/2024-partenaires\/revol\/\" \/>\n<meta property=\"og:locale\" content=\"fr_FR\" \/>\n<meta property=\"og:type\" content=\"article\" \/>\n<meta property=\"og:title\" content=\"Revol - Prix Formes de Luxe\" \/>\n<meta property=\"og:description\" content=\"REVOL est une manufacture fran\u00e7aise et familiale, fond\u00e9e en 1768 et bas\u00e9e \u00e0 Saint-Uze dans la Dr\u00f4me. Engag\u00e9e dans la&hellip;\" \/>\n<meta property=\"og:url\" content=\"https:\/\/prix.formesdeluxe.com\/fr\/2024-partenaires\/revol\/\" \/>\n<meta property=\"og:site_name\" content=\"Prix Formes de Luxe\" \/>\n<meta property=\"article:modified_time\" content=\"2024-07-12T10:21:45+00:00\" \/>\n<meta name=\"twitter:card\" content=\"summary_large_image\" \/>\n<meta name=\"twitter:label1\" content=\"Est. reading time\">\n\t<meta name=\"twitter:data1\" content=\"1 minute\">\n<script type=\"application\/ld+json\" class=\"yoast-schema-graph\">{\"@context\":\"https:\/\/schema.org\",\"@graph\":[{\"@type\":\"WebSite\",\"@id\":\"https:\/\/prix.formesdeluxe.com\/#website\",\"url\":\"https:\/\/prix.formesdeluxe.com\/\",\"name\":\"Prix Formes de Luxe\",\"description\":\"Un site utilisant WordPress\",\"potentialAction\":[{\"@type\":\"SearchAction\",\"target\":\"https:\/\/prix.formesdeluxe.com\/?s={search_term_string}\",\"query-input\":\"required name=search_term_string\"}],\"inLanguage\":\"fr-FR\"},{\"@type\":\"WebPage\",\"@id\":\"https:\/\/prix.formesdeluxe.com\/fr\/2024-partenaires\/revol\/#webpage\",\"url\":\"https:\/\/prix.formesdeluxe.com\/fr\/2024-partenaires\/revol\/\",\"name\":\"Revol - Prix Formes de Luxe\",\"isPartOf\":{\"@id\":\"https:\/\/prix.formesdeluxe.com\/#website\"},\"datePublished\":\"2024-06-26T07:13:22+00:00\",\"dateModified\":\"2024-07-12T10:21:45+00:00\",\"breadcrumb\":{\"@id\":\"https:\/\/prix.formesdeluxe.com\/fr\/2024-partenaires\/revol\/#breadcrumb\"},\"inLanguage\":\"fr-FR\",\"potentialAction\":[{\"@type\":\"ReadAction\",\"target\":[\"https:\/\/prix.formesdeluxe.com\/fr\/2024-partenaires\/revol\/\"]}]},{\"@type\":\"BreadcrumbList\",\"@id\":\"https:\/\/prix.formesdeluxe.com\/fr\/2024-partenaires\/revol\/#breadcrumb\",\"itemListElement\":[{\"@type\":\"ListItem\",\"position\":1,\"item\":{\"@type\":\"WebPage\",\"@id\":\"https:\/\/prix.formesdeluxe.com\/fr\/\",\"url\":\"https:\/\/prix.formesdeluxe.com\/fr\/\",\"name\":\"Home\"}},{\"@type\":\"ListItem\",\"position\":2,\"item\":{\"@type\":\"WebPage\",\"@id\":\"https:\/\/prix.formesdeluxe.com\/fr\/2024-partenaires\/\",\"url\":\"https:\/\/prix.formesdeluxe.com\/fr\/2024-partenaires\/\",\"name\":\"Partenaires 2024\"}},{\"@type\":\"ListItem\",\"position\":3,\"item\":{\"@type\":\"WebPage\",\"@id\":\"https:\/\/prix.formesdeluxe.com\/fr\/2024-partenaires\/revol\/\",\"url\":\"https:\/\/prix.formesdeluxe.com\/fr\/2024-partenaires\/revol\/\",\"name\":\"Revol\"}}]}]}<\/script>\n<!-- \/ Yoast SEO plugin. -->","_links":{"self":[{"href":"https:\/\/prix.formesdeluxe.com\/fr\/wp-json\/wp\/v2\/pages\/8578"}],"collection":[{"href":"https:\/\/prix.formesdeluxe.com\/fr\/wp-json\/wp\/v2\/pages"}],"about":[{"href":"https:\/\/prix.formesdeluxe.com\/fr\/wp-json\/wp\/v2\/types\/page"}],"author":[{"embeddable":true,"href":"https:\/\/prix.formesdeluxe.com\/fr\/wp-json\/wp\/v2\/users\/17"}],"replies":[{"embeddable":true,"href":"https:\/\/prix.formesdeluxe.com\/fr\/wp-json\/wp\/v2\/comments?post=8578"}],"version-history":[{"count":5,"href":"https:\/\/prix.formesdeluxe.com\/fr\/wp-json\/wp\/v2\/pages\/8578\/revisions"}],"predecessor-version":[{"id":8993,"href":"https:\/\/prix.formesdeluxe.com\/fr\/wp-json\/wp\/v2\/pages\/8578\/revisions\/8993"}],"up":[{"embeddable":true,"href":"https:\/\/prix.formesdeluxe.com\/fr\/wp-json\/wp\/v2\/pages\/7986"}],"wp:attachment":[{"href":"https:\/\/prix.formesdeluxe.com\/fr\/wp-json\/wp\/v2\/media?parent=8578"}],"curies":[{"name":"wp","href":"https:\/\/api.w.org\/{rel}","templated":true}]}}