{"id":8871,"date":"2024-07-09T10:50:50","date_gmt":"2024-07-09T08:50:50","guid":{"rendered":"https:\/\/prix.formesdeluxe.com\/?page_id=8871"},"modified":"2024-08-20T09:47:15","modified_gmt":"2024-08-20T07:47:15","slug":"sin-rejac","status":"publish","type":"page","link":"https:\/\/prix.formesdeluxe.com\/fr\/2024-partenaires\/sin-rejac\/","title":{"rendered":"Sin Rejac"},"content":{"rendered":"\n<div class=\"has-2-columns wp-block-columns\">\n<div class=\" wp-block-column\" style=\"flex-basis:33.33%\"><figure  class=\"block-img is-style-default aligncenter width-50 only-all\"><a href=\"https:\/\/www.sinrejac.fr\/index.html\" target=\"_blank\"><img class=\"\" style=\"\" src=\"https:\/\/prix.formesdeluxe.com\/app\/uploads\/2024\/07\/LOGO-SIN-REJAC.pdf-2.png\" alt=\"\" width=\"478\" height=\"478\"><\/a><\/figure><\/div>\n\n\n\n<div class=\" wp-block-column\" style=\"flex-basis:66.66%\">\n<p>\u00ab Depuis 1947, nous tissons, et imprimons des rubans avec de l\u2019encre relief pour les plus grandes marques de Luxe mondiales. Nos rubans sont utilis\u00e9s aussi bien dans les domaines des Cosm\u00e9tiques, de la Parfumerie, de la Mode et de la Haute Couture, des Arts de la Table, du Vin et des Alcools, de la Gastronomie, de l\u2019H\u00f4tellerie de Luxe, des Grandes Tables, de la Joaillerie et de l\u2019Horlogerie \u00bb.<\/p>\n\n\n\n<p>Fabrication Fran\u00e7aise depuis 1947, dans notre usine des Hauts de France.<\/p>\n\n\n\n<p>Nous tissons toutes les mati\u00e8res : le Coton (Gots et recycl\u00e9) &#8211; Le Lin \u2013 le Polyester recycl\u00e9 \u2013 le Nylon \u2013 le Tencel.<\/p>\n\n\n\n<p>Nous travaillons toutes les armures : Le satin, le gros grain, le taffetas, la mousseline, le satin double face.<\/p>\n\n\n\n<p>Nous pouvons transformer tout ruban, en n\u0153uds, bracelets, lanyards etc \u2026<\/p>\n\n\n\n<p>Nous sommes pr\u00e9sents sur tous les continents, \u00e0 travers nos diff\u00e9rents bureaux et nos usines.<\/p>\n<\/div>\n<\/div>\n\n\n\n<div class=\"has-8-columns wp-block-columns alignwide are-vertically-aligned-center is-style-jc-space-between\">\n<div class=\" wp-block-column is-vertically-aligned-center\" style=\"flex-basis:14%\">\n<p style=\"font-size:1px\"><\/p>\n\n\n<figure  class=\"block-img is-style-default alignwide width-100 only-all\"><a href=\"https:\/\/prix.formesdeluxe.com\/fr\/2024-partenaires\/devpack\/\" target=\"_blank\"><img class=\"\" style=\"\" src=\"https:\/\/prix.formesdeluxe.com\/app\/uploads\/2024\/04\/DEVPACK-01-2.png\" alt=\"\" width=\"383\" height=\"167\"><\/a><\/figure>\n\n\n<p><\/p>\n<\/div>\n\n\n\n<div class=\" wp-block-column is-vertically-aligned-center\" style=\"flex-basis:14%\">\n<p><\/p>\n\n\n<figure  class=\"block-img is-style-default alignwide width-100 only-all\"><a href=\"https:\/\/prix.formesdeluxe.com\/fr\/2024-partenaires\/scentys\/\" target=\"_blank\"><img class=\"\" style=\"\" src=\"https:\/\/prix.formesdeluxe.com\/app\/uploads\/2024\/04\/LOGO-SCENTYS-OR-FOND-BLANC_vertical-2-edited-2.jpg\" alt=\"\" width=\"1240\" height=\"698\"><figcaption><br><\/figcaption><\/a><\/figure><\/div>\n\n\n\n<div class=\" wp-block-column\" style=\"flex-basis:14%\">\n<p><\/p>\n\n\n<figure  class=\"block-img is-style-default alignwide width-50 only-all\"><a href=\"https:\/\/prix.formesdeluxe.com\/fr\/2024-partenaires\/pgp-glass\/\" target=\"_blank\"><img class=\"\" style=\"\" src=\"https:\/\/prix.formesdeluxe.com\/app\/uploads\/2024\/06\/PGP-Glass-Logo-Final-2-scaled-e1719400131231.jpg\" alt=\"\" width=\"1500\" height=\"2263\"><figcaption><br><br><\/figcaption><\/a><\/figure><\/div>\n\n\n\n<div class=\" wp-block-column\" style=\"flex-basis:14%\"><figure  class=\"block-img is-style-default alignwide width-100 only-all\"><a href=\"https:\/\/prix.formesdeluxe.com\/fr\/2024-partenaires\/nuon\/\" target=\"_blank\"><img class=\"\" style=\"\" src=\"https:\/\/prix.formesdeluxe.com\/app\/uploads\/2024\/07\/Nuon_logo3-2.jpg\" alt=\"\" width=\"800\" height=\"362\"><\/a><\/figure><\/div>\n\n\n\n<div class=\" wp-block-column\" style=\"flex-basis:14%\"><figure  class=\"block-img is-style-default alignwide width-100 only-all\"><a href=\"https:\/\/prix.formesdeluxe.com\/fr\/2024-partenaires\/metropack-2024\/\" target=\"_blank\"><img class=\"\" style=\"\" src=\"https:\/\/prix.formesdeluxe.com\/app\/uploads\/2023\/07\/logotype-metropack.jpg\" alt=\"\" width=\"2000\" height=\"447\"><\/a><\/figure><\/div>\n\n\n\n<div class=\" wp-block-column\" style=\"flex-basis:14%\">\n<p><\/p>\n\n\n<figure  class=\"block-img is-style-default alignwide width-50 only-all\"><a href=\"https:\/\/prix.formesdeluxe.com\/fr\/2024-partenaires\/revol\/\" target=\"_blank\"><img class=\"\" style=\"\" src=\"https:\/\/prix.formesdeluxe.com\/app\/uploads\/2024\/06\/REVOL-logo-Corporate_medium-logo_Black_jpeg-3-e1719393397251.jpg\" alt=\"\" width=\"1200\" height=\"1062\"><figcaption><br><\/figcaption><\/a><\/figure>\n\n\n<p><\/p>\n<\/div>\n\n\n\n<div class=\" wp-block-column\" style=\"flex-basis:14%\"><figure  class=\"block-img is-style-default alignwide width-100 only-all\"><a href=\"https:\/\/prix.formesdeluxe.com\/fr\/2024-partenaires\/sin-rejac\/\" target=\"_blank\"><img class=\"\" style=\"\" src=\"https:\/\/prix.formesdeluxe.com\/app\/uploads\/2024\/07\/SIN-REJAC-4-3.png\" alt=\"\" width=\"181\" height=\"69\"><\/a><\/figure><\/div>\n\n\n\n<div class=\" wp-block-column\" style=\"flex-basis:14%\"><figure  class=\"block-img is-style-default alignwide width-75 only-all\"><a href=\"https:\/\/prix.formesdeluxe.com\/fr\/2024-partenaires\/visit-monaco\/\" target=\"_blank\"><img class=\"\" style=\"\" src=\"https:\/\/prix.formesdeluxe.com\/app\/uploads\/2024\/06\/Logo-Visit-Monaco-detoure_Sponsor.png\" alt=\"\" width=\"800\" height=\"247\"><\/a><\/figure>\n\n\n<p><\/p>\n\n\n\n<p><\/p>\n\n\n\n<p><\/p>\n<\/div>\n<\/div>\n","protected":false},"excerpt":{"rendered":"<p>\u00ab Depuis 1947, nous tissons, et imprimons des rubans avec de l\u2019encre relief pour les plus grandes marques de Luxe&hellip;<\/p>\n","protected":false},"author":17,"featured_media":0,"parent":7986,"menu_order":0,"comment_status":"closed","ping_status":"closed","template":"","meta":[],"yoast_head":"<!-- This site is optimized with the Yoast SEO plugin v15.9.2 - https:\/\/yoast.com\/wordpress\/plugins\/seo\/ -->\n<meta name=\"robots\" content=\"index, follow, max-snippet:-1, max-image-preview:large, max-video-preview:-1\" \/>\n<link rel=\"canonical\" href=\"https:\/\/prix.formesdeluxe.com\/fr\/2024-partenaires\/sin-rejac\/\" \/>\n<meta property=\"og:locale\" content=\"fr_FR\" \/>\n<meta property=\"og:type\" content=\"article\" \/>\n<meta property=\"og:title\" content=\"Sin Rejac - Prix Formes de Luxe\" \/>\n<meta property=\"og:description\" content=\"\u00ab Depuis 1947, nous tissons, et imprimons des rubans avec de l\u2019encre relief pour les plus grandes marques de Luxe&hellip;\" \/>\n<meta property=\"og:url\" content=\"https:\/\/prix.formesdeluxe.com\/fr\/2024-partenaires\/sin-rejac\/\" \/>\n<meta property=\"og:site_name\" content=\"Prix Formes de Luxe\" \/>\n<meta property=\"article:modified_time\" content=\"2024-08-20T07:47:15+00:00\" \/>\n<meta name=\"twitter:card\" content=\"summary_large_image\" \/>\n<meta name=\"twitter:label1\" content=\"Est. reading time\">\n\t<meta name=\"twitter:data1\" content=\"1 minute\">\n<script type=\"application\/ld+json\" class=\"yoast-schema-graph\">{\"@context\":\"https:\/\/schema.org\",\"@graph\":[{\"@type\":\"WebSite\",\"@id\":\"https:\/\/prix.formesdeluxe.com\/#website\",\"url\":\"https:\/\/prix.formesdeluxe.com\/\",\"name\":\"Prix Formes de Luxe\",\"description\":\"Un site utilisant WordPress\",\"potentialAction\":[{\"@type\":\"SearchAction\",\"target\":\"https:\/\/prix.formesdeluxe.com\/?s={search_term_string}\",\"query-input\":\"required name=search_term_string\"}],\"inLanguage\":\"fr-FR\"},{\"@type\":\"WebPage\",\"@id\":\"https:\/\/prix.formesdeluxe.com\/fr\/2024-partenaires\/sin-rejac\/#webpage\",\"url\":\"https:\/\/prix.formesdeluxe.com\/fr\/2024-partenaires\/sin-rejac\/\",\"name\":\"Sin Rejac - Prix Formes de Luxe\",\"isPartOf\":{\"@id\":\"https:\/\/prix.formesdeluxe.com\/#website\"},\"datePublished\":\"2024-07-09T08:50:50+00:00\",\"dateModified\":\"2024-08-20T07:47:15+00:00\",\"breadcrumb\":{\"@id\":\"https:\/\/prix.formesdeluxe.com\/fr\/2024-partenaires\/sin-rejac\/#breadcrumb\"},\"inLanguage\":\"fr-FR\",\"potentialAction\":[{\"@type\":\"ReadAction\",\"target\":[\"https:\/\/prix.formesdeluxe.com\/fr\/2024-partenaires\/sin-rejac\/\"]}]},{\"@type\":\"BreadcrumbList\",\"@id\":\"https:\/\/prix.formesdeluxe.com\/fr\/2024-partenaires\/sin-rejac\/#breadcrumb\",\"itemListElement\":[{\"@type\":\"ListItem\",\"position\":1,\"item\":{\"@type\":\"WebPage\",\"@id\":\"https:\/\/prix.formesdeluxe.com\/fr\/\",\"url\":\"https:\/\/prix.formesdeluxe.com\/fr\/\",\"name\":\"Home\"}},{\"@type\":\"ListItem\",\"position\":2,\"item\":{\"@type\":\"WebPage\",\"@id\":\"https:\/\/prix.formesdeluxe.com\/fr\/2024-partenaires\/\",\"url\":\"https:\/\/prix.formesdeluxe.com\/fr\/2024-partenaires\/\",\"name\":\"Partenaires 2024\"}},{\"@type\":\"ListItem\",\"position\":3,\"item\":{\"@type\":\"WebPage\",\"@id\":\"https:\/\/prix.formesdeluxe.com\/fr\/2024-partenaires\/sin-rejac\/\",\"url\":\"https:\/\/prix.formesdeluxe.com\/fr\/2024-partenaires\/sin-rejac\/\",\"name\":\"Sin Rejac\"}}]}]}<\/script>\n<!-- \/ Yoast SEO plugin. -->","_links":{"self":[{"href":"https:\/\/prix.formesdeluxe.com\/fr\/wp-json\/wp\/v2\/pages\/8871"}],"collection":[{"href":"https:\/\/prix.formesdeluxe.com\/fr\/wp-json\/wp\/v2\/pages"}],"about":[{"href":"https:\/\/prix.formesdeluxe.com\/fr\/wp-json\/wp\/v2\/types\/page"}],"author":[{"embeddable":true,"href":"https:\/\/prix.formesdeluxe.com\/fr\/wp-json\/wp\/v2\/users\/17"}],"replies":[{"embeddable":true,"href":"https:\/\/prix.formesdeluxe.com\/fr\/wp-json\/wp\/v2\/comments?post=8871"}],"version-history":[{"count":5,"href":"https:\/\/prix.formesdeluxe.com\/fr\/wp-json\/wp\/v2\/pages\/8871\/revisions"}],"predecessor-version":[{"id":9010,"href":"https:\/\/prix.formesdeluxe.com\/fr\/wp-json\/wp\/v2\/pages\/8871\/revisions\/9010"}],"up":[{"embeddable":true,"href":"https:\/\/prix.formesdeluxe.com\/fr\/wp-json\/wp\/v2\/pages\/7986"}],"wp:attachment":[{"href":"https:\/\/prix.formesdeluxe.com\/fr\/wp-json\/wp\/v2\/media?parent=8871"}],"curies":[{"name":"wp","href":"https:\/\/api.w.org\/{rel}","templated":true}]}}