{"id":9439,"date":"2025-02-28T15:31:50","date_gmt":"2025-02-28T14:31:50","guid":{"rendered":"https:\/\/prix.formesdeluxe.com\/?page_id=9439"},"modified":"2025-07-24T08:46:12","modified_gmt":"2025-07-24T06:46:12","slug":"competition-2025-2","status":"publish","type":"page","link":"https:\/\/prix.formesdeluxe.com\/fr\/competition-2025-2\/","title":{"rendered":"Comp\u00e9tition 2025"},"content":{"rendered":"<div  class=\"strate alignfull has-background-color-opacity-100\" style=\" background-position: 50% 50%;\"><div class=\"centrage\">\n<div data-anchor-libelle=\"Informations sur la comp\u00e9tition \" class=\"block-anchor\" id=\"informations-sur-la-competition\"><\/div>\n\n\n<h2 class=\"has-text-align-center\">INFORMATIONS SUR LA COMP\u00c9TITION<\/h2>\n\n\n\n<h3 class=\"has-text-align-center\">27\u00c8ME \u00c9DITION<\/h3>\n\n\n<hr class=\"separator separator--center separator--line  separator--thickness-1 separator--md\"\/>\n\n\n<p class=\"has-text-align-center has-medium-font-size\">Formes de Luxe Awards, la comp\u00e9tition de l\u2019emballage de Luxe r\u00e9compense chaque ann\u00e9e les meilleures innovations du secteur.<\/p>\n\n\n\n<p><\/p>\n\n\n\n<p class=\"has-text-align-center has-medium-font-size\">L\u2019\u00e9v\u00e8nement incontournable de l\u2019industrie du packaging au sein du salon Luxe Pack Monaco.<\/p>\n\n\n<div  class=\"strate alignfull has-background-color-opacity-100\" style=\" background-position: 50% 50%;\"><div class=\"centrage\">\n\n<h2>Dates cl\u00e9s<\/h2>\n\n\n\n<figure class=\"wp-block-table is-style-stripes\"><table class=\"has-fixed-layout\"><tbody><tr><td class=\"has-text-align-center\" data-align=\"center\">Tarif Early Bird <\/td><td class=\"has-text-align-center\" data-align=\"center\">3 Mars &#8211; 4 Mai<\/td><\/tr><tr><td class=\"has-text-align-center\" data-align=\"center\">Tarif Standard (d\u00e9lai prolong\u00e9)<\/td><td class=\"has-text-align-center\" data-align=\"center\">5 Mai &#8211; 30 Juin<\/td><\/tr><tr><td class=\"has-text-align-center\" data-align=\"center\">Annonce des nomin\u00e9s<\/td><td class=\"has-text-align-center\" data-align=\"center\">25 Aout<\/td><\/tr><tr><td class=\"has-text-align-center\" data-align=\"center\">D\u00e9lib\u00e9ration du jury<\/td><td class=\"has-text-align-center\" data-align=\"center\">5 Septembre<\/td><\/tr><tr><td class=\"has-text-align-center\" data-align=\"center\">C\u00e9r\u00e9monie Formes de Luxe Awards<\/td><td class=\"has-text-align-center\" data-align=\"center\">29 Septembre<\/td><\/tr><tr><td class=\"has-text-align-center\" data-align=\"center\"><\/td><td class=\"has-text-align-center\" data-align=\"center\"><\/td><\/tr><\/tbody><\/table><\/figure>\n\n<\/div><\/div>\n\n<div  class=\"strate alignfull has-background-color-opacity-100\" style=\" background-position: 50% 50%;\"><div class=\"centrage\">\n\n<h2>Offres et tarifs<\/h2>\n\n\n\n<div class=\"has-2-columns wp-block-columns\">\n<div class=\" wp-block-column\"><section class=\"card-simple has-box-shadow has-text-align-center\" style=\"box-shadow:0px 5px 15px  rgba(0,0,0,0.1);\"><div><div class=\"card-simple__cont-infos\"><h3 class=\"card-simple__titre \">Tarif Early Bird<\/h3><div class=\"card-simple__content\"><p>1.150\u20ac Ex-VAT avant le 4 Mai<\/p><\/div><\/div><\/div><\/section><\/div>\n\n\n\n<div class=\" wp-block-column\"><section class=\"card-simple has-box-shadow has-text-align-center\" style=\"box-shadow:0px 5px 15px  rgba(0,0,0,0.1);\"><div><div class=\"card-simple__cont-infos\"><h3 class=\"card-simple__titre \">Tarif Standard<\/h3><div class=\"card-simple__content\"><p>1.490\u20ac Ex-VAT avant le 30 juin<br>700\u20acEx-VAT avant le 15 juin: Uniquement pour la categorie Nouveaux mat\u00e9riaux\u00a0(<em>fournisseurs uniquement<\/em>)<\/p><\/div><\/div><\/div><\/section><\/div>\n<\/div>\n\n\n<section class=\"card-simple has-box-shadow has-text-align-center\" style=\"box-shadow:0px 5px 15px  rgba(0,0,0,0.1);\"><div><div class=\"card-simple__cont-infos\"><h3 class=\"card-simple__titre \">Offre group\u00e9e 3 produits et plus<\/h3><div class=\"card-simple__content\"><p>-5% par dossier \u00e0 partir du 3\u00e8me produit inscrit<\/p><\/div><\/div><\/div><\/section>\n\n\n<div class=\"has-1-columns wp-block-columns\">\n<div class=\" wp-block-column\"><div data-anchor-libelle=\"Pourquoi postuler?\" class=\"block-anchor\" id=\"pourquoi-postuler\"><\/div>\n\n\n<h2 class=\"has-text-align-center\">POURQUOI POSTULER ?<\/h2>\n\n\n<section style=\"\" class=\"media-text       media-text--img-50  media-text--content-align-vertical-middle media-text--media-align-vertical-middle   media-text--img-cover\" ><div class=\"centrage media-text__layout\"><figure class=\"media-text__media\" style=\"background-image: url(https:\/\/prix.formesdeluxe.com\/app\/uploads\/2023\/12\/LPM_2024-0215-1200x800.jpg); background-position: 50% 50%; \"><img src=\"https:\/\/prix.formesdeluxe.com\/app\/uploads\/2023\/12\/LPM_2024-0215-1200x800.jpg\" width=\"1200\" height=\"800\" alt=\"\" style=\"\" \/><\/figure><div class=\"media-text__content\">\n\n<h6><strong>Pr\u00e9sentez votre produit et b\u00e9n\u00e9ficiez d\u2019une visibilit\u00e9 exceptionnelle<\/strong><\/h6>\n\n\n\n<ul id=\"block-81be3b7b-f18d-461f-bee6-a332b4e07ada\"><li>Dans le magazine Formes de Luxe, sur le site formesdeluxe.com<\/li><li>Les produits seront pr\u00e9sent\u00e9s dans le num\u00e9ro d\u2019Automne et les gagnants&nbsp;dans le num\u00e9ro d\u2019Hiver ainsi que sur le site formesdeluxe.com<\/li><li>\u00c1 travers les Newsletters Formes de Luxe et les r\u00e9seaux sociaux durant plus de 6 mois<\/li><li>Les produits de tous les candidats expos\u00e9s au c\u0153ur du salon Luxe Pack Monaco<\/li><\/ul>\n\n\n\n<h6><strong>Mettez en avant vos innovations<\/strong><\/h6>\n\n\n\n<ul><li>Aupr\u00e8s de notre jury de sp\u00e9cialistes<\/li><\/ul>\n\n\n\n<h6><strong>Rencontrez les&nbsp;<\/strong>d\u00e9cisionnaires<\/h6>\n\n\n\n<ul><li>De l\u2019industrie du luxe lors d\u2019une c\u00e9r\u00e9monie et d\u2019un cocktail, dans un cadre unique, r\u00e9serv\u00e9 aux candidats, sponsors et donneurs d\u2019ordre<\/li><\/ul>\n\n\n\n<h6><strong>Mettez en lumi\u00e8re votre expertise<\/strong><\/h6>\n\n\n\n<ul><li>Aupr\u00e8s des acteurs cl\u00e9s de l\u2019industrie &nbsp;du packaging<\/li><\/ul>\n\n<\/div><\/div><\/section><\/div>\n<\/div>\n\n<\/div><\/div>\n\n<div  class=\"strate alignfull has-background-color-opacity-100\" style=\" background-position: 50% 50%;\"><div class=\"centrage\">\n<div data-anchor-libelle=\"Crit\u00e8res de s\u00e9lection\" class=\"block-anchor\" id=\"criteres-de-selection\"><\/div>\n\n\n<h2 class=\"has-text-align-center\">CRIT\u00c8RES DE S\u00c9LECTION<\/h2>\n\n\n\n<h6><strong>El\u00e9gibilit\u00e9 du produit<\/strong><\/h6>\n\n\n\n<ul id=\"block-afe15457-57d6-45bd-9f53-99eee7013f60\"><li>Votre entreprise a d\u00e9velopp\u00e9 une innovation, lanc\u00e9e depuis juin 2024 sur le march\u00e9.<\/li><li>L\u2019accord de la marque pour inscrire le produit \u00e0 la comp\u00e9tition.<\/li><\/ul>\n\n\n\n<h6><strong>Crit\u00e8res de r\u00e9compense<\/strong><\/h6>\n\n\n\n<p>Tous les produits seront jug\u00e9s par un jury de professionnels de packaging avec les crit\u00e8res suivants :<\/p>\n\n\n\n<ul><li>Innovation<\/li><li>D\u00e9fis techniques de fabrication<\/li><li>Qualit\u00e9 du produit fini et aspect esth\u00e9tique<\/li><li>D\u00e9veloppement durable<\/li><\/ul>\n\n<\/div><\/div>\n\n<div  class=\"strate alignfull has-background-color-opacity-100\" style=\" background-position: 50% 50%;\"><div class=\"centrage\">\n<div data-anchor-libelle=\"Cat\u00e9gories\" class=\"block-anchor\" id=\"categories\"><\/div>\n\n\n<h2 class=\"has-text-align-center\">CAT<strong>\u00c9<\/strong>GORIES*<\/h2>\n\n\n\n<p>*Sous r\u00e9serve de modifications<\/p>\n\n\n<hr class=\"separator separator--center separator--line  separator--thickness-1 separator--md\"\/>\n\n\n<div class=\"has-3-columns wp-block-columns\">\n<div class=\" wp-block-column\">\n<p class=\"has-text-align-center has-white-color has-color-2-background-color has-text-color has-background has-medium-font-size\">Accessoires<\/p>\n<\/div>\n\n\n\n<div class=\" wp-block-column\">\n<p class=\"has-text-align-center has-white-color has-color-2-background-color has-text-color has-background has-medium-font-size\">Applicateurs\/Beauty tech&nbsp;<\/p>\n<\/div>\n\n\n\n<div class=\" wp-block-column\">\n<p class=\"has-text-align-center has-white-color has-color-2-background-color has-text-color has-background has-medium-font-size\">Bouteille : Vins, spiritueux et boissons&nbsp;&nbsp;&nbsp;<\/p>\n<\/div>\n<\/div>\n\n\n\n<div class=\"has-3-columns wp-block-columns\">\n<div class=\" wp-block-column\">\n<p class=\"has-text-align-center has-white-color has-color-2-background-color has-text-color has-background has-medium-font-size\">Flaconnage<\/p>\n<\/div>\n\n\n\n<div class=\" wp-block-column\">\n<p class=\"has-text-align-center has-white-color has-color-2-background-color has-text-color has-background has-medium-font-size\">Bouchage : Beaut\u00e9 &amp; parfums<\/p>\n<\/div>\n\n\n\n<div class=\" wp-block-column\">\n<p class=\"has-text-align-center has-white-color has-color-2-background-color has-text-color has-background has-medium-font-size\">Bouchage : Vins &amp; spiritueux\u00a0\u00a0\u00a0<\/p>\n<\/div>\n<\/div>\n\n\n\n<div class=\"has-3-columns wp-block-columns\">\n<div class=\" wp-block-column\">\n<p class=\"has-text-align-center has-white-color has-color-2-background-color has-text-color has-background has-medium-font-size\">Coffret : Champagne, vins &amp; spiritueux<\/p>\n<\/div>\n\n\n\n<div class=\" wp-block-column\">\n<p class=\"has-text-align-center has-white-color has-color-2-background-color has-text-color has-background has-medium-font-size\">Coffret : Parfums &amp; cosm\u00e9tiques\u00a0\u00a0<\/p>\n<\/div>\n\n\n\n<div class=\" wp-block-column\">\n<p class=\"has-text-align-center has-white-color has-color-2-background-color has-text-color has-background has-medium-font-size\">Coffret : Lifestyle\u00a0<\/p>\n<\/div>\n<\/div>\n\n\n\n<div class=\"has-3-columns wp-block-columns\">\n<div class=\" wp-block-column\">\n<p class=\"has-text-align-center has-white-color has-color-2-background-color has-text-color has-background has-medium-font-size\">Collection<\/p>\n<\/div>\n\n\n\n<div class=\" wp-block-column\">\n<p class=\"has-text-align-center has-white-color has-color-2-background-color has-text-color has-background has-medium-font-size\">Maquillage\u00a0<\/p>\n<\/div>\n\n\n\n<div class=\" wp-block-column\">\n<p class=\"has-text-align-center has-white-color has-color-2-background-color has-text-color has-background has-medium-font-size\">Dispensing<\/p>\n<\/div>\n<\/div>\n\n\n\n<div class=\"has-3-columns wp-block-columns\">\n<div class=\" wp-block-column\">\n<p class=\"has-text-align-center has-white-color has-color-2-background-color has-text-color has-background has-medium-font-size\">Artisanat d\u2019art<\/p>\n<\/div>\n\n\n\n<div class=\" wp-block-column\">\n<p class=\"has-text-align-center has-white-color has-color-2-background-color has-text-color has-background has-medium-font-size\">D\u00e9cor &amp; parach\u00e8vement\u00a0<\/p>\n<\/div>\n\n\n\n<div class=\" wp-block-column\">\n<p class=\"has-text-align-center has-white-color has-color-2-background-color has-text-color has-background has-medium-font-size\">Coup de c\u0153ur design<\/p>\n<\/div>\n<\/div>\n\n\n\n<div class=\"has-3-columns wp-block-columns\">\n<div class=\" wp-block-column\">\n<p class=\"has-text-align-center has-white-color has-color-2-background-color has-text-color has-background has-medium-font-size\">Etiquettes<\/p>\n<\/div>\n\n\n\n<div class=\" wp-block-column\">\n<p class=\"has-text-align-center has-white-color has-color-2-background-color has-text-color has-background has-medium-font-size\">\u00c9tui\/Coffret mono-mat\u00e9riau papier<\/p>\n<\/div>\n\n\n\n<div class=\" wp-block-column\">\n<p class=\"has-text-align-center has-white-color has-color-2-background-color has-text-color has-background has-medium-font-size\">Nouveaux mat\u00e9riaux\u00a0\u2013 <em>fournisseurs uniquement<\/em>\u00a0<br>(Une nouvelle cat\u00e9gorie ciblant les cr\u00e9ateurs de mat\u00e9riaux innovants de nouvelle g\u00e9n\u00e9ration avec un potentiel d&#8217;emballage de luxe)<\/p>\n<\/div>\n<\/div>\n\n\n\n<div class=\"has-3-columns wp-block-columns\">\n<div class=\" wp-block-column\">\n<p class=\"has-text-align-center has-white-color has-color-2-background-color has-text-color has-background has-medium-font-size\">Refill\/recharge\u00a0<\/p>\n<\/div>\n\n\n\n<div class=\" wp-block-column\">\n<p class=\"has-text-align-center has-white-color has-color-2-background-color has-text-color has-background has-medium-font-size\">Calage<\/p>\n<\/div>\n\n\n\n<div class=\" wp-block-column\"><\/div>\n<\/div>\n\n\n\n<div class=\"has-3-columns wp-block-columns\">\n<div class=\" wp-block-column\"><\/div>\n\n\n\n<div class=\" wp-block-column\"><\/div>\n\n\n\n<div class=\" wp-block-column\"><\/div>\n<\/div>\n\n\n\n<div class=\"has-1-columns wp-block-columns alignwide are-vertically-aligned-center\">\n<div class=\" wp-block-column is-vertically-aligned-center\"><\/div>\n<\/div>\n\n\n\n<div class=\"has-1-columns wp-block-columns\">\n<div class=\" wp-block-column\"><div  class=\"strate alignfull has-background-color-opacity-100\" style=\" background-position: 50% 50%;\"><div class=\"centrage\">\n<div data-anchor-libelle=\"Partenariat\" class=\"block-anchor\" id=\"partenariat\"><\/div>\n\n\n<h2 class=\"has-text-align-center\">PARTENARIAT<\/h2>\n\n\n<hr class=\"separator separator--center separator--line  separator--thickness-1 separator--md\"\/>\n\n\n<h4 class=\"has-text-align-center has-black-color has-text-color\"><strong>Soyez un partenaire reconnu des Formes de Luxe Awards<\/strong><\/h4>\n\n\n\n<div class=\"has-2-columns wp-block-columns\">\n<div class=\" wp-block-column\"><section class=\"card-simple has-box-shadow has-text-align-center\" style=\"box-shadow:0px 5px 15px  rgba(0,0,0,0.1);\"><div><div class=\"card-simple__cont-infos\"><h3 class=\"card-simple__titre \">Boostez la notori\u00e9t\u00e9 de votre marque<\/h3><div class=\"card-simple__content\"><p>Une couverture m\u00e9diatique \u00e9tendue aupr\u00e8s d\u2019une cible privil\u00e9gi\u00e9e avant, pendant, et apr\u00e8s l\u2019\u00e9v\u00e8nement.<\/p><\/div><\/div><\/div><\/section>\n\n<section class=\"card-simple has-box-shadow has-text-align-center\" style=\"box-shadow:0px 5px 15px  rgba(0,0,0,0.1);\"><div><div class=\"card-simple__cont-infos\"><h3 class=\"card-simple__titre \">Obtenez une reconnaissance internationale<\/h3><div class=\"card-simple__content\"><p>B\u00e9n\u00e9ficiez d\u2019une forte visibilit\u00e9 aupr\u00e8s des responsables de l\u2019emballage de luxe.<\/p><\/div><\/div><\/div><\/section><\/div>\n\n\n\n<div class=\" wp-block-column\"><section class=\"card-simple has-box-shadow has-text-align-center\" style=\"box-shadow:0px 5px 15px  rgba(0,0,0,0.1);\"><div><div class=\"card-simple__cont-infos\"><h3 class=\"card-simple__titre \">Forgez des relations durables<\/h3><div class=\"card-simple__content\"><p>R\u00e9seautez et \u00e9changez avec les leaders de l\u2019industrie du luxe lors d\u2019un moment privil\u00e9gi\u00e9 de networking dans un cadre unique.<\/p><\/div><\/div><\/div><\/section>\n\n<section class=\"card-simple has-box-shadow has-text-align-center\" style=\"box-shadow:0px 5px 15px  rgba(0,0,0,0.1);\"><div><div class=\"card-simple__cont-infos\"><h3 class=\"card-simple__titre \">Mettez en avant votre expertise<\/h3><div class=\"card-simple__content\"><p>Mettez en avant votre expertise aupr\u00e8s des acteurs du luxe : environ 500 invit\u00e9s pr\u00e9sents \u00e0 la c\u00e9r\u00e9monie de remise des prix.<\/p><\/div><\/div><\/div><\/section><\/div>\n<\/div>\n\n<\/div><\/div>\n\n<div  class=\"strate alignfull has-background-color-opacity-100\" style=\" background-position: 50% 50%;\"><div class=\"centrage\">\n\n<h2 class=\"has-text-align-center has-color-1-background-color has-background\">PARTENAIRES 2025<\/h2>\n\n\n<div  class=\"strate alignfull has-background-color-opacity-100\" style=\" background-position: 50% 50%;\"><div class=\"centrage\">\n<div  class=\"strate alignfull has-background-color-opacity-100\" style=\" background-position: 50% 50%;\"><div class=\"centrage\">\n\n<div class=\"has-4-columns wp-block-columns alignwide are-vertically-aligned-center is-style-jc-space-between\">\n<div class=\" wp-block-column is-vertically-aligned-center\" style=\"flex-basis:25%\"><figure  class=\"block-img is-style-default alignwide width-100 only-all\"><a href=\"https:\/\/prix.formesdeluxe.com\/2025-partners\/devpack-2025\/\" target=\"_blank\"><img class=\"\" style=\"\" src=\"https:\/\/prix.formesdeluxe.com\/app\/uploads\/2025\/06\/logo-DevPack.png\" alt=\"\" width=\"1557\" height=\"405\"><\/a><\/figure><\/div>\n\n\n\n<div class=\" wp-block-column\" style=\"flex-basis:25%\"><figure  class=\"block-img is-style-default alignwide width-100 only-all\"><a href=\"https:\/\/prix.formesdeluxe.com\/2025-partners\/nuon2-2025\/\" target=\"_blank\"><img class=\"\" style=\"\" src=\"https:\/\/prix.formesdeluxe.com\/app\/uploads\/2024\/07\/Nuon_logo3-2.jpg\" alt=\"\" width=\"800\" height=\"362\"><\/a><\/figure><\/div>\n\n\n\n<div class=\" wp-block-column\" style=\"flex-basis:24.99%\"><figure  class=\"block-img   width-75 only-all\"><a href=\"https:\/\/prix.formesdeluxe.com\/2025-partners\/salinas-2025\/\" target=\"_self\"><img class=\"\" style=\"\" src=\"https:\/\/prix.formesdeluxe.com\/app\/uploads\/2025\/06\/Salinas-LOGO.png\" alt=\"\" width=\"939\" height=\"666\"><\/a><\/figure><\/div>\n\n\n\n<div class=\" wp-block-column\" style=\"flex-basis:25%\"><figure  class=\"block-img   width-75 only-all\"><a href=\"https:\/\/prix.formesdeluxe.com\/2025-partners\/visit-monaco-2025\/\" target=\"_self\"><img class=\"\" style=\"\" src=\"https:\/\/prix.formesdeluxe.com\/app\/uploads\/2024\/06\/Logo-Visit-Monaco-detoure_Sponsor.png\" alt=\"\" width=\"800\" height=\"247\"><\/a><\/figure><\/div>\n<\/div>\n\n<\/div><\/div>\n<\/div><\/div>\n<\/div><\/div><\/div>\n<\/div>\n\n<\/div><\/div>\n<\/div><\/div>","protected":false},"excerpt":{"rendered":"","protected":false},"author":17,"featured_media":0,"parent":0,"menu_order":0,"comment_status":"closed","ping_status":"closed","template":"","meta":[],"yoast_head":"<!-- This site is optimized with the Yoast SEO plugin v15.9.2 - https:\/\/yoast.com\/wordpress\/plugins\/seo\/ -->\n<meta name=\"robots\" content=\"index, follow, max-snippet:-1, max-image-preview:large, max-video-preview:-1\" \/>\n<link rel=\"canonical\" href=\"https:\/\/prix.formesdeluxe.com\/fr\/competition-2025-2\/\" \/>\n<meta property=\"og:locale\" content=\"fr_FR\" \/>\n<meta property=\"og:type\" content=\"article\" \/>\n<meta property=\"og:title\" content=\"Comp\u00e9tition 2025 - Prix Formes de Luxe\" \/>\n<meta property=\"og:url\" content=\"https:\/\/prix.formesdeluxe.com\/fr\/competition-2025-2\/\" \/>\n<meta property=\"og:site_name\" content=\"Prix Formes de Luxe\" \/>\n<meta property=\"article:modified_time\" content=\"2025-07-24T06:46:12+00:00\" \/>\n<meta name=\"twitter:card\" content=\"summary_large_image\" \/>\n<meta name=\"twitter:label1\" content=\"Est. reading time\">\n\t<meta name=\"twitter:data1\" content=\"2 minutes\">\n<script type=\"application\/ld+json\" class=\"yoast-schema-graph\">{\"@context\":\"https:\/\/schema.org\",\"@graph\":[{\"@type\":\"WebSite\",\"@id\":\"https:\/\/prix.formesdeluxe.com\/#website\",\"url\":\"https:\/\/prix.formesdeluxe.com\/\",\"name\":\"Prix Formes de Luxe\",\"description\":\"Un site utilisant WordPress\",\"potentialAction\":[{\"@type\":\"SearchAction\",\"target\":\"https:\/\/prix.formesdeluxe.com\/?s={search_term_string}\",\"query-input\":\"required name=search_term_string\"}],\"inLanguage\":\"fr-FR\"},{\"@type\":\"WebPage\",\"@id\":\"https:\/\/prix.formesdeluxe.com\/fr\/competition-2025-2\/#webpage\",\"url\":\"https:\/\/prix.formesdeluxe.com\/fr\/competition-2025-2\/\",\"name\":\"Comp\\u00e9tition 2025 - Prix Formes de Luxe\",\"isPartOf\":{\"@id\":\"https:\/\/prix.formesdeluxe.com\/#website\"},\"datePublished\":\"2025-02-28T14:31:50+00:00\",\"dateModified\":\"2025-07-24T06:46:12+00:00\",\"breadcrumb\":{\"@id\":\"https:\/\/prix.formesdeluxe.com\/fr\/competition-2025-2\/#breadcrumb\"},\"inLanguage\":\"fr-FR\",\"potentialAction\":[{\"@type\":\"ReadAction\",\"target\":[\"https:\/\/prix.formesdeluxe.com\/fr\/competition-2025-2\/\"]}]},{\"@type\":\"BreadcrumbList\",\"@id\":\"https:\/\/prix.formesdeluxe.com\/fr\/competition-2025-2\/#breadcrumb\",\"itemListElement\":[{\"@type\":\"ListItem\",\"position\":1,\"item\":{\"@type\":\"WebPage\",\"@id\":\"https:\/\/prix.formesdeluxe.com\/fr\/\",\"url\":\"https:\/\/prix.formesdeluxe.com\/fr\/\",\"name\":\"Home\"}},{\"@type\":\"ListItem\",\"position\":2,\"item\":{\"@type\":\"WebPage\",\"@id\":\"https:\/\/prix.formesdeluxe.com\/fr\/competition-2025-2\/\",\"url\":\"https:\/\/prix.formesdeluxe.com\/fr\/competition-2025-2\/\",\"name\":\"Comp\\u00e9tition 2025\"}}]}]}<\/script>\n<!-- \/ Yoast SEO plugin. -->","_links":{"self":[{"href":"https:\/\/prix.formesdeluxe.com\/fr\/wp-json\/wp\/v2\/pages\/9439"}],"collection":[{"href":"https:\/\/prix.formesdeluxe.com\/fr\/wp-json\/wp\/v2\/pages"}],"about":[{"href":"https:\/\/prix.formesdeluxe.com\/fr\/wp-json\/wp\/v2\/types\/page"}],"author":[{"embeddable":true,"href":"https:\/\/prix.formesdeluxe.com\/fr\/wp-json\/wp\/v2\/users\/17"}],"replies":[{"embeddable":true,"href":"https:\/\/prix.formesdeluxe.com\/fr\/wp-json\/wp\/v2\/comments?post=9439"}],"version-history":[{"count":9,"href":"https:\/\/prix.formesdeluxe.com\/fr\/wp-json\/wp\/v2\/pages\/9439\/revisions"}],"predecessor-version":[{"id":9712,"href":"https:\/\/prix.formesdeluxe.com\/fr\/wp-json\/wp\/v2\/pages\/9439\/revisions\/9712"}],"wp:attachment":[{"href":"https:\/\/prix.formesdeluxe.com\/fr\/wp-json\/wp\/v2\/media?parent=9439"}],"curies":[{"name":"wp","href":"https:\/\/api.w.org\/{rel}","templated":true}]}}