{"id":9445,"date":"2025-02-28T15:35:43","date_gmt":"2025-02-28T14:35:43","guid":{"rendered":"https:\/\/prix.formesdeluxe.com\/?page_id=9445"},"modified":"2025-07-02T16:42:02","modified_gmt":"2025-07-02T14:42:02","slug":"partenaires-2025-2","status":"publish","type":"page","link":"https:\/\/prix.formesdeluxe.com\/fr\/partenaires-2025-2\/","title":{"rendered":"Partenaires 2025"},"content":{"rendered":"\n<div class=\"has-2-columns wp-block-columns\">\n<div class=\" wp-block-column\"><section class=\"card-simple has-box-shadow is-lien-button has-text-align-center\" style=\"box-shadow:0px 5px 15px  rgba(0,0,0,0.1);\"><div><div itemscope itemtype=\"https:\/\/schema.org\/ImageObject\" class=\"card-simple__cont-img card-simple__cont-img--\" style=\"background-image: url(https:\/\/prix.formesdeluxe.com\/app\/uploads\/2025\/06\/logo-DPK-1200x693.png)\"><meta itemprop=\"contentUrl\" content=\"https:\/\/prix.formesdeluxe.com\/app\/uploads\/2025\/06\/logo-DPK-1200x693.png\"\/><\/div><div class=\"card-simple__cont-infos\"><h3 class=\"card-simple__titre \">en savoir plus<\/h3><div class=\"card-simple__content\"><p>Depuis plus de sept ans, Dev&#8217;Pack, sp\u00e9cialiste du d\u00e9veloppement d&#8217;emballages, met son expertise au service de ses clients. Dev&#8217;Pack les accompagne dans l&#8217;am\u00e9lioration, le d\u00e9veloppement et l&#8217;innovation de leurs emballages, qu&#8217;ils soient primaires, secondaires ou tertiaires.<\/p><\/div><a class=\"card-simple__lien  card-simple__lien--right has-bttn-style-lien\" href=\"https:\/\/prix.formesdeluxe.com\/fr\/partenaires-2025-2\/devpack\/\" target=\"_self\"><span class=\"bttn bttn--icon bttn--md is-style-lien\"><span class=\"bttn__cont-label-icon\"><span class=\"bttn__label\">En savoir plus<\/span><i class=\"icon-fleche-droite\"><\/i><\/span><\/span><\/a><\/div><\/div><\/section>\n\n<section class=\"card-simple has-box-shadow is-lien-button has-text-align-center\" style=\"box-shadow:0px 5px 15px  rgba(0,0,0,0.1);\"><div><div itemscope itemtype=\"https:\/\/schema.org\/ImageObject\" class=\"card-simple__cont-img card-simple__cont-img--contain\" style=\"background-image: url(https:\/\/prix.formesdeluxe.com\/app\/uploads\/2025\/06\/Salinas-LOGO.png)\"><meta itemprop=\"contentUrl\" content=\"https:\/\/prix.formesdeluxe.com\/app\/uploads\/2025\/06\/Salinas-LOGO.png\"\/><\/div><div class=\"card-simple__cont-infos\"><h3 class=\"card-simple__titre \"><\/h3><div class=\"card-simple__content\"><p>Depuis 1995, Cartonajes Salinas s&#8217;efforce de concr\u00e9tiser sa mission : devenir une r\u00e9f\u00e9rence dans le monde des bo\u00eetes de pr\u00e9sentation rigides doubl\u00e9es de luxe. Aujourd&#8217;hui, \u00e0 Salinas, l&#8217;ensemble du produit est fabriqu\u00e9 \u00e0 l&#8217;aide des machines les plus avanc\u00e9es du march\u00e9, ce qui a permis au fournisseur d&#8217;\u00eatre tr\u00e8s comp\u00e9titif et d&#8217;acqu\u00e9rir un niveau d&#8217;exp\u00e9rience exceptionnellement \u00e9lev\u00e9.<\/p><\/div><a class=\"card-simple__lien  card-simple__lien--right has-bttn-style-lien\" href=\"https:\/\/prix.formesdeluxe.com\/fr\/partenaires-2025-2\/salinas\/\" target=\"_self\"><span class=\"bttn bttn--icon bttn--md is-style-lien\"><span class=\"bttn__cont-label-icon\"><span class=\"bttn__label\">En savoir plus<\/span><i class=\"icon-fleche-droite\"><\/i><\/span><\/span><\/a><\/div><\/div><\/section><\/div>\n\n\n\n<div class=\" wp-block-column\"><section class=\"card-simple has-box-shadow is-lien-button has-text-align-center\" style=\"box-shadow:0px 5px 15px  rgba(0,0,0,0.1);\"><div><div itemscope itemtype=\"https:\/\/schema.org\/ImageObject\" class=\"card-simple__cont-img card-simple__cont-img--contain\" style=\"background-image: url(https:\/\/prix.formesdeluxe.com\/app\/uploads\/2024\/07\/Nuon_logo3.jpg)\"><meta itemprop=\"contentUrl\" content=\"https:\/\/prix.formesdeluxe.com\/app\/uploads\/2024\/07\/Nuon_logo3.jpg\"\/><\/div><div class=\"card-simple__cont-infos\"><h3 class=\"card-simple__titre \"><\/h3><div class=\"card-simple__content\"><p>Nuon Medical Technologies est un sp\u00e9cialiste de l&#8217;am\u00e9lioration cosm\u00e9tique. Avec plus de 18 ans d&#8217;expertise en technologie m\u00e9dicale, Nuon a \u00e9t\u00e9 \u00e0 l&#8217;avant-garde du d\u00e9veloppement de solutions avanc\u00e9es de soins de la peau.<\/p><\/div><a class=\"card-simple__lien  card-simple__lien--right has-bttn-style-lien\" href=\"https:\/\/prix.formesdeluxe.com\/fr\/partenaires-2025-2\/nuon\/\" target=\"_self\"><span class=\"bttn bttn--icon bttn--md is-style-lien\"><span class=\"bttn__cont-label-icon\"><span class=\"bttn__label\">En savoir plus<\/span><i class=\"icon-fleche-droite\"><\/i><\/span><\/span><\/a><\/div><\/div><\/section>\n\n<section class=\"card-simple has-box-shadow is-lien-button has-text-align-center\" style=\"box-shadow:0px 5px 15px  rgba(0,0,0,0.1);\"><div><div itemscope itemtype=\"https:\/\/schema.org\/ImageObject\" class=\"card-simple__cont-img card-simple__cont-img--contain\" style=\"background-image: url(https:\/\/prix.formesdeluxe.com\/app\/uploads\/2023\/09\/3-3-e1693838931442.png)\"><meta itemprop=\"contentUrl\" content=\"https:\/\/prix.formesdeluxe.com\/app\/uploads\/2023\/09\/3-3-e1693838931442.png\"\/><\/div><div class=\"card-simple__cont-infos\"><h3 class=\"card-simple__titre \"><\/h3><div class=\"card-simple__content\"><p>D&#8217;une superficie de 2 km2, la Principaut\u00e9 de Monaco est le deuxi\u00e8me plus petit pays du monde.<br>Nich\u00e9e au c\u0153ur de l&#8217;Europe, cette cit\u00e9-\u00c9tat poss\u00e8de une multitude de facettes uniques qui la rendent c\u00e9l\u00e8bre dans le monde entier.<\/p><\/div><a class=\"card-simple__lien  card-simple__lien--right has-bttn-style-lien\" href=\"https:\/\/prix.formesdeluxe.com\/fr\/partenaires-2025-2\/visit-monaco-2\/\" target=\"_self\"><span class=\"bttn bttn--icon bttn--md is-style-lien\"><span class=\"bttn__cont-label-icon\"><span class=\"bttn__label\">En savoir plus<\/span><i class=\"icon-fleche-droite\"><\/i><\/span><\/span><\/a><\/div><\/div><\/section><\/div>\n<\/div>\n","protected":false},"excerpt":{"rendered":"","protected":false},"author":17,"featured_media":0,"parent":0,"menu_order":0,"comment_status":"closed","ping_status":"closed","template":"","meta":[],"yoast_head":"<!-- This site is optimized with the Yoast SEO plugin v15.9.2 - https:\/\/yoast.com\/wordpress\/plugins\/seo\/ -->\n<meta name=\"robots\" content=\"index, follow, max-snippet:-1, max-image-preview:large, max-video-preview:-1\" \/>\n<link rel=\"canonical\" href=\"https:\/\/prix.formesdeluxe.com\/fr\/partenaires-2025-2\/\" \/>\n<meta property=\"og:locale\" content=\"fr_FR\" \/>\n<meta property=\"og:type\" content=\"article\" \/>\n<meta property=\"og:title\" content=\"Partenaires 2025 - Prix Formes de Luxe\" \/>\n<meta property=\"og:url\" content=\"https:\/\/prix.formesdeluxe.com\/fr\/partenaires-2025-2\/\" \/>\n<meta property=\"og:site_name\" content=\"Prix Formes de Luxe\" \/>\n<meta property=\"article:modified_time\" content=\"2025-07-02T14:42:02+00:00\" \/>\n<meta name=\"twitter:card\" content=\"summary_large_image\" \/>\n<script type=\"application\/ld+json\" class=\"yoast-schema-graph\">{\"@context\":\"https:\/\/schema.org\",\"@graph\":[{\"@type\":\"WebSite\",\"@id\":\"https:\/\/prix.formesdeluxe.com\/#website\",\"url\":\"https:\/\/prix.formesdeluxe.com\/\",\"name\":\"Prix Formes de Luxe\",\"description\":\"Un site utilisant WordPress\",\"potentialAction\":[{\"@type\":\"SearchAction\",\"target\":\"https:\/\/prix.formesdeluxe.com\/?s={search_term_string}\",\"query-input\":\"required name=search_term_string\"}],\"inLanguage\":\"fr-FR\"},{\"@type\":\"WebPage\",\"@id\":\"https:\/\/prix.formesdeluxe.com\/fr\/partenaires-2025-2\/#webpage\",\"url\":\"https:\/\/prix.formesdeluxe.com\/fr\/partenaires-2025-2\/\",\"name\":\"Partenaires 2025 - Prix Formes de Luxe\",\"isPartOf\":{\"@id\":\"https:\/\/prix.formesdeluxe.com\/#website\"},\"datePublished\":\"2025-02-28T14:35:43+00:00\",\"dateModified\":\"2025-07-02T14:42:02+00:00\",\"breadcrumb\":{\"@id\":\"https:\/\/prix.formesdeluxe.com\/fr\/partenaires-2025-2\/#breadcrumb\"},\"inLanguage\":\"fr-FR\",\"potentialAction\":[{\"@type\":\"ReadAction\",\"target\":[\"https:\/\/prix.formesdeluxe.com\/fr\/partenaires-2025-2\/\"]}]},{\"@type\":\"BreadcrumbList\",\"@id\":\"https:\/\/prix.formesdeluxe.com\/fr\/partenaires-2025-2\/#breadcrumb\",\"itemListElement\":[{\"@type\":\"ListItem\",\"position\":1,\"item\":{\"@type\":\"WebPage\",\"@id\":\"https:\/\/prix.formesdeluxe.com\/fr\/\",\"url\":\"https:\/\/prix.formesdeluxe.com\/fr\/\",\"name\":\"Home\"}},{\"@type\":\"ListItem\",\"position\":2,\"item\":{\"@type\":\"WebPage\",\"@id\":\"https:\/\/prix.formesdeluxe.com\/fr\/partenaires-2025-2\/\",\"url\":\"https:\/\/prix.formesdeluxe.com\/fr\/partenaires-2025-2\/\",\"name\":\"Partenaires 2025\"}}]}]}<\/script>\n<!-- \/ Yoast SEO plugin. -->","_links":{"self":[{"href":"https:\/\/prix.formesdeluxe.com\/fr\/wp-json\/wp\/v2\/pages\/9445"}],"collection":[{"href":"https:\/\/prix.formesdeluxe.com\/fr\/wp-json\/wp\/v2\/pages"}],"about":[{"href":"https:\/\/prix.formesdeluxe.com\/fr\/wp-json\/wp\/v2\/types\/page"}],"author":[{"embeddable":true,"href":"https:\/\/prix.formesdeluxe.com\/fr\/wp-json\/wp\/v2\/users\/17"}],"replies":[{"embeddable":true,"href":"https:\/\/prix.formesdeluxe.com\/fr\/wp-json\/wp\/v2\/comments?post=9445"}],"version-history":[{"count":8,"href":"https:\/\/prix.formesdeluxe.com\/fr\/wp-json\/wp\/v2\/pages\/9445\/revisions"}],"predecessor-version":[{"id":10162,"href":"https:\/\/prix.formesdeluxe.com\/fr\/wp-json\/wp\/v2\/pages\/9445\/revisions\/10162"}],"wp:attachment":[{"href":"https:\/\/prix.formesdeluxe.com\/fr\/wp-json\/wp\/v2\/media?parent=9445"}],"curies":[{"name":"wp","href":"https:\/\/api.w.org\/{rel}","templated":true}]}}