{"id":9629,"date":"2025-07-02T16:31:29","date_gmt":"2025-07-02T14:31:29","guid":{"rendered":"https:\/\/prix.formesdeluxe.com\/?page_id=9629"},"modified":"2026-01-22T12:17:18","modified_gmt":"2026-01-22T11:17:18","slug":"salinas","status":"publish","type":"page","link":"https:\/\/prix.formesdeluxe.com\/fr\/partenaires-2025-2\/salinas\/","title":{"rendered":"Salinas"},"content":{"rendered":"\n<div class=\"has-2-columns wp-block-columns\">\n<div class=\" wp-block-column\" style=\"flex-basis:33.33%\"><figure  class=\"block-img is-style-default  width-50 only-all\"><a href=\"https:\/\/www.visitmonaco.com\/en\" target=\"_blank\"><img class=\"\" style=\"\" src=\"https:\/\/prix.formesdeluxe.com\/app\/uploads\/2025\/06\/Salinas-LOGO.png\" alt=\"\" width=\"939\" height=\"666\"><\/a><\/figure><\/div>\n\n\n\n<div class=\" wp-block-column\" style=\"flex-basis:66.66%\">\n<p>Depuis 1995, Cartonajes Salinas s&#8217;efforce de concr\u00e9tiser sa mission : devenir une r\u00e9f\u00e9rence dans le monde des bo\u00eetes de pr\u00e9sentation rigides doubl\u00e9es de luxe. Ce leadership s&#8217;est construit sur des principes tr\u00e8s forts d&#8217;effort, d&#8217;investissement et d&#8217;innovation. Pour en arriver l\u00e0, le parcours a \u00e9t\u00e9 intense, \u00e0 l&#8217;instar de toutes les autres entreprises qui ont d\u00fb passer par la transition num\u00e9rique et s&#8217;adapter en un temps record aux nouveaux mod\u00e8les de l&#8217;industrie 4.0. Lorsque Cartonajes Salinas a \u00e9t\u00e9 cr\u00e9\u00e9e, c&#8217;\u00e9tait \u00e0 l&#8217;\u00e8re de la distribution, le produit \u00e9tait au centre de ses priorit\u00e9s et la cl\u00e9 fondamentale du succ\u00e8s durant cette p\u00e9riode a \u00e9t\u00e9 la technification de son usine de production.<\/p>\n\n\n\n<p>Aujourd&#8217;hui, \u00e0 Salinas, tout le produit est fabriqu\u00e9 avec les machines les plus avanc\u00e9es du march\u00e9, ce qui a permis au fournisseur d&#8217;\u00eatre tr\u00e8s comp\u00e9titif et d&#8217;acqu\u00e9rir un niveau d&#8217;exp\u00e9rience exceptionnellement \u00e9lev\u00e9. En revanche, aujourd&#8217;hui, c&#8217;est le client qui est au centre, et la recherche du fournisseur est davantage ax\u00e9e sur l&#8217;am\u00e9lioration de son exp\u00e9rience. Une exp\u00e9rience tr\u00e8s exigeante, qui ne se limite pas \u00e0 l&#8217;am\u00e9lioration du service. Le client du XXIe si\u00e8cle exige des entreprises qu&#8217;elles s&#8217;engagent globalement sur leur produit et leur service, ainsi que sur la soci\u00e9t\u00e9 et l&#8217;environnement<\/p>\n\n\n\n<p>En 2030, l&#8217;ensemble de la main-d&#8217;\u0153uvre sera essentiellement compos\u00e9e de millennials : une g\u00e9n\u00e9ration qui a grandi en \u00e9tant hyper-stimul\u00e9e, hyper-inform\u00e9e et hyper-accoutum\u00e9e \u00e0 l&#8217;imm\u00e9diatet\u00e9. C&#8217;est pourquoi Salinas d\u00e9clare travailler sur les concepts d&#8217;EFFICACIT\u00c9, de TRANSPARENCE et d&#8217;INNOVATION pour affronter avec succ\u00e8s une nouvelle d\u00e9cennie, sans oublier ses racines en tant qu&#8217;entreprise familiale.<\/p>\n<\/div>\n<\/div>\n\n\n<div class=\"bttn-align-center\"><a href=\"https:\/\/www.cartonajessalinas.com\/en\/\" target=\"_blank\" class=\"bttn has-color-1-bttn-color bttn--md\"><span class=\"bttn__cont-label-icon\"><span class=\"bttn__label\">Visiter le site web de Salinas<\/span><i aria-hidden=\"true\" class=\" \"><\/i><\/span><\/a><\/div>\n\n<div  class=\"strate alignfull has-background-color-opacity-100\" style=\" background-position: 50% 50%;\"><div class=\"centrage\">\n\n<h1 class=\"has-text-align-center\">2025 <strong>PARTNAIRES<\/strong><\/h1>\n\n\n<div  class=\"strate alignfull has-background-color-opacity-100\" style=\" background-position: 50% 50%;\"><div class=\"centrage\">\n\n<div class=\"has-4-columns wp-block-columns alignwide are-vertically-aligned-center is-style-jc-space-between\">\n<div class=\" wp-block-column is-vertically-aligned-center\" style=\"flex-basis:25%\"><figure  class=\"block-img is-style-default alignwide width-100 only-all\"><a href=\"https:\/\/prix.formesdeluxe.com\/2025-partners\/devpack-2025\/\" target=\"_blank\"><img class=\"\" style=\"\" src=\"https:\/\/prix.formesdeluxe.com\/app\/uploads\/2025\/06\/logo-DPK.png\" alt=\"\" width=\"1905\" height=\"1100\"><\/a><\/figure><\/div>\n\n\n\n<div class=\" wp-block-column\" style=\"flex-basis:25%\"><figure  class=\"block-img is-style-default alignwide width-100 only-all\"><a href=\"https:\/\/prix.formesdeluxe.com\/2025-partners\/nuon2-2025\/\" target=\"_blank\"><img class=\"\" style=\"\" src=\"https:\/\/prix.formesdeluxe.com\/app\/uploads\/2024\/07\/Nuon_logo3-2.jpg\" alt=\"\" width=\"800\" height=\"362\"><\/a><\/figure><\/div>\n\n\n\n<div class=\" wp-block-column\" style=\"flex-basis:24.99%\"><figure  class=\"block-img   width-100 only-all\"><a href=\"https:\/\/prix.formesdeluxe.com\/2025-partners\/salinas-2025\/\" target=\"_self\"><img class=\"\" style=\"\" src=\"https:\/\/prix.formesdeluxe.com\/app\/uploads\/2025\/06\/Salinas-LOGO.png\" alt=\"\" width=\"939\" height=\"666\"><\/a><\/figure><\/div>\n\n\n\n<div class=\" wp-block-column\" style=\"flex-basis:25%\"><figure  class=\"block-img   width-100 only-all\"><a href=\"https:\/\/prix.formesdeluxe.com\/2025-partners\/visit-monaco-2025\/\" target=\"_self\"><img class=\"\" style=\"\" src=\"https:\/\/prix.formesdeluxe.com\/app\/uploads\/2024\/06\/Logo-Visit-Monaco-detoure_Sponsor.png\" alt=\"\" width=\"800\" height=\"247\"><\/a><\/figure><\/div>\n<\/div>\n\n<\/div><\/div>\n<\/div><\/div>","protected":false},"excerpt":{"rendered":"<p>Depuis 1995, Cartonajes Salinas s&#8217;efforce de concr\u00e9tiser sa mission : devenir une r\u00e9f\u00e9rence dans le monde des bo\u00eetes de pr\u00e9sentation&hellip;<\/p>\n","protected":false},"author":14,"featured_media":0,"parent":9445,"menu_order":0,"comment_status":"closed","ping_status":"closed","template":"","meta":[],"yoast_head":"<!-- This site is optimized with the Yoast SEO plugin v15.9.2 - https:\/\/yoast.com\/wordpress\/plugins\/seo\/ -->\n<meta name=\"robots\" content=\"index, follow, max-snippet:-1, max-image-preview:large, max-video-preview:-1\" \/>\n<link rel=\"canonical\" href=\"https:\/\/prix.formesdeluxe.com\/fr\/partenaires-2025-2\/salinas\/\" \/>\n<meta property=\"og:locale\" content=\"fr_FR\" \/>\n<meta property=\"og:type\" content=\"article\" \/>\n<meta property=\"og:title\" content=\"Salinas - Prix Formes de Luxe\" \/>\n<meta property=\"og:description\" content=\"Depuis 1995, Cartonajes Salinas s&#8217;efforce de concr\u00e9tiser sa mission : devenir une r\u00e9f\u00e9rence dans le monde des bo\u00eetes de pr\u00e9sentation&hellip;\" \/>\n<meta property=\"og:url\" content=\"https:\/\/prix.formesdeluxe.com\/fr\/partenaires-2025-2\/salinas\/\" \/>\n<meta property=\"og:site_name\" content=\"Prix Formes de Luxe\" \/>\n<meta property=\"article:modified_time\" content=\"2026-01-22T11:17:18+00:00\" \/>\n<meta name=\"twitter:card\" content=\"summary_large_image\" \/>\n<meta name=\"twitter:label1\" content=\"Est. reading time\">\n\t<meta name=\"twitter:data1\" content=\"2 minutes\">\n<script type=\"application\/ld+json\" class=\"yoast-schema-graph\">{\"@context\":\"https:\/\/schema.org\",\"@graph\":[{\"@type\":\"WebSite\",\"@id\":\"https:\/\/prix.formesdeluxe.com\/#website\",\"url\":\"https:\/\/prix.formesdeluxe.com\/\",\"name\":\"Prix Formes de Luxe\",\"description\":\"Un site utilisant WordPress\",\"potentialAction\":[{\"@type\":\"SearchAction\",\"target\":\"https:\/\/prix.formesdeluxe.com\/?s={search_term_string}\",\"query-input\":\"required name=search_term_string\"}],\"inLanguage\":\"fr-FR\"},{\"@type\":\"WebPage\",\"@id\":\"https:\/\/prix.formesdeluxe.com\/fr\/partenaires-2025-2\/salinas\/#webpage\",\"url\":\"https:\/\/prix.formesdeluxe.com\/fr\/partenaires-2025-2\/salinas\/\",\"name\":\"Salinas - Prix Formes de Luxe\",\"isPartOf\":{\"@id\":\"https:\/\/prix.formesdeluxe.com\/#website\"},\"datePublished\":\"2025-07-02T14:31:29+00:00\",\"dateModified\":\"2026-01-22T11:17:18+00:00\",\"breadcrumb\":{\"@id\":\"https:\/\/prix.formesdeluxe.com\/fr\/partenaires-2025-2\/salinas\/#breadcrumb\"},\"inLanguage\":\"fr-FR\",\"potentialAction\":[{\"@type\":\"ReadAction\",\"target\":[\"https:\/\/prix.formesdeluxe.com\/fr\/partenaires-2025-2\/salinas\/\"]}]},{\"@type\":\"BreadcrumbList\",\"@id\":\"https:\/\/prix.formesdeluxe.com\/fr\/partenaires-2025-2\/salinas\/#breadcrumb\",\"itemListElement\":[{\"@type\":\"ListItem\",\"position\":1,\"item\":{\"@type\":\"WebPage\",\"@id\":\"https:\/\/prix.formesdeluxe.com\/fr\/\",\"url\":\"https:\/\/prix.formesdeluxe.com\/fr\/\",\"name\":\"Home\"}},{\"@type\":\"ListItem\",\"position\":2,\"item\":{\"@type\":\"WebPage\",\"@id\":\"https:\/\/prix.formesdeluxe.com\/fr\/partenaires-2025-2\/\",\"url\":\"https:\/\/prix.formesdeluxe.com\/fr\/partenaires-2025-2\/\",\"name\":\"Partenaires 2025\"}},{\"@type\":\"ListItem\",\"position\":3,\"item\":{\"@type\":\"WebPage\",\"@id\":\"https:\/\/prix.formesdeluxe.com\/fr\/partenaires-2025-2\/salinas\/\",\"url\":\"https:\/\/prix.formesdeluxe.com\/fr\/partenaires-2025-2\/salinas\/\",\"name\":\"Salinas\"}}]}]}<\/script>\n<!-- \/ Yoast SEO plugin. -->","_links":{"self":[{"href":"https:\/\/prix.formesdeluxe.com\/fr\/wp-json\/wp\/v2\/pages\/9629"}],"collection":[{"href":"https:\/\/prix.formesdeluxe.com\/fr\/wp-json\/wp\/v2\/pages"}],"about":[{"href":"https:\/\/prix.formesdeluxe.com\/fr\/wp-json\/wp\/v2\/types\/page"}],"author":[{"embeddable":true,"href":"https:\/\/prix.formesdeluxe.com\/fr\/wp-json\/wp\/v2\/users\/14"}],"replies":[{"embeddable":true,"href":"https:\/\/prix.formesdeluxe.com\/fr\/wp-json\/wp\/v2\/comments?post=9629"}],"version-history":[{"count":3,"href":"https:\/\/prix.formesdeluxe.com\/fr\/wp-json\/wp\/v2\/pages\/9629\/revisions"}],"predecessor-version":[{"id":9655,"href":"https:\/\/prix.formesdeluxe.com\/fr\/wp-json\/wp\/v2\/pages\/9629\/revisions\/9655"}],"up":[{"embeddable":true,"href":"https:\/\/prix.formesdeluxe.com\/fr\/wp-json\/wp\/v2\/pages\/9445"}],"wp:attachment":[{"href":"https:\/\/prix.formesdeluxe.com\/fr\/wp-json\/wp\/v2\/media?parent=9629"}],"curies":[{"name":"wp","href":"https:\/\/api.w.org\/{rel}","templated":true}]}}