{"id":9646,"date":"2025-07-02T16:38:31","date_gmt":"2025-07-02T14:38:31","guid":{"rendered":"https:\/\/prix.formesdeluxe.com\/?page_id=9646"},"modified":"2026-01-22T12:18:28","modified_gmt":"2026-01-22T11:18:28","slug":"nuon","status":"publish","type":"page","link":"https:\/\/prix.formesdeluxe.com\/fr\/partenaires-2025-2\/nuon\/","title":{"rendered":"NUON"},"content":{"rendered":"\n<div class=\"has-2-columns wp-block-columns\">\n<div class=\" wp-block-column\" style=\"flex-basis:33.33%\"><figure  class=\"block-img is-style-default  width-100 only-all\"><a href=\"https:\/\/www.nuonmedical.com\/\" target=\"_blank\"><img class=\"\" style=\"\" src=\"https:\/\/prix.formesdeluxe.com\/app\/uploads\/2024\/07\/Nuon_logo.jpg\" alt=\"\" width=\"945\" height=\"428\"><\/a><\/figure><\/div>\n\n\n\n<div class=\" wp-block-column\" style=\"flex-basis:66.66%\">\n<p>Nuon Medical Technologies est un sp\u00e9cialiste de l&#8217;am\u00e9lioration cosm\u00e9tique. Avec plus de 18 ans d&#8217;expertise en technologie m\u00e9dicale, Nuon a \u00e9t\u00e9 \u00e0 l&#8217;avant-garde du d\u00e9veloppement de solutions avanc\u00e9es pour les soins de la peau.<\/p>\n\n\n\n<p>En s&#8217;engageant \u00e0 am\u00e9liorer l&#8217;exp\u00e9rience de l&#8217;utilisateur gr\u00e2ce \u00e0 des applicateurs actifs et secondaires, sp\u00e9cialement con\u00e7us pour amplifier l&#8217;efficacit\u00e9 des produits cosm\u00e9tiques, le fournisseur dispose d&#8217;un vaste \u00e9ventail de technologies, allant de la phototh\u00e9rapie et des micro-courants aux vibrations ultrasoniques et aux \u00e9l\u00e9ments chauffants avanc\u00e9s. Appuy\u00e9e par un conseil de chercheurs scientifiques, Nuon con\u00e7oit ses produits pour qu&#8217;ils donnent des r\u00e9sultats remarquables, en s&#8217;appuyant sur son mod\u00e8le C.U.R.V.E : Compr\u00e9hension du client, ing\u00e9nierie inverse, am\u00e9lioration de la valeur par la conception, le d\u00e9veloppement et la satisfaction de l&#8217;utilisateur final.<\/p>\n\n\n\n<p>Chez Nuon, le d\u00e9veloppement durable est un principe directeur, mis en \u0153uvre par le biais de diverses pratiques \u00e9co-conscientes, garantissant que les innovations de l&#8217;entreprise s&#8217;alignent sur ses responsabilit\u00e9s environnementales. Gr\u00e2ce \u00e0 son approche collaborative, Nuon s&#8217;est impos\u00e9e comme un partenaire silencieux de certaines des marques les plus estim\u00e9es de l&#8217;industrie, leur fournissant des outils pour transformer leurs portefeuilles et red\u00e9finir le march\u00e9.<\/p>\n<\/div>\n<\/div>\n\n\n<div class=\"bttn-align-center\"><a href=\"https:\/\/www.nuonmedical.com\/\" target=\"_blank\" class=\"bttn has-color-1-bttn-color bttn--md\"><span class=\"bttn__cont-label-icon\"><span class=\"bttn__label\">Visiter le site web de NUON<\/span><i aria-hidden=\"true\" class=\" \"><\/i><\/span><\/a><\/div>\n\n<div  class=\"strate alignfull has-background-color-opacity-100\" style=\" background-position: 50% 50%;\"><div class=\"centrage\">\n\n<h1 class=\"has-text-align-center\">2025 <strong>PARTENAIRES<\/strong><\/h1>\n\n\n<div  class=\"strate alignfull has-background-color-opacity-100\" style=\" background-position: 50% 50%;\"><div class=\"centrage\">\n\n<div class=\"has-4-columns wp-block-columns alignwide are-vertically-aligned-center is-style-jc-space-between\">\n<div class=\" wp-block-column is-vertically-aligned-center\" style=\"flex-basis:25%\"><figure  class=\"block-img is-style-default alignwide width-100 only-all\"><a href=\"https:\/\/prix.formesdeluxe.com\/2025-partners\/devpack-2025\/\" target=\"_blank\"><img class=\"\" style=\"\" src=\"https:\/\/prix.formesdeluxe.com\/app\/uploads\/2025\/06\/logo-DPK.png\" alt=\"\" width=\"1905\" height=\"1100\"><\/a><\/figure><\/div>\n\n\n\n<div class=\" wp-block-column\" style=\"flex-basis:25%\"><figure  class=\"block-img is-style-default alignwide width-100 only-all\"><a href=\"https:\/\/prix.formesdeluxe.com\/2025-partners\/nuon2-2025\/\" target=\"_blank\"><img class=\"\" style=\"\" src=\"https:\/\/prix.formesdeluxe.com\/app\/uploads\/2024\/07\/Nuon_logo3-2.jpg\" alt=\"\" width=\"800\" height=\"362\"><\/a><\/figure><\/div>\n\n\n\n<div class=\" wp-block-column\" style=\"flex-basis:24.99%\"><figure  class=\"block-img   width-100 only-all\"><a href=\"https:\/\/prix.formesdeluxe.com\/2025-partners\/salinas-2025\/\" target=\"_self\"><img class=\"\" style=\"\" src=\"https:\/\/prix.formesdeluxe.com\/app\/uploads\/2025\/06\/Salinas-LOGO.png\" alt=\"\" width=\"939\" height=\"666\"><\/a><\/figure><\/div>\n\n\n\n<div class=\" wp-block-column\" style=\"flex-basis:25%\"><figure  class=\"block-img   width-100 only-all\"><a href=\"https:\/\/prix.formesdeluxe.com\/2025-partners\/visit-monaco-2025\/\" target=\"_self\"><img class=\"\" style=\"\" src=\"https:\/\/prix.formesdeluxe.com\/app\/uploads\/2024\/06\/Logo-Visit-Monaco-detoure_Sponsor.png\" alt=\"\" width=\"800\" height=\"247\"><\/a><\/figure><\/div>\n<\/div>\n\n<\/div><\/div>\n<\/div><\/div>","protected":false},"excerpt":{"rendered":"<p>Nuon Medical Technologies est un sp\u00e9cialiste de l&#8217;am\u00e9lioration cosm\u00e9tique. Avec plus de 18 ans d&#8217;expertise en technologie m\u00e9dicale, Nuon a&hellip;<\/p>\n","protected":false},"author":14,"featured_media":0,"parent":9445,"menu_order":0,"comment_status":"closed","ping_status":"closed","template":"","meta":[],"yoast_head":"<!-- This site is optimized with the Yoast SEO plugin v15.9.2 - https:\/\/yoast.com\/wordpress\/plugins\/seo\/ -->\n<meta name=\"robots\" content=\"index, follow, max-snippet:-1, max-image-preview:large, max-video-preview:-1\" \/>\n<link rel=\"canonical\" href=\"https:\/\/prix.formesdeluxe.com\/fr\/partenaires-2025-2\/nuon\/\" \/>\n<meta property=\"og:locale\" content=\"fr_FR\" \/>\n<meta property=\"og:type\" content=\"article\" \/>\n<meta property=\"og:title\" content=\"NUON - Prix Formes de Luxe\" \/>\n<meta property=\"og:description\" content=\"Nuon Medical Technologies est un sp\u00e9cialiste de l&#8217;am\u00e9lioration cosm\u00e9tique. Avec plus de 18 ans d&#8217;expertise en technologie m\u00e9dicale, Nuon a&hellip;\" \/>\n<meta property=\"og:url\" content=\"https:\/\/prix.formesdeluxe.com\/fr\/partenaires-2025-2\/nuon\/\" \/>\n<meta property=\"og:site_name\" content=\"Prix Formes de Luxe\" \/>\n<meta property=\"article:modified_time\" content=\"2026-01-22T11:18:28+00:00\" \/>\n<meta name=\"twitter:card\" content=\"summary_large_image\" \/>\n<meta name=\"twitter:label1\" content=\"Est. reading time\">\n\t<meta name=\"twitter:data1\" content=\"1 minute\">\n<script type=\"application\/ld+json\" class=\"yoast-schema-graph\">{\"@context\":\"https:\/\/schema.org\",\"@graph\":[{\"@type\":\"WebSite\",\"@id\":\"https:\/\/prix.formesdeluxe.com\/#website\",\"url\":\"https:\/\/prix.formesdeluxe.com\/\",\"name\":\"Prix Formes de Luxe\",\"description\":\"Un site utilisant WordPress\",\"potentialAction\":[{\"@type\":\"SearchAction\",\"target\":\"https:\/\/prix.formesdeluxe.com\/?s={search_term_string}\",\"query-input\":\"required name=search_term_string\"}],\"inLanguage\":\"fr-FR\"},{\"@type\":\"WebPage\",\"@id\":\"https:\/\/prix.formesdeluxe.com\/fr\/partenaires-2025-2\/nuon\/#webpage\",\"url\":\"https:\/\/prix.formesdeluxe.com\/fr\/partenaires-2025-2\/nuon\/\",\"name\":\"NUON - Prix Formes de Luxe\",\"isPartOf\":{\"@id\":\"https:\/\/prix.formesdeluxe.com\/#website\"},\"datePublished\":\"2025-07-02T14:38:31+00:00\",\"dateModified\":\"2026-01-22T11:18:28+00:00\",\"breadcrumb\":{\"@id\":\"https:\/\/prix.formesdeluxe.com\/fr\/partenaires-2025-2\/nuon\/#breadcrumb\"},\"inLanguage\":\"fr-FR\",\"potentialAction\":[{\"@type\":\"ReadAction\",\"target\":[\"https:\/\/prix.formesdeluxe.com\/fr\/partenaires-2025-2\/nuon\/\"]}]},{\"@type\":\"BreadcrumbList\",\"@id\":\"https:\/\/prix.formesdeluxe.com\/fr\/partenaires-2025-2\/nuon\/#breadcrumb\",\"itemListElement\":[{\"@type\":\"ListItem\",\"position\":1,\"item\":{\"@type\":\"WebPage\",\"@id\":\"https:\/\/prix.formesdeluxe.com\/fr\/\",\"url\":\"https:\/\/prix.formesdeluxe.com\/fr\/\",\"name\":\"Home\"}},{\"@type\":\"ListItem\",\"position\":2,\"item\":{\"@type\":\"WebPage\",\"@id\":\"https:\/\/prix.formesdeluxe.com\/fr\/partenaires-2025-2\/\",\"url\":\"https:\/\/prix.formesdeluxe.com\/fr\/partenaires-2025-2\/\",\"name\":\"Partenaires 2025\"}},{\"@type\":\"ListItem\",\"position\":3,\"item\":{\"@type\":\"WebPage\",\"@id\":\"https:\/\/prix.formesdeluxe.com\/fr\/partenaires-2025-2\/nuon\/\",\"url\":\"https:\/\/prix.formesdeluxe.com\/fr\/partenaires-2025-2\/nuon\/\",\"name\":\"NUON\"}}]}]}<\/script>\n<!-- \/ Yoast SEO plugin. -->","_links":{"self":[{"href":"https:\/\/prix.formesdeluxe.com\/fr\/wp-json\/wp\/v2\/pages\/9646"}],"collection":[{"href":"https:\/\/prix.formesdeluxe.com\/fr\/wp-json\/wp\/v2\/pages"}],"about":[{"href":"https:\/\/prix.formesdeluxe.com\/fr\/wp-json\/wp\/v2\/types\/page"}],"author":[{"embeddable":true,"href":"https:\/\/prix.formesdeluxe.com\/fr\/wp-json\/wp\/v2\/users\/14"}],"replies":[{"embeddable":true,"href":"https:\/\/prix.formesdeluxe.com\/fr\/wp-json\/wp\/v2\/comments?post=9646"}],"version-history":[{"count":2,"href":"https:\/\/prix.formesdeluxe.com\/fr\/wp-json\/wp\/v2\/pages\/9646\/revisions"}],"predecessor-version":[{"id":10168,"href":"https:\/\/prix.formesdeluxe.com\/fr\/wp-json\/wp\/v2\/pages\/9646\/revisions\/10168"}],"up":[{"embeddable":true,"href":"https:\/\/prix.formesdeluxe.com\/fr\/wp-json\/wp\/v2\/pages\/9445"}],"wp:attachment":[{"href":"https:\/\/prix.formesdeluxe.com\/fr\/wp-json\/wp\/v2\/media?parent=9646"}],"curies":[{"name":"wp","href":"https:\/\/api.w.org\/{rel}","templated":true}]}}