{"id":9792,"date":"2026-01-22T12:15:33","date_gmt":"2026-01-22T11:15:33","guid":{"rendered":"https:\/\/prix.formesdeluxe.com\/?page_id=9792"},"modified":"2026-01-22T12:15:52","modified_gmt":"2026-01-22T11:15:52","slug":"oriol-fontanel-fr","status":"publish","type":"page","link":"https:\/\/prix.formesdeluxe.com\/fr\/partenaires-2025-2\/oriol-fontanel-fr\/","title":{"rendered":"Oriol &#038; Fontanel"},"content":{"rendered":"\n<div class=\"has-2-columns wp-block-columns\">\n<div class=\" wp-block-column\" style=\"flex-basis:33.33%\"><figure  class=\"block-img is-style-default  width-100 only-all\"><a href=\"https:\/\/www.visitmonaco.com\/en\" target=\"_blank\"><img class=\"\" style=\"\" src=\"https:\/\/prix.formesdeluxe.com\/app\/uploads\/2025\/07\/Oriol-Fontanel-LOGO-2025-1.jpg\" alt=\"\" width=\"1820\" height=\"830\"><\/a><\/figure><\/div>\n\n\n\n<div class=\" wp-block-column\" style=\"flex-basis:66.66%\">\n<p>Oriol &amp; Fontanel, entreprise labellis\u00e9e Entreprise du Patrimoine Vivant, s&#8217;est impos\u00e9e comme le sp\u00e9cialiste fran\u00e7ais de la fabrication sur mesure de rubans, cordons, n\u0153uds, pompons et ornements textiles. Artisan du d\u00e9tail, elle met son savoir-faire au service de ses clients dans des secteurs tels que la beaut\u00e9, les parfums et cosm\u00e9tiques, les vins et spiritueux, l&#8217;\u00e9picerie fine\u2026<\/p>\n\n\n\n<p>Dans un march\u00e9 de plus en plus concurrentiel, la ma\u00eetrise de la sous-traitance industrielle \u00e0 l&#8217;\u00e9tranger et les partenariats internationaux du fournisseur lui permettent d&#8217;offrir des tarifs comp\u00e9titifs adapt\u00e9s aux quantit\u00e9s et aux besoins de ses clients. La production de rubans 100 % int\u00e9gr\u00e9e et Made in France d&#8217;Oriol &amp; Fontanel, de la filature \u00e0 l&#8217;impression, permet au fournisseur de r\u00e9agir rapidement et de r\u00e9pondre aux besoins de ses clients.<\/p>\n\n\n\n<p>Gr\u00e2ce \u00e0 ses diff\u00e9rentes filiales, renforc\u00e9es par l&#8217;union de ses comp\u00e9tences, le fournisseur s&#8217;efforce d&#8217;apporter \u00e0 plus de 4 000 clients dans le monde entier une r\u00e9ponse adapt\u00e9e \u00e0 chaque demande. Le groupe fournit des produits \u00e0 des g\u00e9ants de l&#8217;industrie tels que LVMH, L&#8217;Or\u00e9al, Kering, Chanel, ainsi que Weiss, Fragonard, L&#8217;Occitane\u2026<\/p>\n\n\n\n<p>Le d\u00e9veloppement de son offre de rubans \u00e9co-con\u00e7us, notamment en Tencel certifi\u00e9 FSC\u00ae et en coton GOTS, conna\u00eet une croissance annuelle et constitue depuis plusieurs ann\u00e9es un pilier de son engagement en faveur de la protection de l&#8217;environnement.<\/p>\n\n\n\n<p>2025 renforce encore cet engagement avec la r\u00e9alisation du premier rapport d&#8217;\u00e9valuation de l&#8217;empreinte carbone de l&#8217;entreprise afin d&#8217;identifier les enjeux cl\u00e9s et les domaines \u00e0 am\u00e9liorer en permanence. Oriol &amp; Fontanel a \u00e9galement \u00e9t\u00e9 r\u00e9compens\u00e9 dans la cat\u00e9gorie Troph\u00e9e de la transparence lors de la premi\u00e8re \u00e9dition des Troph\u00e9es de la RSE organis\u00e9s par L&#8217;Essor Affiches Loire et Les entreprises s&#8217;engagent.<\/p>\n\n\n\n<p>\u00ab Notre histoire est celle d&#8217;un lien tiss\u00e9 entre tradition et modernit\u00e9, cr\u00e9ativit\u00e9 et savoir-faire \u00bb, note le fournisseur.<\/p>\n<\/div>\n<\/div>\n\n\n<div class=\"bttn-align-center\"><a href=\"https:\/\/www.oriol-fontanel.fr\/en\/\" target=\"_blank\" class=\"bttn has-color-1-bttn-color bttn--md\"><span class=\"bttn__cont-label-icon\"><span class=\"bttn__label\">Visitez le site web d&#8217;Oriol &#038; Fontanel<\/span><i aria-hidden=\"true\" class=\" \"><\/i><\/span><\/a><\/div>\n\n\n<div class=\"has-5-columns wp-block-columns alignwide are-vertically-aligned-center is-style-jc-space-between\">\n<div class=\" wp-block-column is-vertically-aligned-center\" style=\"flex-basis:20%\"><figure  class=\"block-img is-style-default alignwide width-100 only-all\"><a href=\"https:\/\/prix.formesdeluxe.com\/2025-partners\/devpack-2025\/\" target=\"_blank\"><img class=\"\" style=\"\" src=\"https:\/\/prix.formesdeluxe.com\/app\/uploads\/2025\/06\/logo-DevPack.png\" alt=\"\" width=\"1557\" height=\"405\"><\/a><\/figure><\/div>\n\n\n\n<div class=\" wp-block-column\" style=\"flex-basis:20%\"><figure  class=\"block-img is-style-default alignwide width-100 only-all\"><a href=\"https:\/\/prix.formesdeluxe.com\/2025-partners\/nuon2-2025\/\" target=\"_blank\"><img class=\"\" style=\"\" src=\"https:\/\/prix.formesdeluxe.com\/app\/uploads\/2024\/07\/Nuon_logo3-2.jpg\" alt=\"\" width=\"800\" height=\"362\"><\/a><\/figure><\/div>\n\n\n\n<div class=\" wp-block-column\" style=\"flex-basis:19.99%\"><figure  class=\"block-img   width-75 only-all\"><a href=\"https:\/\/prix.formesdeluxe.com\/2025-partners\/salinas-2025\/\" target=\"_self\"><img class=\"\" style=\"\" src=\"https:\/\/prix.formesdeluxe.com\/app\/uploads\/2025\/06\/Salinas-LOGO.png\" alt=\"\" width=\"939\" height=\"666\"><\/a><\/figure><\/div>\n\n\n\n<div class=\" wp-block-column\" style=\"flex-basis:20%\"><figure  class=\"block-img   width-75 only-all\"><a href=\"https:\/\/prix.formesdeluxe.com\/2025-partners\/visit-monaco-2025\/\" target=\"_self\"><img class=\"\" style=\"\" src=\"https:\/\/prix.formesdeluxe.com\/app\/uploads\/2024\/06\/Logo-Visit-Monaco-detoure_Sponsor.png\" alt=\"\" width=\"800\" height=\"247\"><\/a><\/figure><\/div>\n\n\n\n<div class=\" wp-block-column\" style=\"flex-basis:20%\"><figure  class=\"block-img   width-100 only-all\"><a href=\"https:\/\/prix.formesdeluxe.com\/2025-partners\/oriol-fontanel-2025\/\" target=\"_self\"><img class=\"\" style=\"\" src=\"https:\/\/prix.formesdeluxe.com\/app\/uploads\/2025\/07\/Oriol-Fontanel-LOGO-2025.jpg\" alt=\"\" width=\"1820\" height=\"830\"><\/a><\/figure><\/div>\n<\/div>\n","protected":false},"excerpt":{"rendered":"<p>Oriol &amp; Fontanel, entreprise labellis\u00e9e Entreprise du Patrimoine Vivant, s&#8217;est impos\u00e9e comme le sp\u00e9cialiste fran\u00e7ais de la fabrication sur mesure&hellip;<\/p>\n","protected":false},"author":14,"featured_media":0,"parent":9445,"menu_order":0,"comment_status":"closed","ping_status":"closed","template":"","meta":[],"yoast_head":"<!-- This site is optimized with the Yoast SEO plugin v15.9.2 - https:\/\/yoast.com\/wordpress\/plugins\/seo\/ -->\n<meta name=\"robots\" content=\"index, follow, max-snippet:-1, max-image-preview:large, max-video-preview:-1\" \/>\n<link rel=\"canonical\" href=\"https:\/\/prix.formesdeluxe.com\/fr\/partenaires-2025-2\/oriol-fontanel-fr\/\" \/>\n<meta property=\"og:locale\" content=\"fr_FR\" \/>\n<meta property=\"og:type\" content=\"article\" \/>\n<meta property=\"og:title\" content=\"Oriol &amp; Fontanel - Prix Formes de Luxe\" \/>\n<meta property=\"og:description\" content=\"Oriol &amp; Fontanel, entreprise labellis\u00e9e Entreprise du Patrimoine Vivant, s&#8217;est impos\u00e9e comme le sp\u00e9cialiste fran\u00e7ais de la fabrication sur mesure&hellip;\" \/>\n<meta property=\"og:url\" content=\"https:\/\/prix.formesdeluxe.com\/fr\/partenaires-2025-2\/oriol-fontanel-fr\/\" \/>\n<meta property=\"og:site_name\" content=\"Prix Formes de Luxe\" \/>\n<meta property=\"article:modified_time\" content=\"2026-01-22T11:15:52+00:00\" \/>\n<meta name=\"twitter:card\" content=\"summary_large_image\" \/>\n<meta name=\"twitter:label1\" content=\"Est. reading time\">\n\t<meta name=\"twitter:data1\" content=\"2 minutes\">\n<script type=\"application\/ld+json\" class=\"yoast-schema-graph\">{\"@context\":\"https:\/\/schema.org\",\"@graph\":[{\"@type\":\"WebSite\",\"@id\":\"https:\/\/prix.formesdeluxe.com\/#website\",\"url\":\"https:\/\/prix.formesdeluxe.com\/\",\"name\":\"Prix Formes de Luxe\",\"description\":\"Un site utilisant WordPress\",\"potentialAction\":[{\"@type\":\"SearchAction\",\"target\":\"https:\/\/prix.formesdeluxe.com\/?s={search_term_string}\",\"query-input\":\"required name=search_term_string\"}],\"inLanguage\":\"fr-FR\"},{\"@type\":\"WebPage\",\"@id\":\"https:\/\/prix.formesdeluxe.com\/fr\/partenaires-2025-2\/oriol-fontanel-fr\/#webpage\",\"url\":\"https:\/\/prix.formesdeluxe.com\/fr\/partenaires-2025-2\/oriol-fontanel-fr\/\",\"name\":\"Oriol & Fontanel - Prix Formes de Luxe\",\"isPartOf\":{\"@id\":\"https:\/\/prix.formesdeluxe.com\/#website\"},\"datePublished\":\"2026-01-22T11:15:33+00:00\",\"dateModified\":\"2026-01-22T11:15:52+00:00\",\"breadcrumb\":{\"@id\":\"https:\/\/prix.formesdeluxe.com\/fr\/partenaires-2025-2\/oriol-fontanel-fr\/#breadcrumb\"},\"inLanguage\":\"fr-FR\",\"potentialAction\":[{\"@type\":\"ReadAction\",\"target\":[\"https:\/\/prix.formesdeluxe.com\/fr\/partenaires-2025-2\/oriol-fontanel-fr\/\"]}]},{\"@type\":\"BreadcrumbList\",\"@id\":\"https:\/\/prix.formesdeluxe.com\/fr\/partenaires-2025-2\/oriol-fontanel-fr\/#breadcrumb\",\"itemListElement\":[{\"@type\":\"ListItem\",\"position\":1,\"item\":{\"@type\":\"WebPage\",\"@id\":\"https:\/\/prix.formesdeluxe.com\/fr\/\",\"url\":\"https:\/\/prix.formesdeluxe.com\/fr\/\",\"name\":\"Home\"}},{\"@type\":\"ListItem\",\"position\":2,\"item\":{\"@type\":\"WebPage\",\"@id\":\"https:\/\/prix.formesdeluxe.com\/fr\/partenaires-2025-2\/\",\"url\":\"https:\/\/prix.formesdeluxe.com\/fr\/partenaires-2025-2\/\",\"name\":\"Partenaires 2025\"}},{\"@type\":\"ListItem\",\"position\":3,\"item\":{\"@type\":\"WebPage\",\"@id\":\"https:\/\/prix.formesdeluxe.com\/fr\/partenaires-2025-2\/oriol-fontanel-fr\/\",\"url\":\"https:\/\/prix.formesdeluxe.com\/fr\/partenaires-2025-2\/oriol-fontanel-fr\/\",\"name\":\"Oriol &#038; Fontanel\"}}]}]}<\/script>\n<!-- \/ Yoast SEO plugin. -->","_links":{"self":[{"href":"https:\/\/prix.formesdeluxe.com\/fr\/wp-json\/wp\/v2\/pages\/9792"}],"collection":[{"href":"https:\/\/prix.formesdeluxe.com\/fr\/wp-json\/wp\/v2\/pages"}],"about":[{"href":"https:\/\/prix.formesdeluxe.com\/fr\/wp-json\/wp\/v2\/types\/page"}],"author":[{"embeddable":true,"href":"https:\/\/prix.formesdeluxe.com\/fr\/wp-json\/wp\/v2\/users\/14"}],"replies":[{"embeddable":true,"href":"https:\/\/prix.formesdeluxe.com\/fr\/wp-json\/wp\/v2\/comments?post=9792"}],"version-history":[{"count":2,"href":"https:\/\/prix.formesdeluxe.com\/fr\/wp-json\/wp\/v2\/pages\/9792\/revisions"}],"predecessor-version":[{"id":9795,"href":"https:\/\/prix.formesdeluxe.com\/fr\/wp-json\/wp\/v2\/pages\/9792\/revisions\/9795"}],"up":[{"embeddable":true,"href":"https:\/\/prix.formesdeluxe.com\/fr\/wp-json\/wp\/v2\/pages\/9445"}],"wp:attachment":[{"href":"https:\/\/prix.formesdeluxe.com\/fr\/wp-json\/wp\/v2\/media?parent=9792"}],"curies":[{"name":"wp","href":"https:\/\/api.w.org\/{rel}","templated":true}]}}