{"id":9847,"date":"2026-01-29T14:55:23","date_gmt":"2026-01-29T13:55:23","guid":{"rendered":"https:\/\/prix.formesdeluxe.com\/?page_id=9847"},"modified":"2026-02-23T16:43:38","modified_gmt":"2026-02-23T15:43:38","slug":"2026-2","status":"publish","type":"page","link":"https:\/\/prix.formesdeluxe.com\/fr\/2026-2\/","title":{"rendered":"2026"},"content":{"rendered":"<div  class=\"strate alignfull has-background-color-opacity-100\" style=\" background-position: 50% 50%;\"><div class=\"centrage\">\n\n<div class=\"has-3-columns wp-block-columns\">\n<div class=\" wp-block-column\"><section class=\"card-simple has-background has-color-2-background-color has-box-shadow is-lien has-text-align-center\" style=\"box-shadow:0px 5px 15px  rgba(0,0,0,0.1);\"><a href=\"https:\/\/prix.formesdeluxe.com\/2026-competition\/\" target=\"_self\" class=\"card-simple__wrapper-lien\"><div class=\"card-simple__cont-infos\"><h3 class=\"card-simple__titre \">COMP\u00c9TITION<\/h3><div class=\"card-simple__content\"><p>Cliquez ici pour plus d&#8217;informations sur la comp\u00e9tition de 2026<br><\/p><\/div><\/div><\/a><\/section>\n\n<section class=\"card-simple has-background has-color-2-background-color has-box-shadow is-lien has-text-align-center\" style=\"box-shadow:0px 5px 15px  rgba(0,0,0,0.1);\"><a href=\"https:\/\/prix.formesdeluxe.com\/2026-partners\/\" target=\"_self\" class=\"card-simple__wrapper-lien\"><div class=\"card-simple__cont-infos\"><h3 class=\"card-simple__titre has-white-color\">PARTNENAIRES<\/h3><div class=\"card-simple__content\"><p><br>Cliquez ici pour plus d&#8217;informations sur les partenaires.<\/p><\/div><\/div><\/a><\/section>\n\n<section class=\"card-simple has-background has-color-2-background-color has-box-shadow has-text-align-center\" style=\"box-shadow:0px 5px 15px  rgba(0,0,0,0.1);\"><div><div class=\"card-simple__cont-infos\"><h3 class=\"card-simple__titre has-white-color\">LES NOMIN\u00c9S<\/h3><div class=\"card-simple__content\"><p>Restez connect\u00e9 pour d\u00e9couvrir les nomin\u00e9es <br>pour les Prix Formes de Luxe 2026.<\/p><\/div><\/div><\/div><\/section><\/div>\n\n\n\n<div class=\" wp-block-column\"><section class=\"card-simple has-background has-color-2-background-color has-box-shadow is-lien has-text-align-center\" style=\"box-shadow:0px 5px 15px  rgba(0,0,0,0.1);\"><a href=\"https:\/\/prix.formesdeluxe.com\/competition-rules-2026\/\" target=\"_self\" class=\"card-simple__wrapper-lien\"><div class=\"card-simple__cont-infos\"><h3 class=\"card-simple__titre \">R\u00c8GLES DE LA COMP\u00c9TITION<\/h3><div class=\"card-simple__content\"><p>Cliquez ici pour plus d&#8217;informations sur les r\u00e8gles de la comp\u00e9tition de 2026.<br><\/p><\/div><\/div><\/a><\/section>\n\n<section class=\"card-simple has-background has-color-2-background-color has-box-shadow has-text-align-center\" style=\"box-shadow:0px 5px 15px  rgba(0,0,0,0.1);\"><div><div class=\"card-simple__cont-infos\"><h3 class=\"card-simple__titre has-white-color\">JURY<\/h3><div class=\"card-simple__content\"><p><br>\u00c0 venir&#8230;<\/p><\/div><\/div><\/div><\/section><\/div>\n\n\n\n<div class=\" wp-block-column\"><section class=\"card-simple has-background has-color-2-background-color has-box-shadow is-lien has-text-align-center\" style=\"box-shadow:0px 5px 15px  rgba(0,0,0,0.1);\"><a href=\"https:\/\/prix.formesdeluxe.com\/2026-application\/\" target=\"_self\" class=\"card-simple__wrapper-lien\"><div class=\"card-simple__cont-infos\"><h3 class=\"card-simple__titre \">CANDIDATURE<\/h3><div class=\"card-simple__content\"><p>Cliquez ici pour plus d&#8217;informations sur le processus de candidature pour 2026.<br><\/p><\/div><\/div><\/a><\/section>\n\n<section class=\"card-simple has-background has-color-2-background-color has-box-shadow has-text-align-center\" style=\"box-shadow:0px 5px 15px  rgba(0,0,0,0.1);\"><div><div class=\"card-simple__cont-infos\"><h3 class=\"card-simple__titre has-white-color\">C\u00c9R\u00c9MONIE<\/h3><div class=\"card-simple__content\"><p>Le 28 Septembre 2026<br>Grimaldi Forum, Monaco<\/p><\/div><\/div><\/div><\/section><\/div>\n<\/div>\n\n\n<div  class=\"strate alignfull has-background-color-opacity-100\" style=\" background-position: 50% 50%;\"><div class=\"centrage\">\n\n<h2 class=\"has-text-align-center\">LES PARTENAIRES DE 2026<\/h2>\n\n\n\n<div class=\"has-3-columns wp-block-columns alignwide are-vertically-aligned-center is-style-jc-space-between\">\n<div class=\" wp-block-column is-vertically-aligned-center\" style=\"flex-basis:25%\"><figure  class=\"block-img is-style-default alignwide width-100 only-all\"><a href=\"https:\/\/prix.formesdeluxe.com\/2026-partners\/devpack-2026\/\" target=\"_blank\"><img class=\"\" style=\"\" src=\"https:\/\/prix.formesdeluxe.com\/app\/uploads\/2026\/02\/3.png\" alt=\"\" width=\"2000\" height=\"1000\"><\/a><\/figure><\/div>\n\n\n\n<div class=\" wp-block-column\" style=\"flex-basis:25%\"><figure  class=\"block-img is-style-default alignwide width-100 only-all\"><a href=\"https:\/\/prix.formesdeluxe.com\/2026-partners\/nuon-2026\/\" target=\"_blank\"><img class=\"\" style=\"\" src=\"https:\/\/prix.formesdeluxe.com\/app\/uploads\/2026\/02\/2.jpg\" alt=\"\" width=\"2000\" height=\"1000\"><\/a><\/figure><\/div>\n\n\n\n<div class=\" wp-block-column\" style=\"flex-basis:25%\"><figure  class=\"block-img is-style-default alignwide width-100 only-all\"><a href=\"https:\/\/prix.formesdeluxe.com\/2026-partners\/visit-monaco-2026\/\" target=\"_blank\"><img class=\"\" style=\"\" src=\"https:\/\/prix.formesdeluxe.com\/app\/uploads\/2026\/02\/1.png\" alt=\"\" width=\"2000\" height=\"1000\"><\/a><\/figure><\/div>\n<\/div>\n\n<\/div><\/div>\n<\/div><\/div>","protected":false},"excerpt":{"rendered":"","protected":false},"author":14,"featured_media":0,"parent":0,"menu_order":0,"comment_status":"closed","ping_status":"closed","template":"","meta":[],"yoast_head":"<!-- This site is optimized with the Yoast SEO plugin v15.9.2 - https:\/\/yoast.com\/wordpress\/plugins\/seo\/ -->\n<meta name=\"robots\" content=\"index, follow, max-snippet:-1, max-image-preview:large, max-video-preview:-1\" \/>\n<link rel=\"canonical\" href=\"https:\/\/prix.formesdeluxe.com\/fr\/2026-2\/\" \/>\n<meta property=\"og:locale\" content=\"fr_FR\" \/>\n<meta property=\"og:type\" content=\"article\" \/>\n<meta property=\"og:title\" content=\"2026 - Prix Formes de Luxe\" \/>\n<meta property=\"og:url\" content=\"https:\/\/prix.formesdeluxe.com\/fr\/2026-2\/\" \/>\n<meta property=\"og:site_name\" content=\"Prix Formes de Luxe\" \/>\n<meta property=\"article:modified_time\" content=\"2026-02-23T15:43:38+00:00\" \/>\n<meta name=\"twitter:card\" content=\"summary_large_image\" \/>\n<meta name=\"twitter:label1\" content=\"Est. reading time\">\n\t<meta name=\"twitter:data1\" content=\"1 minute\">\n<script type=\"application\/ld+json\" class=\"yoast-schema-graph\">{\"@context\":\"https:\/\/schema.org\",\"@graph\":[{\"@type\":\"WebSite\",\"@id\":\"https:\/\/prix.formesdeluxe.com\/#website\",\"url\":\"https:\/\/prix.formesdeluxe.com\/\",\"name\":\"Prix Formes de Luxe\",\"description\":\"Un site utilisant WordPress\",\"potentialAction\":[{\"@type\":\"SearchAction\",\"target\":\"https:\/\/prix.formesdeluxe.com\/?s={search_term_string}\",\"query-input\":\"required name=search_term_string\"}],\"inLanguage\":\"fr-FR\"},{\"@type\":\"WebPage\",\"@id\":\"https:\/\/prix.formesdeluxe.com\/fr\/2026-2\/#webpage\",\"url\":\"https:\/\/prix.formesdeluxe.com\/fr\/2026-2\/\",\"name\":\"2026 - Prix Formes de Luxe\",\"isPartOf\":{\"@id\":\"https:\/\/prix.formesdeluxe.com\/#website\"},\"datePublished\":\"2026-01-29T13:55:23+00:00\",\"dateModified\":\"2026-02-23T15:43:38+00:00\",\"breadcrumb\":{\"@id\":\"https:\/\/prix.formesdeluxe.com\/fr\/2026-2\/#breadcrumb\"},\"inLanguage\":\"fr-FR\",\"potentialAction\":[{\"@type\":\"ReadAction\",\"target\":[\"https:\/\/prix.formesdeluxe.com\/fr\/2026-2\/\"]}]},{\"@type\":\"BreadcrumbList\",\"@id\":\"https:\/\/prix.formesdeluxe.com\/fr\/2026-2\/#breadcrumb\",\"itemListElement\":[{\"@type\":\"ListItem\",\"position\":1,\"item\":{\"@type\":\"WebPage\",\"@id\":\"https:\/\/prix.formesdeluxe.com\/fr\/\",\"url\":\"https:\/\/prix.formesdeluxe.com\/fr\/\",\"name\":\"Home\"}},{\"@type\":\"ListItem\",\"position\":2,\"item\":{\"@type\":\"WebPage\",\"@id\":\"https:\/\/prix.formesdeluxe.com\/fr\/2026-2\/\",\"url\":\"https:\/\/prix.formesdeluxe.com\/fr\/2026-2\/\",\"name\":\"2026\"}}]}]}<\/script>\n<!-- \/ Yoast SEO plugin. -->","_links":{"self":[{"href":"https:\/\/prix.formesdeluxe.com\/fr\/wp-json\/wp\/v2\/pages\/9847"}],"collection":[{"href":"https:\/\/prix.formesdeluxe.com\/fr\/wp-json\/wp\/v2\/pages"}],"about":[{"href":"https:\/\/prix.formesdeluxe.com\/fr\/wp-json\/wp\/v2\/types\/page"}],"author":[{"embeddable":true,"href":"https:\/\/prix.formesdeluxe.com\/fr\/wp-json\/wp\/v2\/users\/14"}],"replies":[{"embeddable":true,"href":"https:\/\/prix.formesdeluxe.com\/fr\/wp-json\/wp\/v2\/comments?post=9847"}],"version-history":[{"count":5,"href":"https:\/\/prix.formesdeluxe.com\/fr\/wp-json\/wp\/v2\/pages\/9847\/revisions"}],"predecessor-version":[{"id":10145,"href":"https:\/\/prix.formesdeluxe.com\/fr\/wp-json\/wp\/v2\/pages\/9847\/revisions\/10145"}],"wp:attachment":[{"href":"https:\/\/prix.formesdeluxe.com\/fr\/wp-json\/wp\/v2\/media?parent=9847"}],"curies":[{"name":"wp","href":"https:\/\/api.w.org\/{rel}","templated":true}]}}